{"id":1088,"date":"2020-10-04T19:18:11","date_gmt":"2020-10-04T19:18:11","guid":{"rendered":"https:\/\/movimientobiodanza.com\/wordpress\/?page_id=1088"},"modified":"2022-10-07T18:44:56","modified_gmt":"2022-10-07T18:44:56","slug":"accion-social","status":"publish","type":"page","link":"https:\/\/movimientobiodanza.com\/wordpress\/accion-social\/","title":{"rendered":"Acci\u00f3n Social <!-- Biodanza -->"},"content":{"rendered":"<p>[et_pb_section fb_built=&#8221;1&#8243; _builder_version=&#8221;4.6.0&#8243; _module_preset=&#8221;default&#8221; background_color=&#8221;#353535&#8243; background_image=&#8221;https:\/\/movimientobiodanza.com\/wordpress\/wp-content\/uploads\/2020\/09\/Fondo-web.png&#8221; background_size=&#8221;contain&#8221; background_position=&#8221;top_center&#8221; global_colors_info=&#8221;{}&#8221;][et_pb_row _builder_version=&#8221;4.6.0&#8243; _module_preset=&#8221;default&#8221; width=&#8221;100%&#8221; global_colors_info=&#8221;{}&#8221;][et_pb_column type=&#8221;4_4&#8243; _builder_version=&#8221;4.6.0&#8243; _module_preset=&#8221;default&#8221; global_colors_info=&#8221;{}&#8221;][et_pb_image src=&#8221;https:\/\/movimientobiodanza.com\/wordpress\/wp-content\/uploads\/2020\/09\/Logo_Biodanza_redondo.png&#8221; title_text=&#8221;Logo_Biodanza_redondo&#8221; align=&#8221;center&#8221; _builder_version=&#8221;4.6.0&#8243; _module_preset=&#8221;default&#8221; global_colors_info=&#8221;{}&#8221;][\/et_pb_image][et_pb_menu menu_id=&#8221;12&#8243; menu_style=&#8221;centered&#8221; dropdown_menu_bg_color=&#8221;#ffffff&#8221; _builder_version=&#8221;4.12.1&#8243; _module_preset=&#8221;default&#8221; background_color=&#8221;rgba(0,0,0,0)&#8221; global_colors_info=&#8221;{}&#8221;][\/et_pb_menu][et_pb_social_media_follow _builder_version=&#8221;4.12.1&#8243; _module_preset=&#8221;default&#8221; text_orientation=&#8221;center&#8221; hover_enabled=&#8221;0&#8243; global_colors_info=&#8221;{}&#8221; sticky_enabled=&#8221;0&#8243;][et_pb_social_media_follow_network social_network=&#8221;instagram&#8221; url=&#8221;https:\/\/www.instagram.com\/biodanzamariagraciaysandra\/&#8221; _builder_version=&#8221;4.12.1&#8243; _module_preset=&#8221;default&#8221; background_color=&#8221;#ea2c59&#8243; hover_enabled=&#8221;0&#8243; global_colors_info=&#8221;{}&#8221; follow_button=&#8221;off&#8221; url_new_window=&#8221;on&#8221; sticky_enabled=&#8221;0&#8243;]instagram[\/et_pb_social_media_follow_network][et_pb_social_media_follow_network social_network=&#8221;facebook&#8221; url=&#8221;https:\/\/www.facebook.com\/mariagraciabiodanzamexico\/&#8221; _builder_version=&#8221;4.6.0&#8243; _module_preset=&#8221;default&#8221; background_color=&#8221;#3b5998&#8243; global_colors_info=&#8221;{}&#8221; follow_button=&#8221;off&#8221; url_new_window=&#8221;on&#8221;]facebook[\/et_pb_social_media_follow_network][\/et_pb_social_media_follow][\/et_pb_column][\/et_pb_row][et_pb_row _builder_version=&#8221;4.6.0&#8243; _module_preset=&#8221;default&#8221; background_color=&#8221;#ffffff&#8221; width=&#8221;100%&#8221; custom_padding=&#8221;2px|20px||20px|false|false&#8221; global_colors_info=&#8221;{}&#8221;][et_pb_column type=&#8221;4_4&#8243; _builder_version=&#8221;4.6.0&#8243; _module_preset=&#8221;default&#8221; global_colors_info=&#8221;{}&#8221;][et_pb_text content_last_edited=&#8221;off|desktop&#8221; _builder_version=&#8221;4.12.1&#8243; _module_preset=&#8221;default&#8221; text_font=&#8221;Lobster Two||||||||&#8221; text_text_color=&#8221;#3A5795&#8243; text_font_size=&#8221;22px&#8221; header_font=&#8221;Lato||||||||&#8221; header_font_size=&#8221;20px&#8221; background_color=&#8221;#ffffff&#8221; text_orientation=&#8221;justified&#8221; custom_padding=&#8221;40px|40px|40px|40px|false|false&#8221; global_colors_info=&#8221;{}&#8221;]<\/p>\n<h1 class=\"uk-article-title\" style=\"text-align: center; font-size: 26px;\"><span style=\"color: #3a5795;\"><strong>ACCI\u00d3N SOCIAL<\/strong><\/span><\/h1>\n<p>&nbsp;<\/p>\n<p>El Movimiento Biodanza, cree y trabaja categ\u00f3ricamente por la edificaci\u00f3n de una nueva humanidad. Sabemos que la entrega y el &#8220;servicio&#8221; son una forma maravillosa de lograrlo, adem\u00e1s de la profunda gratificaci\u00f3n que significa poder compartir lo que somos y hacemos, por la sola alegr\u00eda de hacerlo con quienes m\u00e1s lo necesitan y no puedan acceder a este tipo de experiencias por no contar con los recursos financieros necesarios.<\/p>\n<p>Por ello, el Movimiento Biodanza, se desplaza a lugares donde es posible tocar los corazones de muchos seres humanos vulnerados, tales como: Mujeres privadas de Libertad, P\u00faberes embarazadas, J\u00f3venes con C\u00e1ncer, Escuelas de ni\u00f1@s vulnerables, Madres sustitutas de ni\u00f1@s en situaci\u00f3n de abandono o riesgo social, Mujeres en adaptaci\u00f3n a una nueva vida luego de su privaci\u00f3n de libertad, Mujeres con C\u00e1ncer de Mama, entre otras experiencias, a lo largo de estos 8 a\u00f1os de entrega.<\/p>\n<p>Y as\u00ed vamos sembrando una semilla de esperanza en cada lugar donde somos invitados a Danzar la Vida, sin excepci\u00f3n alguna. Comprendiendo que el sistema Biodanza ha de compartirse especialmente con los que m\u00e1s lo necesitan para provocar progresivamente la revoluci\u00f3n social que el despertar del AMOR hace posible.<\/p>\n<p>Much\u00edsimas gracias por abrir las puertas de sus casas, centros, organizaciones sociales e instituciones para que podamos servirles.<\/p>\n<p><span style=\"color: #02bccb;\">&#8220;Dorm\u00eda y so\u00f1aba que la vida era alegr\u00eda, despert\u00e9 y vi que la vida era servicio, serv\u00ed y v\u00ed que el servicio era alegr\u00eda&#8221;.<\/span><\/p>\n<p><span style=\"color: #02bccb;\">R. Tagore<\/span>[\/et_pb_text][et_pb_gallery gallery_ids=&#8221;1092,1093,1094,1095,1096,1097,1098,1099,1100,1101,1102,1103,1104,1105,1106,1107,1108,1109,1110,1111,1112,1113,1114,1115,1116,1117,1118,1119,1120,1121,1122,1123,1124,1125,1126,1127,1128,1129,1130,1131,1132,1133,1134,1135&#8243; posts_number=&#8221;50&#8243; show_title_and_caption=&#8221;off&#8221; show_pagination=&#8221;off&#8221; _builder_version=&#8221;4.6.0&#8243; _module_preset=&#8221;default&#8221; animation_style=&#8221;zoom&#8221; global_colors_info=&#8221;{}&#8221;][\/et_pb_gallery][\/et_pb_column][\/et_pb_row][\/et_pb_section][et_pb_section fb_built=&#8221;1&#8243; _builder_version=&#8221;4.6.0&#8243; _module_preset=&#8221;default&#8221; background_color=&#8221;#626a72&#8243; global_colors_info=&#8221;{}&#8221;][et_pb_row _builder_version=&#8221;4.6.0&#8243; _module_preset=&#8221;default&#8221; global_colors_info=&#8221;{}&#8221;][et_pb_column type=&#8221;4_4&#8243; _builder_version=&#8221;4.6.0&#8243; _module_preset=&#8221;default&#8221; global_colors_info=&#8221;{}&#8221;][et_pb_button button_url=&#8221;@ET-DC@eyJkeW5hbWljIjp0cnVlLCJjb250ZW50IjoicG9zdF9saW5rX3VybF9wYWdlIiwic2V0dGluZ3MiOnsicG9zdF9pZCI6IjE0MDIifX0=@&#8221; url_new_window=&#8221;on&#8221; button_text=&#8221;Haz click aqu\u00ed para musicalizar tu visita.&#8221; button_alignment=&#8221;center&#8221; _builder_version=&#8221;4.6.0&#8243; _dynamic_attributes=&#8221;button_url&#8221; _module_preset=&#8221;default&#8221; custom_button=&#8221;on&#8221; button_text_color=&#8221;#ffffff&#8221; button_bg_color=&#8221;#3A5795&#8243; button_border_width=&#8221;0px&#8221; button_border_radius=&#8221;21px&#8221; button_font=&#8221;Lato||||||||&#8221; button_icon=&#8221;%%40%%&#8221; button_on_hover=&#8221;off&#8221; custom_margin=&#8221;||||false|false&#8221; custom_padding=&#8221;|50px|||false|false&#8221; animation_style=&#8221;zoom&#8221; global_colors_info=&#8221;{}&#8221;][\/et_pb_button][et_pb_text _builder_version=&#8221;4.12.1&#8243; _module_preset=&#8221;default&#8221; text_text_color=&#8221;#ffffff&#8221; global_colors_info=&#8221;{}&#8221;]<\/p>\n<p style=\"text-align: center;\">Movimiento Biodanza &#8211; Copyright \u00a9 2022 Asesores Ing. Jorge Silva Alvarez<\/p>\n<p>[\/et_pb_text][\/et_pb_column][\/et_pb_row][\/et_pb_section]<\/p>\n","protected":false},"excerpt":{"rendered":"<p>instagramfacebookACCI\u00d3N SOCIAL &nbsp; El Movimiento Biodanza, cree y trabaja categ\u00f3ricamente por la edificaci\u00f3n de una nueva humanidad. Sabemos que la entrega y el &#8220;servicio&#8221; son una forma maravillosa de lograrlo, adem\u00e1s de la profunda gratificaci\u00f3n que significa poder compartir lo que somos y hacemos, por la sola alegr\u00eda de hacerlo con quienes m\u00e1s lo necesitan [&hellip;]<\/p>\n","protected":false},"author":1,"featured_media":0,"parent":0,"menu_order":0,"comment_status":"closed","ping_status":"closed","template":"","meta":{"_et_pb_use_builder":"on","_et_pb_old_content":"","_et_gb_content_width":""},"_links":{"self":[{"href":"https:\/\/movimientobiodanza.com\/wordpress\/wp-json\/wp\/v2\/pages\/1088"}],"collection":[{"href":"https:\/\/movimientobiodanza.com\/wordpress\/wp-json\/wp\/v2\/pages"}],"about":[{"href":"https:\/\/movimientobiodanza.com\/wordpress\/wp-json\/wp\/v2\/types\/page"}],"author":[{"embeddable":true,"href":"https:\/\/movimientobiodanza.com\/wordpress\/wp-json\/wp\/v2\/users\/1"}],"replies":[{"embeddable":true,"href":"https:\/\/movimientobiodanza.com\/wordpress\/wp-json\/wp\/v2\/comments?post=1088"}],"version-history":[{"count":14,"href":"https:\/\/movimientobiodanza.com\/wordpress\/wp-json\/wp\/v2\/pages\/1088\/revisions"}],"predecessor-version":[{"id":3960,"href":"https:\/\/movimientobiodanza.com\/wordpress\/wp-json\/wp\/v2\/pages\/1088\/revisions\/3960"}],"wp:attachment":[{"href":"https:\/\/movimientobiodanza.com\/wordpress\/wp-json\/wp\/v2\/media?parent=1088"}],"curies":[{"name":"wp","href":"https:\/\/api.w.org\/{rel}","templated":true}]}}