{"id":1234,"date":"2020-10-05T16:44:58","date_gmt":"2020-10-05T16:44:58","guid":{"rendered":"https:\/\/movimientobiodanza.com\/wordpress\/?page_id=1234"},"modified":"2022-09-28T17:38:12","modified_gmt":"2022-09-28T17:38:12","slug":"escuela-de-biodanza-de-cuernavaca-mexico","status":"publish","type":"page","link":"https:\/\/movimientobiodanza.com\/wordpress\/escuela-de-biodanza-de-cuernavaca-mexico\/","title":{"rendered":"Escuela de Biodanza de Cuernavaca &#8211; M\u00e9xico <!-- Formaci\u00f3n -->"},"content":{"rendered":"<p>[et_pb_section fb_built=&#8221;1&#8243; _builder_version=&#8221;4.6.0&#8243; _module_preset=&#8221;default&#8221; background_color=&#8221;#353535&#8243; background_image=&#8221;https:\/\/movimientobiodanza.com\/wordpress\/wp-content\/uploads\/2020\/09\/Fondo-web.png&#8221; background_size=&#8221;contain&#8221; background_position=&#8221;top_center&#8221; global_colors_info=&#8221;{}&#8221;][et_pb_row _builder_version=&#8221;4.6.0&#8243; _module_preset=&#8221;default&#8221; width=&#8221;100%&#8221; global_colors_info=&#8221;{}&#8221;][et_pb_column type=&#8221;4_4&#8243; _builder_version=&#8221;4.6.0&#8243; _module_preset=&#8221;default&#8221; global_colors_info=&#8221;{}&#8221;][et_pb_image src=&#8221;https:\/\/movimientobiodanza.com\/wordpress\/wp-content\/uploads\/2020\/09\/Logo_Biodanza_redondo.png&#8221; title_text=&#8221;Logo_Biodanza_redondo&#8221; align=&#8221;center&#8221; _builder_version=&#8221;4.6.0&#8243; _module_preset=&#8221;default&#8221; global_colors_info=&#8221;{}&#8221;][\/et_pb_image][et_pb_menu menu_id=&#8221;12&#8243; menu_style=&#8221;centered&#8221; dropdown_menu_bg_color=&#8221;#ffffff&#8221; _builder_version=&#8221;4.6.0&#8243; _module_preset=&#8221;default&#8221; background_color=&#8221;rgba(0,0,0,0)&#8221; global_colors_info=&#8221;{}&#8221;][\/et_pb_menu][et_pb_social_media_follow _builder_version=&#8221;4.12.1&#8243; _module_preset=&#8221;default&#8221; text_orientation=&#8221;center&#8221; global_colors_info=&#8221;{}&#8221;][et_pb_social_media_follow_network social_network=&#8221;instagram&#8221; url=&#8221;https:\/\/www.instagram.com\/mariagraciaparrapirela\/&#8221; _builder_version=&#8221;4.12.1&#8243; _module_preset=&#8221;default&#8221; background_color=&#8221;#ea2c59&#8243; global_colors_info=&#8221;{}&#8221; follow_button=&#8221;off&#8221; url_new_window=&#8221;on&#8221;]instagram[\/et_pb_social_media_follow_network][et_pb_social_media_follow_network social_network=&#8221;facebook&#8221; url=&#8221;https:\/\/www.facebook.com\/mariagraciabiodanzamexico\/&#8221; _builder_version=&#8221;4.6.0&#8243; _module_preset=&#8221;default&#8221; background_color=&#8221;#3b5998&#8243; global_colors_info=&#8221;{}&#8221; follow_button=&#8221;off&#8221; url_new_window=&#8221;on&#8221;]facebook[\/et_pb_social_media_follow_network][\/et_pb_social_media_follow][\/et_pb_column][\/et_pb_row][et_pb_row _builder_version=&#8221;4.6.0&#8243; _module_preset=&#8221;default&#8221; background_enable_color=&#8221;off&#8221; width=&#8221;100%&#8221; custom_padding=&#8221;|20px||20px|false|false&#8221; global_colors_info=&#8221;{}&#8221;][et_pb_column type=&#8221;4_4&#8243; _builder_version=&#8221;4.6.0&#8243; _module_preset=&#8221;default&#8221; background_color=&#8221;#ffffff&#8221; custom_padding=&#8221;|20px|20px|20px|false|false&#8221; global_colors_info=&#8221;{}&#8221;][et_pb_text content_last_edited=&#8221;off|desktop&#8221; _builder_version=&#8221;4.12.1&#8243; _module_preset=&#8221;default&#8221; text_font=&#8221;Lobster Two||||||||&#8221; text_text_color=&#8221;#3A5795&#8243; text_font_size=&#8221;22px&#8221; header_font=&#8221;Lato||||||||&#8221; header_font_size=&#8221;20px&#8221; header_2_font=&#8221;Lato||||||||&#8221; header_2_text_color=&#8221;#02bccb&#8221; background_color=&#8221;#ffffff&#8221; text_orientation=&#8221;justified&#8221; custom_padding=&#8221;40px|40px|40px|40px|false|false&#8221; hover_enabled=&#8221;0&#8243; global_colors_info=&#8221;{}&#8221; sticky_enabled=&#8221;0&#8243;]<\/p>\n<h1 class=\"uk-article-title\" style=\"text-align: center;\"><\/h1>\n<h2 class=\"uk-article-title\" style=\"text-align: center; color: #3a5795;\"><strong style=\"text-align: center; color: #3a5795;\">ESCUELA DE BIODANZA DE CUERNAVACA-M\u00c9XICO<\/strong><\/h2>\n<p>&nbsp;<\/p>\n<p style=\"text-align: center;\"><img loading=\"lazy\" class=\"wp-image-1238 alignnone size-medium\" src=\"https:\/\/movimientobiodanza.com\/wordpress\/wp-content\/uploads\/2020\/10\/Logo_Escuela_de_Biodanza_de_Cuernavaca_-300x238.jpg\" alt=\"\" width=\"300\" height=\"238\" \/><\/p>\n<p>La Escuela de Biodanza de Cuernavaca-M\u00e9xico, nace el 18 de Noviembre de 2018. Como resultado de un hermoso y progresivo trabajo de siembra que Mar\u00eda Gracia Parra Pirela realiz\u00f3 en el territorio mexicano desde Agosto de 2013, hasta la fundaci\u00f3n de la Escuela en Noviembre de 2018.<\/p>\n<p>&nbsp;<\/p>\n<p>Durante esos 5 a\u00f1os, la siembra se desarroll\u00f3 en varias ciudades de la Rep\u00fablica Mexicana: Villahermosa, Tampico, Estado de M\u00e9xico, Monterrey, Cuernavaca, Xoxocotla. Tambi\u00e9n con participaci\u00f3n formativa en la facilitaci\u00f3n en las tres Escuelas de Biodanza activas en el pa\u00eds: Ciudad de M\u00e9xico, Puebla y Canc\u00fan.<\/p>\n<p>&nbsp;<\/p>\n<p>Despu\u00e9s de toda esta gozosa y perseverante siembra, hemos logrado cosechar un hermos\u00edsimo y prol\u00edfero primer grupo de formaci\u00f3n de futuros Profesionales de Biodanza y Facilitadores de Vida provenientes de seis estados de la naci\u00f3n, iniciando la primera Cohorte de Formaci\u00f3n en Noviembre de 2018 que proyecta terminar con \u00e9xito en Noviembre de 2022, al otorgarles el <span style=\"color: #02bccb;\">T\u00edtulo de Profesores de Biodanza<\/span> emitidos por la <strong>International Biodanza Federation (IBFed) <\/strong>a quienes han recorrido este nutritivo y gozoso camino de formaci\u00f3n.<\/p>\n<p>&nbsp;<\/p>\n<p>Estamos cosechando los frutos de la primera siembra, con un grupo de m\u00e1s de 30 seres humanos extraordinarios que se han comprometido en el desarrollo de su misi\u00f3n como profesionales de Biodanza y seguimos en la siembra de las semillas abundantes que veremos nacer m\u00e1s tarde en nuestra Segunda Cohorte de Formaci\u00f3n proyectada para iniciar en Julio de 2023 y de todas las que seguir\u00e1n.<\/p>\n<p>&nbsp;<\/p>\n<p><center><iframe loading=\"lazy\" width=\"860\" height=\"315\" src=\"https:\/\/www.youtube.com\/embed\/LtUY05x8UA4\" title=\"YouTube video player\" frameborder=\"0\" allow=\"accelerometer; autoplay; clipboard-write; encrypted-media; gyroscope; picture-in-picture\" allowfullscreen=\"\"><\/iframe><\/center><\/p>\n<h1 style=\"text-align: center;\"><span style=\"color: #3a5795;\"><strong><\/strong><\/span><\/h1>\n<h1 style=\"text-align: center;\"><span style=\"color: #3a5795;\"><strong><\/strong><\/span><\/h1>\n<h1 style=\"text-align: center;\"><span style=\"color: #3a5795;\"><strong><\/strong><\/span><\/h1>\n<h1 style=\"text-align: center;\"><span style=\"color: #3a5795;\"><strong><\/strong><\/span><\/h1>\n<h1 style=\"text-align: center;\"><span style=\"color: #3a5795;\"><strong>PROGRAMA DESARROLLADO POR LA PRIMERA COHORTE DE FORMACI\u00d3N\u00a02018 \/ 2022<\/strong><\/span><\/h1>\n<p><span style=\"color: #33cccc;\"><strong><\/strong><\/span><\/p>\n<p style=\"text-align: center;\"><img loading=\"lazy\" class=\"wp-image-1541 alignnone size-full\" src=\"https:\/\/movimientobiodanza.com\/wordpress\/wp-content\/uploads\/2020\/11\/Foto-Escuela-Cuernavaca-con-Rolo.jpg\" alt=\"\" width=\"960\" height=\"720\" srcset=\"https:\/\/movimientobiodanza.com\/wordpress\/wp-content\/uploads\/2020\/11\/Foto-Escuela-Cuernavaca-con-Rolo.jpg 960w, https:\/\/movimientobiodanza.com\/wordpress\/wp-content\/uploads\/2020\/11\/Foto-Escuela-Cuernavaca-con-Rolo-480x360.jpg 480w\" sizes=\"(min-width: 0px) and (max-width: 480px) 480px, (min-width: 481px) 960px, 100vw\" \/><\/p>\n<p>&nbsp;<\/p>\n<p style=\"text-align: center;\"><img loading=\"lazy\" class=\"aligncenter wp-image-2529 size-full\" src=\"https:\/\/movimientobiodanza.com\/wordpress\/wp-content\/uploads\/2022\/02\/Programacion-2022.-Escuela-de-Biodanza-de-Cuernavaca-Mexico.jpg\" alt=\"\" width=\"720\" height=\"1600\" srcset=\"https:\/\/movimientobiodanza.com\/wordpress\/wp-content\/uploads\/2022\/02\/Programacion-2022.-Escuela-de-Biodanza-de-Cuernavaca-Mexico.jpg 720w, https:\/\/movimientobiodanza.com\/wordpress\/wp-content\/uploads\/2022\/02\/Programacion-2022.-Escuela-de-Biodanza-de-Cuernavaca-Mexico-480x1067.jpg 480w\" sizes=\"(min-width: 0px) and (max-width: 480px) 480px, (min-width: 481px) 720px, 100vw\" \/><\/p>\n<p><img loading=\"lazy\" class=\"aligncenter wp-image-2359\" src=\"https:\/\/movimientobiodanza.com\/wordpress\/wp-content\/uploads\/2020\/12\/PROGRAMACIO\u0301N-ESCUELA-2021-553x1024.jpg\" alt=\"\" width=\"700\" height=\"1297\" srcset=\"https:\/\/movimientobiodanza.com\/wordpress\/wp-content\/uploads\/2020\/12\/PROGRAMACIO\u0301N-ESCUELA-2021-553x1024.jpg 553w, https:\/\/movimientobiodanza.com\/wordpress\/wp-content\/uploads\/2020\/12\/PROGRAMACIO\u0301N-ESCUELA-2021-162x300.jpg 162w, https:\/\/movimientobiodanza.com\/wordpress\/wp-content\/uploads\/2020\/12\/PROGRAMACIO\u0301N-ESCUELA-2021-768x1422.jpg 768w, https:\/\/movimientobiodanza.com\/wordpress\/wp-content\/uploads\/2020\/12\/PROGRAMACIO\u0301N-ESCUELA-2021-829x1536.jpg 829w, https:\/\/movimientobiodanza.com\/wordpress\/wp-content\/uploads\/2020\/12\/PROGRAMACIO\u0301N-ESCUELA-2021-1106x2048.jpg 1106w, https:\/\/movimientobiodanza.com\/wordpress\/wp-content\/uploads\/2020\/12\/PROGRAMACIO\u0301N-ESCUELA-2021-1080x2000.jpg 1080w, https:\/\/movimientobiodanza.com\/wordpress\/wp-content\/uploads\/2020\/12\/PROGRAMACIO\u0301N-ESCUELA-2021-1280x2371.jpg 1280w, https:\/\/movimientobiodanza.com\/wordpress\/wp-content\/uploads\/2020\/12\/PROGRAMACIO\u0301N-ESCUELA-2021-980x1815.jpg 980w, https:\/\/movimientobiodanza.com\/wordpress\/wp-content\/uploads\/2020\/12\/PROGRAMACIO\u0301N-ESCUELA-2021-480x889.jpg 480w, https:\/\/movimientobiodanza.com\/wordpress\/wp-content\/uploads\/2020\/12\/PROGRAMACIO\u0301N-ESCUELA-2021-scaled.jpg 1382w\" sizes=\"(max-width: 700px) 100vw, 700px\" \/><\/p>\n<p style=\"text-align: center;\"><img loading=\"lazy\" class=\"aligncenter wp-image-1239 size-large\" src=\"https:\/\/movimientobiodanza.com\/wordpress\/wp-content\/uploads\/2020\/10\/Programa_Definitivo_y_Editado_ESCUELA_2020_-663x1024.jpg\" alt=\"\" width=\"663\" height=\"1024\" \/><\/p>\n<p>&nbsp;<\/p>\n<p><img loading=\"lazy\" class=\"aligncenter wp-image-1237 size-large\" src=\"https:\/\/movimientobiodanza.com\/wordpress\/wp-content\/uploads\/2020\/10\/Cronograma_Tentativo_Escuela_de_Biodanza_de_Cuernavaca_Mexico-662x1024.jpg\" alt=\"\" width=\"662\" height=\"1024\" srcset=\"https:\/\/movimientobiodanza.com\/wordpress\/wp-content\/uploads\/2020\/10\/Cronograma_Tentativo_Escuela_de_Biodanza_de_Cuernavaca_Mexico-662x1024.jpg 662w, https:\/\/movimientobiodanza.com\/wordpress\/wp-content\/uploads\/2020\/10\/Cronograma_Tentativo_Escuela_de_Biodanza_de_Cuernavaca_Mexico-480x743.jpg 480w\" sizes=\"(min-width: 0px) and (max-width: 480px) 480px, (min-width: 481px) 662px, 100vw\" \/><\/p>\n<p style=\"text-align: center;\">\u00a0SEMINARIOS REALIZADOS POR LOS ESTUDIANTES. Derechos Reservados.<\/p>\n<p style=\"text-align: center;\"><span style=\"color: #ff0000;\"><span><a class=\"maxbutton-25 maxbutton maxbutton-seminarios\" href=\"https:\/\/movimientobiodanza.com\/wordpress\/seminarios\/\"><span class='mb-text'>Ver Aqu\u00ed<\/span><\/a><\/span><\/span><\/p>\n<p>[\/et_pb_text][\/et_pb_column][\/et_pb_row][\/et_pb_section][et_pb_section fb_built=&#8221;1&#8243; _builder_version=&#8221;4.6.0&#8243; _module_preset=&#8221;default&#8221; background_color=&#8221;#626a72&#8243; global_colors_info=&#8221;{}&#8221;][et_pb_row _builder_version=&#8221;4.6.0&#8243; _module_preset=&#8221;default&#8221; global_colors_info=&#8221;{}&#8221;][et_pb_column type=&#8221;4_4&#8243; _builder_version=&#8221;4.6.0&#8243; _module_preset=&#8221;default&#8221; global_colors_info=&#8221;{}&#8221;][et_pb_button button_url=&#8221;@ET-DC@eyJkeW5hbWljIjp0cnVlLCJjb250ZW50IjoicG9zdF9saW5rX3VybF9wYWdlIiwic2V0dGluZ3MiOnsicG9zdF9pZCI6IjE0MDIifX0=@&#8221; url_new_window=&#8221;on&#8221; button_text=&#8221;Haz click aqu\u00ed para musicalizar tu visita.&#8221; button_alignment=&#8221;center&#8221; _builder_version=&#8221;4.6.0&#8243; _dynamic_attributes=&#8221;button_url&#8221; _module_preset=&#8221;default&#8221; custom_button=&#8221;on&#8221; button_text_color=&#8221;#ffffff&#8221; button_bg_color=&#8221;#3A5795&#8243; button_border_width=&#8221;0px&#8221; button_border_radius=&#8221;21px&#8221; button_font=&#8221;Lato||||||||&#8221; button_icon=&#8221;%%40%%&#8221; button_on_hover=&#8221;off&#8221; custom_margin=&#8221;||||false|false&#8221; custom_padding=&#8221;|50px|||false|false&#8221; animation_style=&#8221;zoom&#8221; global_colors_info=&#8221;{}&#8221;][\/et_pb_button][et_pb_text _builder_version=&#8221;4.12.1&#8243; _module_preset=&#8221;default&#8221; text_text_color=&#8221;#ffffff&#8221; global_colors_info=&#8221;{}&#8221;]<\/p>\n<p style=\"text-align: center;\">Movimiento Biodanza &#8211; Copyright \u00a9 2022 Asesores Ing. Jorge Silva Alvarez<\/p>\n<p>[\/et_pb_text][\/et_pb_column][\/et_pb_row][\/et_pb_section]<\/p>\n","protected":false},"excerpt":{"rendered":"<p>instagramfacebook ESCUELA DE BIODANZA DE CUERNAVACA-M\u00c9XICO &nbsp; La Escuela de Biodanza de Cuernavaca-M\u00e9xico, nace el 18 de Noviembre de 2018. Como resultado de un hermoso y progresivo trabajo de siembra que Mar\u00eda Gracia Parra Pirela realiz\u00f3 en el territorio mexicano desde Agosto de 2013, hasta la fundaci\u00f3n de la Escuela en Noviembre de 2018. &nbsp; [&hellip;]<\/p>\n","protected":false},"author":1,"featured_media":0,"parent":0,"menu_order":0,"comment_status":"closed","ping_status":"closed","template":"","meta":{"_et_pb_use_builder":"on","_et_pb_old_content":"","_et_gb_content_width":""},"_links":{"self":[{"href":"https:\/\/movimientobiodanza.com\/wordpress\/wp-json\/wp\/v2\/pages\/1234"}],"collection":[{"href":"https:\/\/movimientobiodanza.com\/wordpress\/wp-json\/wp\/v2\/pages"}],"about":[{"href":"https:\/\/movimientobiodanza.com\/wordpress\/wp-json\/wp\/v2\/types\/page"}],"author":[{"embeddable":true,"href":"https:\/\/movimientobiodanza.com\/wordpress\/wp-json\/wp\/v2\/users\/1"}],"replies":[{"embeddable":true,"href":"https:\/\/movimientobiodanza.com\/wordpress\/wp-json\/wp\/v2\/comments?post=1234"}],"version-history":[{"count":25,"href":"https:\/\/movimientobiodanza.com\/wordpress\/wp-json\/wp\/v2\/pages\/1234\/revisions"}],"predecessor-version":[{"id":3946,"href":"https:\/\/movimientobiodanza.com\/wordpress\/wp-json\/wp\/v2\/pages\/1234\/revisions\/3946"}],"wp:attachment":[{"href":"https:\/\/movimientobiodanza.com\/wordpress\/wp-json\/wp\/v2\/media?parent=1234"}],"curies":[{"name":"wp","href":"https:\/\/api.w.org\/{rel}","templated":true}]}}