{"id":1242,"date":"2020-10-05T17:01:54","date_gmt":"2020-10-05T17:01:54","guid":{"rendered":"https:\/\/movimientobiodanza.com\/wordpress\/?page_id=1242"},"modified":"2022-07-15T17:47:01","modified_gmt":"2022-07-15T17:47:01","slug":"programa-unico-de-formacion","status":"publish","type":"page","link":"https:\/\/movimientobiodanza.com\/wordpress\/programa-unico-de-formacion\/","title":{"rendered":"Programa \u00danico de Formaci\u00f3n <!-- Formaci\u00f3n -->"},"content":{"rendered":"<p>[et_pb_section fb_built=&#8221;1&#8243; _builder_version=&#8221;4.6.0&#8243; _module_preset=&#8221;default&#8221; background_color=&#8221;#353535&#8243; background_image=&#8221;https:\/\/movimientobiodanza.com\/wordpress\/wp-content\/uploads\/2020\/09\/Fondo-web.png&#8221; background_size=&#8221;contain&#8221; background_position=&#8221;top_center&#8221; global_colors_info=&#8221;{}&#8221;][et_pb_row _builder_version=&#8221;4.6.0&#8243; _module_preset=&#8221;default&#8221; width=&#8221;100%&#8221; global_colors_info=&#8221;{}&#8221;][et_pb_column type=&#8221;4_4&#8243; _builder_version=&#8221;4.6.0&#8243; _module_preset=&#8221;default&#8221; global_colors_info=&#8221;{}&#8221;][et_pb_image src=&#8221;https:\/\/movimientobiodanza.com\/wordpress\/wp-content\/uploads\/2020\/09\/Logo_Biodanza_redondo.png&#8221; title_text=&#8221;Logo_Biodanza_redondo&#8221; align=&#8221;center&#8221; _builder_version=&#8221;4.6.0&#8243; _module_preset=&#8221;default&#8221; global_colors_info=&#8221;{}&#8221;][\/et_pb_image][et_pb_menu menu_id=&#8221;12&#8243; menu_style=&#8221;centered&#8221; dropdown_menu_bg_color=&#8221;#ffffff&#8221; _builder_version=&#8221;4.6.0&#8243; _module_preset=&#8221;default&#8221; background_color=&#8221;rgba(0,0,0,0)&#8221; global_colors_info=&#8221;{}&#8221;][\/et_pb_menu][et_pb_social_media_follow _builder_version=&#8221;4.12.1&#8243; _module_preset=&#8221;default&#8221; text_orientation=&#8221;center&#8221; global_colors_info=&#8221;{}&#8221;][et_pb_social_media_follow_network social_network=&#8221;instagram&#8221; url=&#8221;https:\/\/www.instagram.com\/mariagraciaparrapirela\/&#8221; _builder_version=&#8221;4.12.1&#8243; _module_preset=&#8221;default&#8221; background_color=&#8221;#ea2c59&#8243; global_colors_info=&#8221;{}&#8221; follow_button=&#8221;off&#8221; url_new_window=&#8221;on&#8221;]instagram[\/et_pb_social_media_follow_network][et_pb_social_media_follow_network social_network=&#8221;facebook&#8221; url=&#8221;https:\/\/www.facebook.com\/mariagraciabiodanzamexico\/&#8221; _builder_version=&#8221;4.6.0&#8243; _module_preset=&#8221;default&#8221; background_color=&#8221;#3b5998&#8243; global_colors_info=&#8221;{}&#8221; follow_button=&#8221;off&#8221; url_new_window=&#8221;on&#8221;]facebook[\/et_pb_social_media_follow_network][\/et_pb_social_media_follow][\/et_pb_column][\/et_pb_row][et_pb_row _builder_version=&#8221;4.6.0&#8243; _module_preset=&#8221;default&#8221; background_color=&#8221;#ffffff&#8221; width=&#8221;100%&#8221; custom_padding=&#8221;|20px|20px|20px|false|false&#8221; global_colors_info=&#8221;{}&#8221;][et_pb_column type=&#8221;4_4&#8243; _builder_version=&#8221;4.6.0&#8243; _module_preset=&#8221;default&#8221; global_colors_info=&#8221;{}&#8221;][et_pb_text content_last_edited=&#8221;off|desktop&#8221; _builder_version=&#8221;4.12.1&#8243; _module_preset=&#8221;default&#8221; text_font=&#8221;Lobster Two||||||||&#8221; text_text_color=&#8221;#3A5795&#8243; text_font_size=&#8221;22px&#8221; header_font=&#8221;Lato||||||||&#8221; header_font_size=&#8221;20px&#8221; header_2_font=&#8221;Lato||||||||&#8221; header_2_text_color=&#8221;#02bccb&#8221; background_color=&#8221;#ffffff&#8221; text_orientation=&#8221;justified&#8221; custom_padding=&#8221;40px|40px|40px|40px|false|false&#8221; hover_enabled=&#8221;0&#8243; global_colors_info=&#8221;{}&#8221; sticky_enabled=&#8221;0&#8243;]<\/p>\n<h2 class=\"uk-article-title\" style=\"text-align: center; font-size: 26px; color: #3a5795;\"><strong style=\"text-align: center; font-size: 26px; color: #3a5795;\">PROGRAMA \u00daNICO DE FORMACI\u00d3N<\/strong><\/h2>\n<p style=\"text-align: center;\"><img loading=\"lazy\" class=\"wp-image-1245 size-full aligncenter\" src=\"https:\/\/movimientobiodanza.com\/wordpress\/wp-content\/uploads\/2020\/10\/logoformacin.png\" alt=\"\" width=\"192\" height=\"177\" \/><\/p>\n<p>1. Definici\u00f3n y Modelo Te\u00f3rico de Biodanza.<br \/>\n2. Inconsciente Vital y Principio Bioc\u00e9ntrico.<br \/>\n3. La Vivencia.<br \/>\n4. Aspectos Biol\u00f3gicos de Biodanza.<br \/>\n5. Aspectos Fisiol\u00f3gicos de Biodanza.<br \/>\n6. Aspectos Psicol\u00f3gicos de Biodanza.<br \/>\n7. Antecedentes M\u00edticos y Filos\u00f3ficos de Biodanza.<br \/>\n8. Identidad e Integraci\u00f3n.<br \/>\n9. Trance y Regresi\u00f3n.<br \/>\n10. Contacto y Caricias.<br \/>\n11. Movimiento Humano.<br \/>\n12. Vitalidad.<br \/>\n13. Sexualidad.<br \/>\n14. Creatividad.<br \/>\n15. Afectividad.<br \/>\n16. Trascendencia.<br \/>\n17. Mecanismos de Acci\u00f3n de Biodanza.<br \/>\n18. Aplicaciones y Extensiones de Biodanza.<br \/>\n19. Biodanza, Ars Magna.<br \/>\n20. Biodanza y Acci\u00f3n Social.<br \/>\n21. La M\u00fasica en Biodanza.<br \/>\n22. Metodolog\u00eda I (Sem\u00e1ntica Musical).<br \/>\n23. Metodolog\u00eda II (La Sesi\u00f3n de Biodanza).<br \/>\n24. Metodolog\u00eda III (La Sesi\u00f3n de Biodanza \u2013 continuaci\u00f3n).<br \/>\n25. Metodolog\u00eda IV (Curso Semanal y M\u00f3dulos Vivenciales de Biodanza).<br \/>\n26. Metodolog\u00eda V (El Grupo de Biodanza).<br \/>\n27. Metodolog\u00eda VI (Criterios de Evaluaci\u00f3n del Desenvolvimiento en Biodanza).<br \/>\n28. Metodolog\u00eda VII (Profundizaci\u00f3n del Aprendizaje del Elenco Oficial de los Ejercicios, Consignas y M\u00fasicas de Biodanza).<br \/>\n29.M\u00f3dulo Complementario VIII (Profundizaci\u00f3n del Aprendizaje del Elenco Oficial de los Ejercicios, Consignas y M\u00fasicas de Biodanza-continuaci\u00f3n).<br \/>\n30.M\u00f3dulo Complementario IX. (El uso del Recurso de la Voz para el Facilitador de Biodanza en Ejercicios y consignas).<\/p>\n<p>&nbsp;[\/et_pb_text][et_pb_gallery gallery_ids=&#8221;1246,1247,1248,1249,1250,1251,1252,1253,1254,1255,1256,1257,1258,1259,1260,1261,1262,1263&#8243; show_title_and_caption=&#8221;off&#8221; _builder_version=&#8221;4.6.0&#8243; _module_preset=&#8221;default&#8221; global_colors_info=&#8221;{}&#8221;][\/et_pb_gallery][et_pb_image src=&#8221;https:\/\/movimientobiodanza.com\/wordpress\/wp-content\/uploads\/2020\/10\/SagradaSexualidad3.jpg&#8221; title_text=&#8221;SagradaSexualidad3&#8243; _builder_version=&#8221;4.6.0&#8243; _module_preset=&#8221;default&#8221; global_colors_info=&#8221;{}&#8221;][\/et_pb_image][et_pb_image src=&#8221;https:\/\/movimientobiodanza.com\/wordpress\/wp-content\/uploads\/2020\/10\/minotauro.jpg&#8221; title_text=&#8221;minotauro&#8221; align=&#8221;center&#8221; _builder_version=&#8221;4.6.0&#8243; _module_preset=&#8221;default&#8221; global_colors_info=&#8221;{}&#8221;][\/et_pb_image][\/et_pb_column][\/et_pb_row][\/et_pb_section][et_pb_section fb_built=&#8221;1&#8243; _builder_version=&#8221;4.6.0&#8243; _module_preset=&#8221;default&#8221; background_color=&#8221;#626a72&#8243; global_colors_info=&#8221;{}&#8221;][et_pb_row _builder_version=&#8221;4.6.0&#8243; _module_preset=&#8221;default&#8221; global_colors_info=&#8221;{}&#8221;][et_pb_column type=&#8221;4_4&#8243; _builder_version=&#8221;4.6.0&#8243; _module_preset=&#8221;default&#8221; global_colors_info=&#8221;{}&#8221;][et_pb_button button_url=&#8221;@ET-DC@eyJkeW5hbWljIjp0cnVlLCJjb250ZW50IjoicG9zdF9saW5rX3VybF9wYWdlIiwic2V0dGluZ3MiOnsicG9zdF9pZCI6IjE0MDIifX0=@&#8221; url_new_window=&#8221;on&#8221; button_text=&#8221;Haz click aqu\u00ed para musicalizar tu visita.&#8221; button_alignment=&#8221;center&#8221; _builder_version=&#8221;4.6.0&#8243; _dynamic_attributes=&#8221;button_url&#8221; _module_preset=&#8221;default&#8221; custom_button=&#8221;on&#8221; button_text_color=&#8221;#ffffff&#8221; button_bg_color=&#8221;#3A5795&#8243; button_border_width=&#8221;0px&#8221; button_border_radius=&#8221;21px&#8221; button_font=&#8221;Lato||||||||&#8221; button_icon=&#8221;%%40%%&#8221; button_on_hover=&#8221;off&#8221; custom_margin=&#8221;||||false|false&#8221; custom_padding=&#8221;|50px|||false|false&#8221; animation_style=&#8221;zoom&#8221; global_colors_info=&#8221;{}&#8221;][\/et_pb_button][et_pb_text _builder_version=&#8221;4.12.1&#8243; _module_preset=&#8221;default&#8221; text_text_color=&#8221;#ffffff&#8221; global_colors_info=&#8221;{}&#8221;]<\/p>\n<p style=\"text-align: center;\">Movimiento Biodanza &#8211; Copyright \u00a9 2022 Asesores Ing. Jorge Silva Alvarez<\/p>\n<p>[\/et_pb_text][\/et_pb_column][\/et_pb_row][\/et_pb_section]<\/p>\n","protected":false},"excerpt":{"rendered":"<p>instagramfacebookPROGRAMA \u00daNICO DE FORMACI\u00d3N 1. Definici\u00f3n y Modelo Te\u00f3rico de Biodanza. 2. Inconsciente Vital y Principio Bioc\u00e9ntrico. 3. La Vivencia. 4. Aspectos Biol\u00f3gicos de Biodanza. 5. Aspectos Fisiol\u00f3gicos de Biodanza. 6. Aspectos Psicol\u00f3gicos de Biodanza. 7. Antecedentes M\u00edticos y Filos\u00f3ficos de Biodanza. 8. Identidad e Integraci\u00f3n. 9. Trance y Regresi\u00f3n. 10. Contacto y Caricias. 11. [&hellip;]<\/p>\n","protected":false},"author":1,"featured_media":0,"parent":0,"menu_order":0,"comment_status":"closed","ping_status":"closed","template":"","meta":{"_et_pb_use_builder":"on","_et_pb_old_content":"","_et_gb_content_width":""},"_links":{"self":[{"href":"https:\/\/movimientobiodanza.com\/wordpress\/wp-json\/wp\/v2\/pages\/1242"}],"collection":[{"href":"https:\/\/movimientobiodanza.com\/wordpress\/wp-json\/wp\/v2\/pages"}],"about":[{"href":"https:\/\/movimientobiodanza.com\/wordpress\/wp-json\/wp\/v2\/types\/page"}],"author":[{"embeddable":true,"href":"https:\/\/movimientobiodanza.com\/wordpress\/wp-json\/wp\/v2\/users\/1"}],"replies":[{"embeddable":true,"href":"https:\/\/movimientobiodanza.com\/wordpress\/wp-json\/wp\/v2\/comments?post=1242"}],"version-history":[{"count":13,"href":"https:\/\/movimientobiodanza.com\/wordpress\/wp-json\/wp\/v2\/pages\/1242\/revisions"}],"predecessor-version":[{"id":3378,"href":"https:\/\/movimientobiodanza.com\/wordpress\/wp-json\/wp\/v2\/pages\/1242\/revisions\/3378"}],"wp:attachment":[{"href":"https:\/\/movimientobiodanza.com\/wordpress\/wp-json\/wp\/v2\/media?parent=1242"}],"curies":[{"name":"wp","href":"https:\/\/api.w.org\/{rel}","templated":true}]}}