{"id":1569,"date":"2020-11-05T17:58:35","date_gmt":"2020-11-05T17:58:35","guid":{"rendered":"https:\/\/movimientobiodanza.com\/wordpress\/?page_id=1569"},"modified":"2025-07-28T04:36:44","modified_gmt":"2025-07-28T04:36:44","slug":"tesis","status":"publish","type":"page","link":"https:\/\/movimientobiodanza.com\/wordpress\/tesis\/","title":{"rendered":"Tesis"},"content":{"rendered":"<p>[et_pb_section fb_built=&#8221;1&#8243; _builder_version=&#8221;4.6.0&#8243; _module_preset=&#8221;default&#8221; background_color=&#8221;#353535&#8243; background_image=&#8221;https:\/\/movimientobiodanza.com\/wordpress\/wp-content\/uploads\/2020\/09\/Fondo-web.png&#8221; background_size=&#8221;contain&#8221; background_position=&#8221;top_center&#8221; global_colors_info=&#8221;{}&#8221;][et_pb_row _builder_version=&#8221;4.6.0&#8243; _module_preset=&#8221;default&#8221; width=&#8221;100%&#8221; global_colors_info=&#8221;{}&#8221;][et_pb_column type=&#8221;4_4&#8243; _builder_version=&#8221;4.6.0&#8243; _module_preset=&#8221;default&#8221; global_colors_info=&#8221;{}&#8221;][et_pb_image src=&#8221;https:\/\/movimientobiodanza.com\/wordpress\/wp-content\/uploads\/2020\/09\/Logo_Biodanza_redondo.png&#8221; title_text=&#8221;Logo_Biodanza_redondo&#8221; align=&#8221;center&#8221; _builder_version=&#8221;4.6.0&#8243; _module_preset=&#8221;default&#8221; global_colors_info=&#8221;{}&#8221;][\/et_pb_image][et_pb_menu menu_id=&#8221;12&#8243; menu_style=&#8221;centered&#8221; active_link_color=&#8221;#02bccb&#8221; dropdown_menu_bg_color=&#8221;#ffffff&#8221; dropdown_menu_text_color=&#8221;#02bccb&#8221; disabled_on=&#8221;on|on|off&#8221; _builder_version=&#8221;4.12.1&#8243; _module_preset=&#8221;default&#8221; menu_font=&#8221;Amaranth|700|||||||&#8221; menu_text_color=&#8221;#ffffff&#8221; menu_font_size=&#8221;18px&#8221; background_color=&#8221;rgba(0,0,0,0)&#8221; background_color_tablet=&#8221;rgba(0,0,0,0)&#8221; background_color_phone=&#8221;rgba(0,0,0,0)&#8221; background_last_edited=&#8221;on|phone&#8221; background_enable_color_tablet=&#8221;on&#8221; background_enable_color_phone=&#8221;on&#8221; menu_text_shadow_style=&#8221;preset5&#8243; menu_text_shadow_color=&#8221;#000000&#8243; global_colors_info=&#8221;{}&#8221;][\/et_pb_menu][et_pb_social_media_follow _builder_version=&#8221;4.12.1&#8243; _module_preset=&#8221;default&#8221; text_orientation=&#8221;center&#8221; global_colors_info=&#8221;{}&#8221;][et_pb_social_media_follow_network social_network=&#8221;instagram&#8221; url=&#8221;https:\/\/www.instagram.com\/biodanzamariagraciaysandra\/&#8221; _builder_version=&#8221;4.12.1&#8243; _module_preset=&#8221;default&#8221; background_color=&#8221;#ea2c59&#8243; global_colors_info=&#8221;{}&#8221; follow_button=&#8221;off&#8221; url_new_window=&#8221;on&#8221;]instagram[\/et_pb_social_media_follow_network][et_pb_social_media_follow_network social_network=&#8221;facebook&#8221; url=&#8221;https:\/\/www.facebook.com\/mariagraciabiodanzamexico\/&#8221; _builder_version=&#8221;4.6.0&#8243; _module_preset=&#8221;default&#8221; background_color=&#8221;#3b5998&#8243; global_colors_info=&#8221;{}&#8221; follow_button=&#8221;off&#8221; url_new_window=&#8221;on&#8221;]facebook[\/et_pb_social_media_follow_network][\/et_pb_social_media_follow][\/et_pb_column][\/et_pb_row][et_pb_row _builder_version=&#8221;4.6.0&#8243; _module_preset=&#8221;default&#8221; width=&#8221;100%&#8221; global_colors_info=&#8221;{}&#8221;][et_pb_column type=&#8221;4_4&#8243; _builder_version=&#8221;4.6.0&#8243; _module_preset=&#8221;default&#8221; global_colors_info=&#8221;{}&#8221;][et_pb_text content_last_edited=&#8221;off|desktop&#8221; _builder_version=&#8221;4.12.1&#8243; _module_preset=&#8221;default&#8221; text_font=&#8221;Lobster Two||||||||&#8221; text_text_color=&#8221;#3A5795&#8243; text_font_size=&#8221;22px&#8221; header_font=&#8221;Lato||||||||&#8221; header_font_size=&#8221;20px&#8221; background_color=&#8221;#ffffff&#8221; text_orientation=&#8221;justified&#8221; custom_padding=&#8221;40px|40px|40px|40px|false|false&#8221; hover_enabled=&#8221;0&#8243; global_colors_info=&#8221;{}&#8221; sticky_enabled=&#8221;0&#8243;]<\/p>\n<p>&nbsp;<\/p>\n<table style=\"width: 100%;\">\n<tbody>\n<tr>\n<td style=\"text-align: center; width: 32.1684%;\">\u00a0<a href=\"https:\/\/movimientobiodanza.com\/tesis\/TesisBiodanzaMagalyMirguiyZoila.pdf\" target=\"_blank\" rel=\"noopener noreferrer\"><img src=\"https:\/\/movimientobiodanza.com\/images\/pdf.png\" alt=\"\" \/><\/a><\/td>\n<td style=\"text-align: center; width: 35.3942%;\">\u00a0<a href=\"https:\/\/movimientobiodanza.com\/tesis\/TesisBiodanzaMariemmaDi%CC%81azMariaBalzaySolAlmao.pdf\" target=\"_blank\" rel=\"noopener noreferrer\"><img src=\"https:\/\/movimientobiodanza.com\/images\/pdf.png\" alt=\"\" \/><\/a><\/td>\n<td style=\"text-align: center; width: 31.5413%;\">\u00a0<a href=\"https:\/\/movimientobiodanza.com\/tesis\/TesisBiodanzaRicardoAllendes.pdf\" target=\"_blank\" rel=\"noopener noreferrer\"><img src=\"https:\/\/movimientobiodanza.com\/images\/pdf.png\" alt=\"\" \/><\/a><\/td>\n<\/tr>\n<tr>\n<td style=\"text-align: center; width: 32.1684%;\">\n<p>DANZANDO UNA NUEVA FORMA DE COMUNICARNOS:<br \/>Automotriz Cabimas, sucursal Ojeda<\/p>\n<p><span style=\"font-family: helvetica, arial, sans-serif; font-size: 12pt;\"><strong>Magaly Coromoto Linares Bastidas<\/strong><\/span><br \/><span style=\"font-family: helvetica, arial, sans-serif; font-size: 12pt;\"> <strong>Mirgui Del Carmen Navarro Fernandez<\/strong><\/span><br \/><span style=\"font-family: helvetica, arial, sans-serif; font-size: 12pt;\"> <strong>Zoila Rosa Guzm\u00e1n Cera<\/strong><\/span>\u00a0<\/p>\n<p>&nbsp;<\/p>\n<p><span style=\"font-family: helvetica, arial, sans-serif; font-size: 12pt;\">Tutora Didacta:<\/span><br \/><span style=\"font-family: helvetica, arial, sans-serif; font-size: 12pt;\"> <strong>Mar\u00eda Marinaro Colonna<\/strong><\/span><\/p>\n<p><span style=\"font-family: helvetica, arial, sans-serif; font-size: 12pt;\">Directora de Escuela:<\/span><br \/><span style=\"font-family: helvetica, arial, sans-serif; font-size: 12pt;\"> <strong>Mar\u00eda Gracia Parra Pirela<\/strong><\/span><\/p>\n<\/td>\n<td style=\"text-align: center; width: 35.3942%;\">\n<p>REHABILITACI\u00d3N EXISTENCIAL EN F\u00c9MINAS PRIVADAS DE LIBERTAD: Un Abordaje Sist\u00e9mico Desde La Biodanza<\/p>\n<p><strong><span style=\"font-size: 12pt; font-family: helvetica, arial, sans-serif;\">Lcda. Almao, Sol<\/span><\/strong><br \/><strong><span style=\"font-size: 12pt; font-family: helvetica, arial, sans-serif;\">Dra. Balza, Mar\u00eda<\/span><\/strong><br \/><strong><span style=\"font-size: 12pt; font-family: helvetica, arial, sans-serif;\">Psic. D\u00edaz, Mariemma<\/span><\/strong><\/p>\n<p><span style=\"font-family: helvetica, arial, sans-serif; font-size: 12pt;\">Tutora Didacta:<\/span><br \/><span style=\"font-size: 12pt; font-family: helvetica, arial, sans-serif;\"><strong>Lic. Florelena P\u00e9rez Calles<\/strong><\/span><\/p>\n<p><span style=\"font-family: helvetica, arial, sans-serif; font-size: 12pt;\">Tutor Metodol\u00f3gico:<\/span><br \/><span style=\"font-size: 12pt; font-family: helvetica, arial, sans-serif;\"><strong>Dr. Eduardo Atencio<\/strong><\/span><\/p>\n<p><span style=\"font-family: helvetica, arial, sans-serif; font-size: 12pt;\">Directora de Escuela:<\/span><br \/><span style=\"font-family: helvetica, arial, sans-serif; font-size: 12pt;\"> <strong>Mar\u00eda Gracia Parra Pirela<\/strong><\/span><\/p>\n<\/td>\n<td style=\"text-align: center; width: 31.5413%;\">\n<p>\u201cEN BUSCA DEL LUGAR QUE ME AMA: EL NIDO SE ENCUENTRA DENTRO DE M\u00cd<span style=\"font-family: inherit; font-size: inherit;\">\u201d<\/span><br \/>Aportes del sistema Biodanza a la adaptaci\u00f3n e integraci\u00f3n de la experiencia migratoria.<\/p>\n<p><span style=\"font-size: 12pt; font-family: helvetica, arial, sans-serif;\"><strong>Ricardo Jos\u00e9 Allendes Nava<br \/><\/strong><\/span><br \/><span style=\"font-size: 12pt; font-family: helvetica, arial, sans-serif;\"> Profesoras Supervisoras: <\/span><br \/><span style=\"font-size: 12pt; font-family: helvetica, arial, sans-serif;\"> <strong>M\u00f3nica Sir\u00e9 Sandoval<\/strong><\/span><br \/><span style=\"font-size: 12pt; font-family: helvetica, arial, sans-serif;\"> <strong>Berta Garc\u00eda Ossa<\/strong><\/span>\u00a0<\/p>\n<p>&nbsp;<\/p>\n<p><span style=\"font-family: helvetica, arial, sans-serif; font-size: 12pt;\">Directora de Escuela:<\/span><br \/><span style=\"font-family: helvetica, arial, sans-serif; font-size: 12pt;\"> <strong>Mar\u00eda Gracia Parra Pirela<\/strong><\/span><\/p>\n<\/td>\n<\/tr>\n<tr>\n<td style=\"text-align: center; width: 32.1684%;\">\u00a0<a href=\"https:\/\/movimientobiodanza.com\/tesis\/TesisBiodanzaThaisParraNorveliaVela%CC%81squezJennyUlacioyJoannaHenriquez.pdf\" target=\"_blank\" rel=\"noopener noreferrer\"><img src=\"https:\/\/movimientobiodanza.com\/images\/pdf.png\" alt=\"\" \/><\/a><\/td>\n<td style=\"text-align: center; width: 35.3942%;\">\u00a0<a href=\"https:\/\/movimientobiodanza.com\/tesis\/TesisBiodanzaJohnBodenPatriciaMolaroyBeatrizMorillo.pdf\" target=\"_blank\" rel=\"noopener noreferrer\"><img src=\"https:\/\/movimientobiodanza.com\/images\/pdf.png\" alt=\"\" \/><\/a><\/td>\n<td style=\"text-align: center; width: 31.5413%;\">\u00a0<a href=\"https:\/\/movimientobiodanza.com\/tesis\/TesisBiodanzaMo%CC%81nicaJorda%CC%81nYajairaDi%CC%81azyMari%CC%81aIne%CC%81sCollao.pdf\" target=\"_blank\" rel=\"noopener noreferrer\"><img src=\"https:\/\/movimientobiodanza.com\/images\/pdf.png\" alt=\"\" \/><\/a><\/td>\n<\/tr>\n<tr>\n<td style=\"text-align: center; width: 32.1684%;\">\n<p>EL CAOS COMO ELEMENTO CENTRAL QUE<br \/>MOVILIZA NUESTRAS VIDAS<\/p>\n<p><strong><span style=\"font-family: helvetica, arial, sans-serif; font-size: 12pt;\">Jenny M. Ulacio M.<\/span><\/strong><br \/><strong><span style=\"font-family: helvetica, arial, sans-serif; font-size: 12pt;\">Joanna R. Henr\u00edquez M.<\/span><\/strong><br \/><strong><span style=\"font-family: helvetica, arial, sans-serif; font-size: 12pt;\">Norvelia Vel\u00e1squez<\/span><\/strong><br \/><strong><span style=\"font-family: helvetica, arial, sans-serif; font-size: 12pt;\">Thais Parra Q.<\/span><\/strong>\u00a0<\/p>\n<p>&nbsp;<\/p>\n<p><span style=\"font-family: helvetica, arial, sans-serif; font-size: 12pt;\">Tutora Acad\u00e9mica:<\/span><br \/><span style=\"font-family: helvetica, arial, sans-serif; font-size: 12pt;\"> <strong>Mar\u00eda Marinaro Colonna<\/strong><\/span><\/p>\n<p><span style=\"font-family: helvetica, arial, sans-serif; font-size: 12pt;\">Tutora Metodol\u00f3gico:<\/span><br \/><span style=\"font-family: helvetica, arial, sans-serif; font-size: 12pt;\"><strong>Beatriz Borjas<\/strong><\/span><\/p>\n<p><span style=\"font-family: helvetica, arial, sans-serif; font-size: 12pt;\">Directora de Escuela:<\/span><br \/><span style=\"font-family: helvetica, arial, sans-serif; font-size: 12pt;\"> <strong>Mar\u00eda Gracia Parra Pirela<\/strong><\/span><\/p>\n<\/td>\n<td style=\"text-align: center; width: 35.3942%;\">\n<p>\u201cLA \u00c9TICA DESDE LA MIRADA DEL SISTEMA BIODANZA\u201d<\/p>\n<p><span style=\"font-size: 12pt; font-family: helvetica, arial, sans-serif;\"><strong>John Bodden M\u00e9ndez <\/strong><\/span><br \/><span style=\"font-size: 12pt; font-family: helvetica, arial, sans-serif;\"> <strong>Patricia Molaro Toppazzini <\/strong><\/span><br \/><span style=\"font-size: 12pt; font-family: helvetica, arial, sans-serif;\"> <strong>Beatriz Morillo D\u00edaz<\/strong><\/span><\/p>\n<p><span style=\"font-family: helvetica, arial, sans-serif; font-size: 12pt;\">Tutora Didacta:<\/span><br \/><span style=\"font-family: helvetica, arial, sans-serif; font-size: 12pt;\"> <strong>Mar\u00eda Marinaro Colonna<\/strong><\/span><\/p>\n<p><span style=\"font-family: helvetica, arial, sans-serif; font-size: 12pt;\">Directora de Escuela:<\/span><br \/><span style=\"font-family: helvetica, arial, sans-serif; font-size: 12pt;\"> <strong>Mar\u00eda Gracia Parra Pirela<\/strong><\/span><\/p>\n<\/td>\n<td style=\"text-align: center; width: 31.5413%;\">\n<p>EFECTOS DE BIODANZA EN LA REHABILITACION DE UNA SOBREVIVIENTE DE CANCER DE TIMO Y REGULACION DE ENFERMEDADES AUTOINMUNES<\/p>\n<p><span style=\"font-size: 12pt; font-family: helvetica, arial, sans-serif;\"><strong>Collao Ortiz Maria Ines <\/strong><\/span><br \/><span style=\"font-size: 12pt; font-family: helvetica, arial, sans-serif;\"><strong>Diaz Garcia Yajaira Rosa <\/strong><\/span><br \/><span style=\"font-size: 12pt; font-family: helvetica, arial, sans-serif;\"><strong>Jordan Mu\u00f1oz Maria Eugenia Monica<\/strong><\/span><\/p>\n<p><span style=\"font-family: helvetica, arial, sans-serif; font-size: 12pt;\">Tutora Didacta:<\/span><\/p>\n<p><span style=\"font-family: helvetica, arial, sans-serif; font-size: 12pt;\">Directora de Escuela:<\/span><br \/><span style=\"font-family: helvetica, arial, sans-serif; font-size: 12pt;\"> <strong>Mar\u00eda Gracia Parra Pirela<\/strong><\/span><\/p>\n<\/td>\n<\/tr>\n<tr>\n<td style=\"text-align: center; width: 32.1684%;\">\u00a0<a href=\"https:\/\/movimientobiodanza.com\/tesis\/TesisMarisolGoncalvesTamaraGutie%CC%81rrezyWilliamZabala.pdf\" target=\"_blank\" rel=\"noopener noreferrer\"><img src=\"https:\/\/movimientobiodanza.com\/images\/pdf.png\" alt=\"\" \/><\/a><\/td>\n<td style=\"text-align: center; width: 35.3942%;\"><a href=\"https:\/\/drive.google.com\/file\/d\/1ZXYU4OSFUUpRK7yPnQ18-g8y6S2m3RGj\/view?usp=sharing\" target=\"_blank\" rel=\"noopener noreferrer\"><span style=\"color: #666666;\"><img src=\"https:\/\/movimientobiodanza.com\/images\/pdf.png\" alt=\"\" \/><\/span><\/a><\/td>\n<td style=\"text-align: center; width: 31.5413%;\">\u00a0<\/td>\n<\/tr>\n<tr>\n<td style=\"text-align: center; width: 32.1684%;\">\n<p>EFECTOS DEL SISTEMA BIODANZA DESDE EL ENFOQUE BIOL\u00d3GICO, PSICOL\u00d3GICO Y LA CREATIVIDAD EXISTENCIAL<br \/>\u201cTres vidas, tres almas, tres vivencias unidas\u201d<\/p>\n<p><span style=\"font-family: helvetica, arial, sans-serif; font-size: 12pt;\"><strong>Marisol Gon\u00e7alves<\/strong><\/span><br \/><span style=\"font-family: helvetica, arial, sans-serif; font-size: 12pt;\"><strong>Tamara Guti\u00e9rrez <\/strong><\/span><br \/><span style=\"font-family: helvetica, arial, sans-serif; font-size: 12pt;\"><strong>William Zabala<\/strong><\/span>\u00a0<\/p>\n<p>&nbsp;<\/p>\n<p><span style=\"font-family: helvetica, arial, sans-serif; font-size: 12pt;\">Tutor Didacta:<\/span><br \/><span style=\"font-family: helvetica, arial, sans-serif; font-size: 12pt;\"> <strong>Nelson Galante<\/strong><\/span><\/p>\n<p><span style=\"font-family: helvetica, arial, sans-serif; font-size: 12pt;\">Directora de Escuela:<\/span><br \/><span style=\"font-family: helvetica, arial, sans-serif; font-size: 12pt;\"> <strong>Mar\u00eda Gracia Parra Pirela<\/strong><\/span><\/p>\n<\/td>\n<td style=\"text-align: center; width: 35.3942%;\">\n<p>NELSON GALANTE: UNA HISTORIA DE VIDA EN TRANSFORMACI\u00d3N DESDE BIODANZA<\/p>\n<p><span style=\"font-family: helvetica, arial, sans-serif; font-size: 12pt;\"><strong>Johan Uzcategui<\/strong><\/span><br \/><span style=\"font-family: helvetica, arial, sans-serif; font-size: 12pt;\"><strong>Rolando Tapia<\/strong><\/span><\/p>\n<p><span style=\"font-family: helvetica, arial, sans-serif; font-size: 12pt;\">Tutora Didacta:<\/span><br \/><span style=\"font-family: helvetica, arial, sans-serif; font-size: 12pt;\"> <strong>Mar\u00eda Marinaro Colonna<\/strong><\/span><\/p>\n<p><span style=\"font-family: helvetica, arial, sans-serif; font-size: 12pt;\">Directora de Escuela:<\/span><br \/><span style=\"font-family: helvetica, arial, sans-serif; font-size: 12pt;\"> <strong>Mar\u00eda Gracia Parra Pirela<\/strong><\/span><\/p>\n<\/td>\n<td style=\"text-align: center; width: 31.5413%;\">\u00a0<\/td>\n<\/tr>\n<\/tbody>\n<\/table>\n<p>[\/et_pb_text][\/et_pb_column][\/et_pb_row][\/et_pb_section][et_pb_section fb_built=&#8221;1&#8243; _builder_version=&#8221;4.6.0&#8243; _module_preset=&#8221;default&#8221; background_color=&#8221;#626a72&#8243; global_colors_info=&#8221;{}&#8221;][et_pb_row _builder_version=&#8221;4.6.0&#8243; _module_preset=&#8221;default&#8221; global_colors_info=&#8221;{}&#8221;][et_pb_column type=&#8221;4_4&#8243; _builder_version=&#8221;4.6.0&#8243; _module_preset=&#8221;default&#8221; global_colors_info=&#8221;{}&#8221;][et_pb_button button_url=&#8221;@ET-DC@eyJkeW5hbWljIjp0cnVlLCJjb250ZW50IjoicG9zdF9saW5rX3VybF9wYWdlIiwic2V0dGluZ3MiOnsicG9zdF9pZCI6IjE0MDIifX0=@&#8221; url_new_window=&#8221;on&#8221; button_text=&#8221;Haz clic aqu\u00ed para reproducir m\u00fasica&#8221; button_alignment=&#8221;center&#8221; _builder_version=&#8221;4.6.0&#8243; _dynamic_attributes=&#8221;button_url&#8221; _module_preset=&#8221;default&#8221; custom_button=&#8221;on&#8221; button_text_color=&#8221;#ffffff&#8221; button_bg_color=&#8221;#3A5795&#8243; button_border_width=&#8221;0px&#8221; button_border_radius=&#8221;21px&#8221; button_font=&#8221;Lato||||||||&#8221; button_icon=&#8221;%%40%%&#8221; button_on_hover=&#8221;off&#8221; custom_margin=&#8221;||||false|false&#8221; custom_padding=&#8221;|50px|||false|false&#8221; animation_style=&#8221;zoom&#8221; global_colors_info=&#8221;{}&#8221;][\/et_pb_button][et_pb_text _builder_version=&#8221;4.12.1&#8243; _module_preset=&#8221;default&#8221; text_text_color=&#8221;#ffffff&#8221; global_colors_info=&#8221;{}&#8221;]<\/p>\n<p style=\"text-align: center;\">Movimiento Biodanza &#8211; Copyright \u00a9 2022 Asesores Ing. Jorge Silva Alvarez<\/p>\n<p>[\/et_pb_text][\/et_pb_column][\/et_pb_row][\/et_pb_section]<\/p>\n","protected":false},"excerpt":{"rendered":"<p>instagramfacebook&nbsp; \u00a0 \u00a0 \u00a0 DANZANDO UNA NUEVA FORMA DE COMUNICARNOS:Automotriz Cabimas, sucursal Ojeda Magaly Coromoto Linares Bastidas Mirgui Del Carmen Navarro Fernandez Zoila Rosa Guzm\u00e1n Cera\u00a0 &nbsp; Tutora Didacta: Mar\u00eda Marinaro Colonna Directora de Escuela: Mar\u00eda Gracia Parra Pirela REHABILITACI\u00d3N EXISTENCIAL EN F\u00c9MINAS PRIVADAS DE LIBERTAD: Un Abordaje Sist\u00e9mico Desde La Biodanza Lcda. Almao, SolDra. [&hellip;]<\/p>\n","protected":false},"author":1,"featured_media":0,"parent":0,"menu_order":0,"comment_status":"closed","ping_status":"closed","template":"","meta":{"_et_pb_use_builder":"on","_et_pb_old_content":"","_et_gb_content_width":""},"_links":{"self":[{"href":"https:\/\/movimientobiodanza.com\/wordpress\/wp-json\/wp\/v2\/pages\/1569"}],"collection":[{"href":"https:\/\/movimientobiodanza.com\/wordpress\/wp-json\/wp\/v2\/pages"}],"about":[{"href":"https:\/\/movimientobiodanza.com\/wordpress\/wp-json\/wp\/v2\/types\/page"}],"author":[{"embeddable":true,"href":"https:\/\/movimientobiodanza.com\/wordpress\/wp-json\/wp\/v2\/users\/1"}],"replies":[{"embeddable":true,"href":"https:\/\/movimientobiodanza.com\/wordpress\/wp-json\/wp\/v2\/comments?post=1569"}],"version-history":[{"count":14,"href":"https:\/\/movimientobiodanza.com\/wordpress\/wp-json\/wp\/v2\/pages\/1569\/revisions"}],"predecessor-version":[{"id":4211,"href":"https:\/\/movimientobiodanza.com\/wordpress\/wp-json\/wp\/v2\/pages\/1569\/revisions\/4211"}],"wp:attachment":[{"href":"https:\/\/movimientobiodanza.com\/wordpress\/wp-json\/wp\/v2\/media?parent=1569"}],"curies":[{"name":"wp","href":"https:\/\/api.w.org\/{rel}","templated":true}]}}