{"id":200,"date":"2020-09-04T19:59:12","date_gmt":"2020-09-04T19:59:12","guid":{"rendered":"https:\/\/movimientobiodanza.com\/wordpress\/?page_id=200"},"modified":"2022-07-21T19:41:46","modified_gmt":"2022-07-21T19:41:46","slug":"contactanos-en-facebook","status":"publish","type":"page","link":"https:\/\/movimientobiodanza.com\/wordpress\/contactanos-en-facebook\/","title":{"rendered":"Cont\u00e1ctanos en Facebook"},"content":{"rendered":"<p>[et_pb_section fb_built=&#8221;1&#8243; _builder_version=&#8221;4.6.0&#8243; _module_preset=&#8221;default&#8221; background_color=&#8221;#353535&#8243; background_image=&#8221;https:\/\/movimientobiodanza.com\/wordpress\/wp-content\/uploads\/2020\/09\/Fondo-web.png&#8221; background_size=&#8221;contain&#8221; background_position=&#8221;top_center&#8221; global_colors_info=&#8221;{}&#8221;][et_pb_row _builder_version=&#8221;4.6.0&#8243; _module_preset=&#8221;default&#8221; width=&#8221;100%&#8221; global_colors_info=&#8221;{}&#8221;][et_pb_column type=&#8221;4_4&#8243; _builder_version=&#8221;4.6.0&#8243; _module_preset=&#8221;default&#8221; global_colors_info=&#8221;{}&#8221;][et_pb_image src=&#8221;https:\/\/movimientobiodanza.com\/wordpress\/wp-content\/uploads\/2020\/09\/Logo_Biodanza_redondo.png&#8221; title_text=&#8221;Logo_Biodanza_redondo&#8221; align=&#8221;center&#8221; _builder_version=&#8221;4.6.0&#8243; _module_preset=&#8221;default&#8221; global_colors_info=&#8221;{}&#8221;][\/et_pb_image][et_pb_menu menu_id=&#8221;12&#8243; menu_style=&#8221;centered&#8221; dropdown_menu_bg_color=&#8221;#ffffff&#8221; _builder_version=&#8221;4.12.1&#8243; _module_preset=&#8221;default&#8221; background_color=&#8221;rgba(0,0,0,0)&#8221; hover_enabled=&#8221;0&#8243; global_colors_info=&#8221;{}&#8221; sticky_enabled=&#8221;0&#8243;][\/et_pb_menu][et_pb_social_media_follow _builder_version=&#8221;4.12.1&#8243; _module_preset=&#8221;default&#8221; text_orientation=&#8221;center&#8221; global_colors_info=&#8221;{}&#8221;][et_pb_social_media_follow_network social_network=&#8221;instagram&#8221; url=&#8221;https:\/\/www.instagram.com\/mariagraciaparrapirela\/&#8221; _builder_version=&#8221;4.12.1&#8243; _module_preset=&#8221;default&#8221; background_color=&#8221;#ea2c59&#8243; global_colors_info=&#8221;{}&#8221; follow_button=&#8221;off&#8221; url_new_window=&#8221;on&#8221;]instagram[\/et_pb_social_media_follow_network][et_pb_social_media_follow_network social_network=&#8221;facebook&#8221; url=&#8221;https:\/\/www.facebook.com\/mariagraciabiodanzamexico\/&#8221; _builder_version=&#8221;4.6.0&#8243; _module_preset=&#8221;default&#8221; background_color=&#8221;#3b5998&#8243; global_colors_info=&#8221;{}&#8221; follow_button=&#8221;off&#8221; url_new_window=&#8221;on&#8221;]facebook[\/et_pb_social_media_follow_network][\/et_pb_social_media_follow][\/et_pb_column][\/et_pb_row][et_pb_row _builder_version=&#8221;4.6.0&#8243; _module_preset=&#8221;default&#8221; width=&#8221;100%&#8221; global_colors_info=&#8221;{}&#8221;][et_pb_column type=&#8221;4_4&#8243; _builder_version=&#8221;4.6.0&#8243; _module_preset=&#8221;default&#8221; global_colors_info=&#8221;{}&#8221;][et_pb_text _builder_version=&#8221;4.12.1&#8243; _module_preset=&#8221;default&#8221; text_font=&#8221;Lobster Two||||||||&#8221; text_font_size=&#8221;22px&#8221; header_font=&#8221;Lato||||||||&#8221; header_font_size=&#8221;20px&#8221; background_color=&#8221;#ffffff&#8221; custom_padding=&#8221;40px|40px|40px|40px|false|false&#8221; hover_enabled=&#8221;0&#8243; global_colors_info=&#8221;{}&#8221; sticky_enabled=&#8221;0&#8243;]<\/p>\n<h1 class=\"uk-article-title\" style=\"text-align: center; font-size: 26px;\"><span style=\"color: #3a5795;\"><strong>CONTACTO \/ MOVIMIENTO<\/strong> <strong>BIODANZA<\/strong><\/span><\/h1>\n<p>&nbsp;<\/p>\n<p>&nbsp;<\/p>\n<div class=\"tm-article-content\">\n<p style=\"text-align: center;\">Mar\u00eda Gracia Parra Pirela en M\u00e9xico:\u00a0<a href=\"tel:52%201 55 4913 0173\">52 1 55 4913 0173<\/a><\/p>\n<p style=\"text-align: center;\"><span id=\"cloak8f159d9a2be3d484690ac2d805586796\"><a href=\"mailto:marygracy.p@gmail.com\"><img loading=\"lazy\" src=\"https:\/\/www.movimientobiodanza.com\/images\/gmail.jpeg\" alt=\"gmail\" width=\"30\" height=\"22\" \/>marygracy.p@gmail.com<\/a><\/span><\/p>\n<p style=\"text-align: center;\"><img loading=\"lazy\" src=\"https:\/\/www.movimientobiodanza.com\/images\/social\/logofacebook.png\" alt=\"logofacebook\" width=\"30\" height=\"30\" \/>\u00a0<a href=\"https:\/\/www.facebook.com\/mariagraciabiodanzamexico\/\" target=\"_blank\" rel=\"noopener noreferrer\">Visitanos en Facebook<\/a><\/p>\n<p style=\"text-align: center;\">Mary Balza en Venezuela: <a href=\"tel:+580424%206471788\">+580424 6471788<\/a><\/p>\n<p style=\"text-align: center;\"><span id=\"cloak874b0a52d067928a41336707f015c901\"><a href=\"mailto:unanuevatierra9@gmail.com\"><img loading=\"lazy\" src=\"https:\/\/www.movimientobiodanza.com\/images\/gmail.jpeg\" alt=\"gmail\" width=\"30\" height=\"22\" \/><\/a><\/span>\u00a0<span id=\"cloak2d9be2d00248c0c4d1192bfb7159cd4d\"><a href=\"mailto:mariabalza50@gmail.com\">mariabalza50@gmail.com<\/a><\/span><\/p>\n<p style=\"text-align: center;\"><img loading=\"lazy\" src=\"https:\/\/www.movimientobiodanza.com\/images\/social\/logofacebook.png\" alt=\"logofacebook\" width=\"30\" height=\"30\" \/>\u00a0<a href=\"https:\/\/www.facebook.com\/pages\/MOVIMIENTO-BIODANZA-MARACAIBO-Construyendo-UNA-NUEVA-TIERRA\/279046015444480?fref=ts\" target=\"_blank\" rel=\"noopener noreferrer\">Visitanos en Facebook<\/a><\/p>\n<p style=\"text-align: center;\"><span style=\"font-size: 22px;\">Mar\u00eda Julia S\u00e1nchez en Canc\u00fan y Riviera Maya. M\u00e9xico:\u00a0<a href=\"tel:%20+5219989374279\">+5219989374279<\/a><\/span><\/p>\n<p style=\"text-align: center;\"><span id=\"cloak6fde1d07eed26aa41feaf480818215fa\"><a href=\"mailto:unanuevatierra9@gmail.com\"><img loading=\"lazy\" src=\"https:\/\/www.movimientobiodanza.com\/images\/gmail.jpeg\" alt=\"gmail\" width=\"30\" height=\"22\" \/><\/a><\/span>\u00a0<span id=\"cloakf33fc24467349014d10a65df1a202002\"><a href=\"mailto:movimientobiodanzacancun@gmail.com\">movimientobiodanzacancun@gmail.com<\/a><\/span><\/p>\n<p style=\"text-align: center;\"><img loading=\"lazy\" src=\"https:\/\/www.movimientobiodanza.com\/images\/social\/logofacebook.png\" alt=\"logofacebook\" width=\"30\" height=\"30\" \/>\u00a0<a href=\"https:\/\/www.facebook.com\/MovimientoBiodanzaCancun?fref=ts\" target=\"_blank\" rel=\"noopener noreferrer\">Visitanos en Facebook<\/a><\/p>\n<p style=\"text-align: center;\">Sandra Fern\u00e1ndez Pell\u00f3n Larumbe en M\u00e9xico: <a href=\"tel:%20+52 1 777 233 9383\">+52 1 777 233 9383<\/a><\/p>\n<p style=\"text-align: center;\"><span id=\"cloakb6847383fff62ac4dd472ce1e16ee3fb\"><a href=\"mailto:sanfpl@gmail.com\"><img loading=\"lazy\" src=\"https:\/\/www.movimientobiodanza.com\/images\/gmail.jpeg\" alt=\"gmail\" width=\"30\" height=\"22\" \/><\/a><\/span>\u00a0<span id=\"cloak6ec15d2c9fbf78a91c982a0e748d8a0b\"><a href=\"mailto:sanfpl@gmail.com\">sanfpl@gmail.com<\/a><\/span><\/p>\n<p style=\"text-align: center;\"><img loading=\"lazy\" src=\"https:\/\/www.movimientobiodanza.com\/images\/social\/logofacebook.png\" alt=\"logofacebook\" width=\"30\" height=\"30\" \/>\u00a0<a href=\"https:\/\/www.facebook.com\/pages\/Cl%C3%ADnica-del-Alma-para-Una-Nueva-Tierra\/952428828103565?fref=ts\" target=\"_blank\" rel=\"noopener noreferrer\">Visitanos en Facebook<\/a><\/p>\n<\/div>\n<p>[\/et_pb_text][\/et_pb_column][\/et_pb_row][\/et_pb_section][et_pb_section fb_built=&#8221;1&#8243; _builder_version=&#8221;4.6.0&#8243; _module_preset=&#8221;default&#8221; background_color=&#8221;#626a72&#8243; global_colors_info=&#8221;{}&#8221;][et_pb_row _builder_version=&#8221;4.6.0&#8243; _module_preset=&#8221;default&#8221; global_colors_info=&#8221;{}&#8221;][et_pb_column type=&#8221;4_4&#8243; _builder_version=&#8221;4.6.0&#8243; _module_preset=&#8221;default&#8221; global_colors_info=&#8221;{}&#8221;][et_pb_button button_url=&#8221;@ET-DC@eyJkeW5hbWljIjp0cnVlLCJjb250ZW50IjoicG9zdF9saW5rX3VybF9wYWdlIiwic2V0dGluZ3MiOnsicG9zdF9pZCI6IjE0MDIifX0=@&#8221; url_new_window=&#8221;on&#8221; button_text=&#8221;Haz click aqu\u00ed para musicalizar tu visita.&#8221; button_alignment=&#8221;center&#8221; _builder_version=&#8221;4.6.0&#8243; _dynamic_attributes=&#8221;button_url&#8221; _module_preset=&#8221;default&#8221; custom_button=&#8221;on&#8221; button_text_color=&#8221;#ffffff&#8221; button_bg_color=&#8221;#3A5795&#8243; button_border_width=&#8221;0px&#8221; button_border_radius=&#8221;21px&#8221; button_font=&#8221;Lato||||||||&#8221; button_icon=&#8221;%%40%%&#8221; button_on_hover=&#8221;off&#8221; custom_margin=&#8221;||||false|false&#8221; custom_padding=&#8221;|50px|||false|false&#8221; animation_style=&#8221;zoom&#8221; global_colors_info=&#8221;{}&#8221;][\/et_pb_button][et_pb_text _builder_version=&#8221;4.12.1&#8243; _module_preset=&#8221;default&#8221; text_text_color=&#8221;#ffffff&#8221; global_colors_info=&#8221;{}&#8221;]<\/p>\n<p style=\"text-align: center;\">Movimiento Biodanza &#8211; Copyright \u00a9 2022 Asesores Ing. Jorge Silva Alvarez<\/p>\n<p>[\/et_pb_text][\/et_pb_column][\/et_pb_row][\/et_pb_section]<\/p>\n","protected":false},"excerpt":{"rendered":"<p>instagramfacebookCONTACTO \/ MOVIMIENTO BIODANZA &nbsp; &nbsp; Mar\u00eda Gracia Parra Pirela en M\u00e9xico:\u00a052 1 55 4913 0173 marygracy.p@gmail.com \u00a0Visitanos en Facebook Mary Balza en Venezuela: +580424 6471788 \u00a0mariabalza50@gmail.com \u00a0Visitanos en Facebook Mar\u00eda Julia S\u00e1nchez en Canc\u00fan y Riviera Maya. M\u00e9xico:\u00a0+5219989374279 \u00a0movimientobiodanzacancun@gmail.com \u00a0Visitanos en Facebook Sandra Fern\u00e1ndez Pell\u00f3n Larumbe en M\u00e9xico: +52 1 777 233 9383 \u00a0sanfpl@gmail.com [&hellip;]<\/p>\n","protected":false},"author":1,"featured_media":0,"parent":0,"menu_order":0,"comment_status":"closed","ping_status":"closed","template":"","meta":{"_et_pb_use_builder":"on","_et_pb_old_content":"","_et_gb_content_width":""},"_links":{"self":[{"href":"https:\/\/movimientobiodanza.com\/wordpress\/wp-json\/wp\/v2\/pages\/200"}],"collection":[{"href":"https:\/\/movimientobiodanza.com\/wordpress\/wp-json\/wp\/v2\/pages"}],"about":[{"href":"https:\/\/movimientobiodanza.com\/wordpress\/wp-json\/wp\/v2\/types\/page"}],"author":[{"embeddable":true,"href":"https:\/\/movimientobiodanza.com\/wordpress\/wp-json\/wp\/v2\/users\/1"}],"replies":[{"embeddable":true,"href":"https:\/\/movimientobiodanza.com\/wordpress\/wp-json\/wp\/v2\/comments?post=200"}],"version-history":[{"count":17,"href":"https:\/\/movimientobiodanza.com\/wordpress\/wp-json\/wp\/v2\/pages\/200\/revisions"}],"predecessor-version":[{"id":3540,"href":"https:\/\/movimientobiodanza.com\/wordpress\/wp-json\/wp\/v2\/pages\/200\/revisions\/3540"}],"wp:attachment":[{"href":"https:\/\/movimientobiodanza.com\/wordpress\/wp-json\/wp\/v2\/media?parent=200"}],"curies":[{"name":"wp","href":"https:\/\/api.w.org\/{rel}","templated":true}]}}