{"id":217,"date":"2020-09-04T20:29:32","date_gmt":"2020-09-04T20:29:32","guid":{"rendered":"https:\/\/movimientobiodanza.com\/wordpress\/?page_id=217"},"modified":"2022-07-21T19:14:51","modified_gmt":"2022-07-21T19:14:51","slug":"quien-es","status":"publish","type":"page","link":"https:\/\/movimientobiodanza.com\/wordpress\/quien-es\/","title":{"rendered":"\u00bfQui\u00e9n es?"},"content":{"rendered":"<p>[et_pb_section fb_built=&#8221;1&#8243; _builder_version=&#8221;4.6.0&#8243; _module_preset=&#8221;default&#8221; background_color=&#8221;#353535&#8243; background_image=&#8221;https:\/\/movimientobiodanza.com\/wordpress\/wp-content\/uploads\/2020\/09\/Fondo-web.png&#8221; background_size=&#8221;contain&#8221; background_position=&#8221;top_center&#8221; collapsed=&#8221;off&#8221; global_colors_info=&#8221;{}&#8221;][et_pb_row _builder_version=&#8221;4.6.0&#8243; _module_preset=&#8221;default&#8221; width=&#8221;100%&#8221; global_colors_info=&#8221;{}&#8221;][et_pb_column type=&#8221;4_4&#8243; _builder_version=&#8221;4.6.0&#8243; _module_preset=&#8221;default&#8221; global_colors_info=&#8221;{}&#8221;][et_pb_image src=&#8221;https:\/\/movimientobiodanza.com\/wordpress\/wp-content\/uploads\/2020\/09\/Logo_Biodanza_redondo.png&#8221; title_text=&#8221;Logo_Biodanza_redondo&#8221; align=&#8221;center&#8221; _builder_version=&#8221;4.6.0&#8243; _module_preset=&#8221;default&#8221; global_colors_info=&#8221;{}&#8221;][\/et_pb_image][et_pb_menu menu_id=&#8221;12&#8243; menu_style=&#8221;centered&#8221; dropdown_menu_bg_color=&#8221;#ffffff&#8221; _builder_version=&#8221;4.12.1&#8243; _module_preset=&#8221;default&#8221; background_color=&#8221;rgba(0,0,0,0)&#8221; hover_enabled=&#8221;0&#8243; global_colors_info=&#8221;{}&#8221; sticky_enabled=&#8221;0&#8243;][\/et_pb_menu][et_pb_social_media_follow _builder_version=&#8221;4.12.1&#8243; _module_preset=&#8221;default&#8221; text_orientation=&#8221;center&#8221; global_colors_info=&#8221;{}&#8221;][et_pb_social_media_follow_network social_network=&#8221;instagram&#8221; url=&#8221;https:\/\/www.instagram.com\/mariagraciaparrapirela\/&#8221; _builder_version=&#8221;4.12.1&#8243; _module_preset=&#8221;default&#8221; background_color=&#8221;#ea2c59&#8243; global_colors_info=&#8221;{}&#8221; follow_button=&#8221;off&#8221; url_new_window=&#8221;on&#8221;]instagram[\/et_pb_social_media_follow_network][et_pb_social_media_follow_network social_network=&#8221;facebook&#8221; url=&#8221;https:\/\/www.facebook.com\/mariagraciabiodanzamexico\/&#8221; _builder_version=&#8221;4.6.0&#8243; _module_preset=&#8221;default&#8221; background_color=&#8221;#3b5998&#8243; global_colors_info=&#8221;{}&#8221; follow_button=&#8221;off&#8221; url_new_window=&#8221;on&#8221;]facebook[\/et_pb_social_media_follow_network][\/et_pb_social_media_follow][\/et_pb_column][\/et_pb_row][et_pb_row column_structure=&#8221;3_4,1_4&#8243; _builder_version=&#8221;4.6.0&#8243; _module_preset=&#8221;default&#8221; width=&#8221;100%&#8221; global_colors_info=&#8221;{}&#8221;][et_pb_column type=&#8221;3_4&#8243; _builder_version=&#8221;4.6.0&#8243; _module_preset=&#8221;default&#8221; global_colors_info=&#8221;{}&#8221;][et_pb_text content_last_edited=&#8221;off|desktop&#8221; _builder_version=&#8221;4.12.1&#8243; _module_preset=&#8221;default&#8221; text_font=&#8221;Lobster Two||||||||&#8221; text_text_color=&#8221;#3A5795&#8243; text_font_size=&#8221;22px&#8221; header_font=&#8221;Lato||||||||&#8221; header_font_size=&#8221;20px&#8221; background_color=&#8221;#ffffff&#8221; text_orientation=&#8221;justified&#8221; custom_padding=&#8221;40px|40px|40px|40px|false|false&#8221; global_colors_info=&#8221;{}&#8221;]<\/p>\n<h1 style=\"text-align: center; font-size: 26px;\"><strong><span style=\"color: #3a5795;\">\u00bfQUI\u00c9N ES?<\/span><\/strong><\/h1>\n<p>&nbsp;<\/p>\n<p>Mar\u00eda Gracia naci\u00f3 en la tierra del sol amada, como fruto y signo de la d\u00e9cada de los setenta en Venezuela. Fue criada en el seno de una familia que ha sido escuela de generosidad, fortaleza y sabidur\u00eda. Recorri\u00f3 las aulas de los colegios Claret, San Vicente de Pa\u00fal y La Epifan\u00eda en Maracaibo, hasta graduarse de Bachiller en Humanidades en 1988. Inmediatamente, inici\u00f3 su formaci\u00f3n en el conocimiento de las profundidades del ser humano, obteniendo en 1993 el grado de Psic\u00f3loga Cl\u00ednica de la Rep\u00fablica de Venezuela en la Universidad Rafael Urdaneta en Maracaibo.<\/p>\n<p>&nbsp;<\/p>\n<p>Despu\u00e9s de haberse ejercitado como docente y psic\u00f3loga escolar en varias instituciones educativas, su gran sensibilidad la llev\u00f3 a dedicarse a muy temprana edad a la m\u00e1s noble de las causas: la ni\u00f1ez abandonada. Durante una d\u00e9cada, Mar\u00eda Gracia desempe\u00f1\u00f3 varias responsabilidades desde las bases, hasta llegar al liderazgo en la organizaci\u00f3n internacional SOS Aldeas Infantiles de Venezuela, en Maracaibo y Caracas. La calidad excepcional de su labor denodada y creativa en favor del sector m\u00e1s vulnerable y valioso de la sociedad sigue palpitando en el testimonio agradecido de quienes estuvieron en contacto con ella a lo largo de esos a\u00f1os fruct\u00edferos.<\/p>\n<p>&nbsp;<\/p>\n<p>A esta labor Mar\u00eda Gracia a\u00f1adi\u00f3 otra contribuci\u00f3n igualmente significativa en la organizaci\u00f3n \u201cVenezuela sin L\u00edmites\u201d y en otras iniciativas de car\u00e1cter social como facilitadora de programas de prevenci\u00f3n contra las drogas, sembrando conciencia y apoyando a grupos y comunidades a lo largo de la geograf\u00eda nacional.<\/p>\n<p>&nbsp;<\/p>\n<p>Desde su inmersi\u00f3n cotidiana en ambientes altruistas y filantr\u00f3picos, Mar\u00eda Gracia ha cultivado de manera responsable y exitosa su formaci\u00f3n profesional, desarrollando varias formaciones acad\u00e9micas de gran relevancia en la ciudad capital, durante seis a\u00f1os. Esta formaci\u00f3n se ha enriquecido decididamente con viajes de estudio, trabajo y placer que la han llevado a diversas latitudes en numerosos pa\u00edses de las Am\u00e9ricas y Europa.<\/p>\n<p>&nbsp;<\/p>\n<p>Mar\u00eda Gracia retorn\u00f3 a sus ra\u00edces marabinas desde donde ha dado nuevos frutos estrat\u00e9gicos en el \u00e1mbito del sistema Biodanza, en el cual se form\u00f3 como facilitadora en la Escuela Venezolana de Biodanza durante su estad\u00eda previa en Caracas y como profesora didacta en la Escuela Modelo de Biodanza en Santiago de Chile, establecida por Rolando Toro, el fundador del sistema Biodanza. A trav\u00e9s de su iniciativa de fundar el Movimiento Biodanza Maracaibo, la organizaci\u00f3n Una Nueva Tierra (con la colaboraci\u00f3n de colegas) y la Escuela de Biodanza del Sol de Maracaibo, Mar\u00eda Gracia contin\u00faa demostrando sus cualidades excepcionales como abridora creativa de caminos y promotora comprometida del desarrollo humano, dise\u00f1ando y facilitando expediciones para el crecimiento personal, tales como El Retorno al Origen al pie del Salto Angel, en el coraz\u00f3n de la selva venezolana, M\u00e9xico Ancestral en Tlatonatzintli, M\u00e9xico y la m\u00e1s reciente Peregrinaci\u00f3n al Camino de Santiago, Espa\u00f1a. \u00a0Adem\u00e1s ha contribuido a la expansi\u00f3n de la Biodanza en Panam\u00e1 y en M\u00e9xico, pa\u00eds este \u00faltimo en el que se ha unido a su colega y cantoterapeuta Sandra Fern\u00e1ndez Pell\u00f3n Larumbe para emprender juntas un nuevo proyecto de sanaci\u00f3n personal y desarrollo humano integral, la Cl\u00ednica del Alma para una Nueva Tierra.<\/p>\n<p>&nbsp;<\/p>\n<p>\u201cLos que de una u otra forma hemos interactuado con Mar\u00eda Gracia nos sentimos privilegiados por su compa\u00f1\u00eda, agradecidos por su amistad e inspirados por su carisma, a la vez que aguardamos con expectativa gozosa un porvenir de siembra continuada y cosecha de frutos inimaginables desde las m\u00faltiples gracias de las cuales ella contin\u00faa siendo depositaria singular e instrumento fiel. Una de ellas, tal vez la que m\u00e1s disfruta, es acompa\u00f1ar a otros en el aprendizaje del hermoso Arte de Danzar la Vida.\u201d<\/p>\n<p><img loading=\"lazy\" class=\"wp-image-222 alignnone size-full\" style=\"display: block; margin-left: auto; margin-right: auto;\" src=\"https:\/\/movimientobiodanza.com\/wordpress\/wp-content\/uploads\/2020\/09\/FirmaCarlosHugo.png\" alt=\"\" width=\"282\" height=\"51\" \/><\/p>\n<p><img loading=\"lazy\" class=\"wp-image-221 alignnone size-full\" style=\"display: block; margin-left: auto; margin-right: auto;\" src=\"https:\/\/movimientobiodanza.com\/wordpress\/wp-content\/uploads\/2020\/09\/CarlosHugoParraPirela.png\" alt=\"\" width=\"178\" height=\"193\" \/><\/p>\n<p>&nbsp;<\/p>\n<p style=\"text-align: center;\">\u201cMar\u00eda Gracia siempre trae consigo, en su vocaci\u00f3n y arte de vida, el perfecto equilibrio entre profundidad y gozo, introspecci\u00f3n, reflexi\u00f3n y resignificaci\u00f3n de vida.<\/p>\n<p style=\"text-align: center;\">Mar\u00eda Gracia es una artesana existencial, la cual en su dulce y firme acompa\u00f1amiento del ser, con la impecabilidad que le caracteriza, devela el poder alqu\u00edmico de la transformaci\u00f3n, y es entonces cuando lo imposible comienza a hacerse posible.<\/p>\n<p style=\"text-align: center;\">Mar\u00eda Gracia es una dise\u00f1adora de sue\u00f1os, y no conforme con la manifestaci\u00f3n de los propios, es herramienta de inspiraci\u00f3n para movilizar el coraz\u00f3n de aquellos que le corresponde tocar con su arte terap\u00e9utico y con el reto de vida que a trav\u00e9s de la Biodanza ense\u00f1a.<\/p>\n<p style=\"text-align: center;\">Mar\u00eda Gracia va m\u00e1s all\u00e1 de las fronteras del ser y tambi\u00e9n de las geogr\u00e1ficas, conquistando el coraz\u00f3n de todos aquellos en los que ha impactado con su vocaci\u00f3n, y as\u00ed ha tocado el coraz\u00f3n de M\u00e9xico, llevando a cuestas el estandarte de la Biodanza, realizando m\u00e1s de 50 encuentros de vida y transformaci\u00f3n por toda la Rep\u00fablica, entrando en conexi\u00f3n profunda con el coraz\u00f3n vivo de M\u00e9xico y de todos aquellos que hemos tenido ocasi\u00f3n de ponernos en sus manos al servicio de una vida m\u00e1s plena.<\/p>\n<p style=\"text-align: center;\">Mar\u00eda Gracia es un ser luminoso, sensible y con las herramientas y el compromiso para formar parte del cambio de consciencia que se requiere para construir una nueva humanidad.<\/p>\n<p style=\"text-align: center;\">Que Dios bendiga tu energ\u00eda e inspiraci\u00f3n, nunca dejes de florecer corazones.\u201d<\/p>\n<p style=\"text-align: center;\"><img loading=\"lazy\" class=\"wp-image-223 alignnone size-medium\" src=\"https:\/\/movimientobiodanza.com\/wordpress\/wp-content\/uploads\/2020\/09\/FirmaSandraFernandez-300x42.png\" alt=\"\" width=\"300\" height=\"42\" srcset=\"https:\/\/movimientobiodanza.com\/wordpress\/wp-content\/uploads\/2020\/09\/FirmaSandraFernandez-300x42.png 300w, https:\/\/movimientobiodanza.com\/wordpress\/wp-content\/uploads\/2020\/09\/FirmaSandraFernandez.png 367w\" sizes=\"(max-width: 300px) 100vw, 300px\" \/><\/p>\n<p style=\"text-align: center;\"><img loading=\"lazy\" class=\"wp-image-224 alignnone size-full\" src=\"https:\/\/movimientobiodanza.com\/wordpress\/wp-content\/uploads\/2020\/09\/SandraFernandezPellonLarumbe.png\" alt=\"\" width=\"144\" height=\"263\" \/><\/p>\n<p>[\/et_pb_text][\/et_pb_column][et_pb_column type=&#8221;1_4&#8243; _builder_version=&#8221;4.6.0&#8243; _module_preset=&#8221;default&#8221; global_colors_info=&#8221;{}&#8221;][et_pb_image src=&#8221;https:\/\/movimientobiodanza.com\/wordpress\/wp-content\/uploads\/2020\/09\/bannermaria1.png&#8221; title_text=&#8221;bannermaria1&#8243; _builder_version=&#8221;4.6.0&#8243; _module_preset=&#8221;default&#8221; background_color=&#8221;#ffffff&#8221; custom_padding=&#8221;20px|20px|20px|20px|false|false&#8221; animation_style=&#8221;zoom&#8221; global_colors_info=&#8221;{}&#8221;][\/et_pb_image][et_pb_image src=&#8221;https:\/\/movimientobiodanza.com\/wordpress\/wp-content\/uploads\/2020\/09\/IMG_4461.jpg&#8221; title_text=&#8221;IMG_4461&#8243; _builder_version=&#8221;4.6.0&#8243; _module_preset=&#8221;default&#8221; background_color=&#8221;#ffffff&#8221; custom_padding=&#8221;20px|20px|20px|20px|false|false&#8221; animation_style=&#8221;zoom&#8221; global_colors_info=&#8221;{}&#8221;][\/et_pb_image][et_pb_image src=&#8221;https:\/\/movimientobiodanza.com\/wordpress\/wp-content\/uploads\/2020\/09\/FullSizeRender.jpg&#8221; title_text=&#8221;FullSizeRender&#8221; _builder_version=&#8221;4.6.0&#8243; _module_preset=&#8221;default&#8221; background_color=&#8221;#ffffff&#8221; custom_padding=&#8221;20px|20px|20px|20px|false|false&#8221; animation_style=&#8221;zoom&#8221; global_colors_info=&#8221;{}&#8221;][\/et_pb_image][et_pb_image src=&#8221;https:\/\/movimientobiodanza.com\/wordpress\/wp-content\/uploads\/2020\/09\/FullSizeRender2.jpg&#8221; title_text=&#8221;FullSizeRender2&#8243; _builder_version=&#8221;4.6.0&#8243; _module_preset=&#8221;default&#8221; background_color=&#8221;#ffffff&#8221; custom_padding=&#8221;20px|20px|20px|20px|false|false&#8221; animation_style=&#8221;zoom&#8221; global_colors_info=&#8221;{}&#8221;][\/et_pb_image][et_pb_image src=&#8221;https:\/\/movimientobiodanza.com\/wordpress\/wp-content\/uploads\/2020\/09\/IMG_3238.jpg&#8221; title_text=&#8221;IMG_3238&#8243; _builder_version=&#8221;4.6.0&#8243; _module_preset=&#8221;default&#8221; background_color=&#8221;#ffffff&#8221; custom_padding=&#8221;20px|20px|20px|20px|false|false&#8221; animation_style=&#8221;zoom&#8221; global_colors_info=&#8221;{}&#8221;][\/et_pb_image][et_pb_image src=&#8221;https:\/\/movimientobiodanza.com\/wordpress\/wp-content\/uploads\/2020\/09\/bannermaria2.png&#8221; title_text=&#8221;bannermaria2&#8243; _builder_version=&#8221;4.6.0&#8243; _module_preset=&#8221;default&#8221; background_color=&#8221;#ffffff&#8221; custom_padding=&#8221;20px|20px|20px|20px|false|false&#8221; animation_style=&#8221;zoom&#8221; global_colors_info=&#8221;{}&#8221;][\/et_pb_image][et_pb_image src=&#8221;https:\/\/movimientobiodanza.com\/wordpress\/wp-content\/uploads\/2020\/09\/bannermaria3.png&#8221; title_text=&#8221;bannermaria3&#8243; _builder_version=&#8221;4.6.0&#8243; _module_preset=&#8221;default&#8221; background_color=&#8221;#ffffff&#8221; custom_padding=&#8221;20px|20px|20px|20px|false|false&#8221; animation_style=&#8221;zoom&#8221; global_colors_info=&#8221;{}&#8221;][\/et_pb_image][et_pb_image src=&#8221;https:\/\/movimientobiodanza.com\/wordpress\/wp-content\/uploads\/2022\/06\/MG-2-scaled.jpg&#8221; title_text=&#8221;MG-2&#8243; _builder_version=&#8221;4.12.1&#8243; _module_preset=&#8221;default&#8221; background_color=&#8221;#ffffff&#8221; custom_padding=&#8221;20px|20px|20px|20px|false|false&#8221; animation_style=&#8221;zoom&#8221; global_colors_info=&#8221;{}&#8221;][\/et_pb_image][et_pb_image src=&#8221;https:\/\/movimientobiodanza.com\/wordpress\/wp-content\/uploads\/2022\/06\/MG-3-scaled.jpg&#8221; title_text=&#8221;MG-3&#8243; _builder_version=&#8221;4.12.1&#8243; _module_preset=&#8221;default&#8221; background_color=&#8221;#ffffff&#8221; custom_padding=&#8221;20px|20px|20px|20px|false|false&#8221; animation_style=&#8221;zoom&#8221; global_colors_info=&#8221;{}&#8221;][\/et_pb_image][\/et_pb_column][\/et_pb_row][\/et_pb_section][et_pb_section fb_built=&#8221;1&#8243; _builder_version=&#8221;4.6.0&#8243; _module_preset=&#8221;default&#8221; background_color=&#8221;#626a72&#8243; global_colors_info=&#8221;{}&#8221;][et_pb_row _builder_version=&#8221;4.6.0&#8243; _module_preset=&#8221;default&#8221; global_colors_info=&#8221;{}&#8221;][et_pb_column type=&#8221;4_4&#8243; _builder_version=&#8221;4.6.0&#8243; _module_preset=&#8221;default&#8221; global_colors_info=&#8221;{}&#8221;][et_pb_button button_url=&#8221;@ET-DC@eyJkeW5hbWljIjp0cnVlLCJjb250ZW50IjoicG9zdF9saW5rX3VybF9wYWdlIiwic2V0dGluZ3MiOnsicG9zdF9pZCI6IjE0MDIifX0=@&#8221; url_new_window=&#8221;on&#8221; button_text=&#8221;Haz click aqu\u00ed para musicalizar tu visita.&#8221; button_alignment=&#8221;center&#8221; _builder_version=&#8221;4.6.0&#8243; _dynamic_attributes=&#8221;button_url&#8221; _module_preset=&#8221;default&#8221; custom_button=&#8221;on&#8221; button_text_color=&#8221;#ffffff&#8221; button_bg_color=&#8221;#3A5795&#8243; button_border_width=&#8221;0px&#8221; button_border_radius=&#8221;21px&#8221; button_font=&#8221;Lato||||||||&#8221; button_icon=&#8221;%%40%%&#8221; button_on_hover=&#8221;off&#8221; custom_margin=&#8221;||||false|false&#8221; custom_padding=&#8221;|50px|||false|false&#8221; animation_style=&#8221;zoom&#8221; global_colors_info=&#8221;{}&#8221;][\/et_pb_button][et_pb_text _builder_version=&#8221;4.12.1&#8243; _module_preset=&#8221;default&#8221; text_text_color=&#8221;#ffffff&#8221; global_colors_info=&#8221;{}&#8221;]<\/p>\n<p style=\"text-align: center;\">Movimiento Biodanza &#8211; Copyright \u00a9 2022 Asesores Ing. Jorge Silva Alvarez<\/p>\n<p>[\/et_pb_text][\/et_pb_column][\/et_pb_row][\/et_pb_section]<\/p>\n","protected":false},"excerpt":{"rendered":"<p>instagramfacebook\u00bfQUI\u00c9N ES? &nbsp; Mar\u00eda Gracia naci\u00f3 en la tierra del sol amada, como fruto y signo de la d\u00e9cada de los setenta en Venezuela. Fue criada en el seno de una familia que ha sido escuela de generosidad, fortaleza y sabidur\u00eda. Recorri\u00f3 las aulas de los colegios Claret, San Vicente de Pa\u00fal y La Epifan\u00eda [&hellip;]<\/p>\n","protected":false},"author":1,"featured_media":0,"parent":0,"menu_order":0,"comment_status":"closed","ping_status":"closed","template":"","meta":{"_et_pb_use_builder":"on","_et_pb_old_content":"","_et_gb_content_width":""},"_links":{"self":[{"href":"https:\/\/movimientobiodanza.com\/wordpress\/wp-json\/wp\/v2\/pages\/217"}],"collection":[{"href":"https:\/\/movimientobiodanza.com\/wordpress\/wp-json\/wp\/v2\/pages"}],"about":[{"href":"https:\/\/movimientobiodanza.com\/wordpress\/wp-json\/wp\/v2\/types\/page"}],"author":[{"embeddable":true,"href":"https:\/\/movimientobiodanza.com\/wordpress\/wp-json\/wp\/v2\/users\/1"}],"replies":[{"embeddable":true,"href":"https:\/\/movimientobiodanza.com\/wordpress\/wp-json\/wp\/v2\/comments?post=217"}],"version-history":[{"count":45,"href":"https:\/\/movimientobiodanza.com\/wordpress\/wp-json\/wp\/v2\/pages\/217\/revisions"}],"predecessor-version":[{"id":3517,"href":"https:\/\/movimientobiodanza.com\/wordpress\/wp-json\/wp\/v2\/pages\/217\/revisions\/3517"}],"wp:attachment":[{"href":"https:\/\/movimientobiodanza.com\/wordpress\/wp-json\/wp\/v2\/media?parent=217"}],"curies":[{"name":"wp","href":"https:\/\/api.w.org\/{rel}","templated":true}]}}