{"id":249,"date":"2020-09-04T21:07:48","date_gmt":"2020-09-04T21:07:48","guid":{"rendered":"https:\/\/movimientobiodanza.com\/wordpress\/?page_id=249"},"modified":"2025-07-11T01:51:12","modified_gmt":"2025-07-11T01:51:12","slug":"formacion-academica","status":"publish","type":"page","link":"https:\/\/movimientobiodanza.com\/wordpress\/formacion-academica\/","title":{"rendered":"Formaci\u00f3n Acad\u00e9mica"},"content":{"rendered":"<p>[et_pb_section fb_built=&#8221;1&#8243; _builder_version=&#8221;4.6.0&#8243; _module_preset=&#8221;default&#8221; background_color=&#8221;#353535&#8243; background_image=&#8221;https:\/\/movimientobiodanza.com\/wordpress\/wp-content\/uploads\/2020\/09\/Fondo-web.png&#8221; background_size=&#8221;contain&#8221; background_position=&#8221;top_center&#8221; global_colors_info=&#8221;{}&#8221;][et_pb_row _builder_version=&#8221;4.6.0&#8243; _module_preset=&#8221;default&#8221; width=&#8221;100%&#8221; global_colors_info=&#8221;{}&#8221;][et_pb_column type=&#8221;4_4&#8243; _builder_version=&#8221;4.6.0&#8243; _module_preset=&#8221;default&#8221; global_colors_info=&#8221;{}&#8221;][et_pb_image src=&#8221;https:\/\/movimientobiodanza.com\/wordpress\/wp-content\/uploads\/2020\/09\/Logo_Biodanza_redondo.png&#8221; title_text=&#8221;Logo_Biodanza_redondo&#8221; align=&#8221;center&#8221; _builder_version=&#8221;4.6.0&#8243; _module_preset=&#8221;default&#8221; global_colors_info=&#8221;{}&#8221;][\/et_pb_image][et_pb_menu menu_id=&#8221;12&#8243; menu_style=&#8221;centered&#8221; dropdown_menu_bg_color=&#8221;#ffffff&#8221; _builder_version=&#8221;4.12.1&#8243; _module_preset=&#8221;default&#8221; background_color=&#8221;rgba(0,0,0,0)&#8221; global_colors_info=&#8221;{}&#8221;][\/et_pb_menu][et_pb_social_media_follow _builder_version=&#8221;4.12.1&#8243; _module_preset=&#8221;default&#8221; text_orientation=&#8221;center&#8221; global_colors_info=&#8221;{}&#8221;][et_pb_social_media_follow_network social_network=&#8221;instagram&#8221; url=&#8221;https:\/\/www.instagram.com\/mariagraciaparrapirela\/&#8221; _builder_version=&#8221;4.12.1&#8243; _module_preset=&#8221;default&#8221; background_color=&#8221;#ea2c59&#8243; global_colors_info=&#8221;{}&#8221; follow_button=&#8221;off&#8221; url_new_window=&#8221;on&#8221;]instagram[\/et_pb_social_media_follow_network][et_pb_social_media_follow_network social_network=&#8221;facebook&#8221; url=&#8221;https:\/\/www.facebook.com\/mariagraciabiodanzamexico\/&#8221; _builder_version=&#8221;4.6.0&#8243; _module_preset=&#8221;default&#8221; background_color=&#8221;#3b5998&#8243; global_colors_info=&#8221;{}&#8221; follow_button=&#8221;off&#8221; url_new_window=&#8221;on&#8221;]facebook[\/et_pb_social_media_follow_network][\/et_pb_social_media_follow][\/et_pb_column][\/et_pb_row][et_pb_row column_structure=&#8221;3_4,1_4&#8243; _builder_version=&#8221;4.6.0&#8243; _module_preset=&#8221;default&#8221; width=&#8221;100%&#8221; global_colors_info=&#8221;{}&#8221;][et_pb_column type=&#8221;3_4&#8243; _builder_version=&#8221;4.6.0&#8243; _module_preset=&#8221;default&#8221; global_colors_info=&#8221;{}&#8221;][et_pb_text content_last_edited=&#8221;off|desktop&#8221; _builder_version=&#8221;4.12.1&#8243; _module_preset=&#8221;default&#8221; text_font=&#8221;Lobster Two||||||||&#8221; text_text_color=&#8221;#3A5795&#8243; text_font_size=&#8221;22px&#8221; header_font=&#8221;Lato||||||||&#8221; header_font_size=&#8221;20px&#8221; background_color=&#8221;#ffffff&#8221; text_orientation=&#8221;justified&#8221; custom_padding=&#8221;40px|40px|40px|40px|false|false&#8221; global_colors_info=&#8221;{}&#8221;]<\/p>\n<h1 class=\"uk-article-title\" style=\"text-align: center; font-size: 26px;\"><span style=\"color: #3a5795;\"><strong>FORMACI\u00d3N ACAD\u00c9MICA<\/strong><\/span><\/h1>\n<p>&nbsp;<\/p>\n<ul>\n<li>Profesional en Psicolog\u00eda Cl\u00ednica egresada de la Universidad Rafael Urdaneta Estado Zulia. URU 1.988-1.993<\/li>\n<li>Formaci\u00f3n en Inductores en Programaci\u00f3n Neurolingu\u00edstica SIEMPRE-LUZ. Venezuela 2.001.<\/li>\n<li>Especializaci\u00f3n en Facilitaci\u00f3n de Din\u00e1mica de Grupos. Instituto de Crecimiento Experiencial. Venezuela, 2.002-2.003.<\/li>\n<li>Cursos B\u00e1sico. Medio y Avanzado en Psicoterapia Gestalt. Instituto Venezolano de Psicoterapia Gestalt, Venezuela 2.004-2.006<\/li>\n<li>Especializaci\u00f3n en Facilitaci\u00f3n del Sistema Biodanza. International BiocentricFoundation. Venezuela 2.004-2.008<\/li>\n<li>Locuci\u00f3n Profesional. LUZ Venezuela 2.008.<\/li>\n<li>Especializaci\u00f3n en Biodanza Organizacional. (Bogot\u00e1 2.009-2.010).<\/li>\n<li>Especializaci\u00f3n en Biodanza e Identidad y Cuatro Elementos (Buenos Aires, 2.010).<\/li>\n<li>Especializaci\u00f3n en Biodanza y Arquetipos Griegos (Santiago de Chile, 2.010).<\/li>\n<li>Especializaci\u00f3n en Biodanza y el Presentimiento del \u00c1ngel (Santiago de Chile, 2.010).<\/li>\n<li>Especializaci\u00f3n en Biodanza y Neochamanismo (Venezuela 2015).<\/li>\n<li>Especializaci\u00f3n Biodanza Acu\u00e1tica (Venezuela, 2015).<\/li>\n<li>Certificada como profesora Didacta de Biodanza (Junio 2.010 a Julio 2.011 en Santiago de Chile).<\/li>\n<li>Iniciaci\u00f3n Cham\u00e1nica desde el Camino Rojo de la Tradici\u00f3n Ind\u00edgena\u00a0(M\u00e9xico-Ecuador 2013-2015).<\/li>\n<li>Especializaci\u00f3n en Proyecto Minotauro (Venezuela 2016).<\/li>\n<li>Especializaci\u00f3n en Biodanza e I CHING (M\u00e9xico-Chile 2020).<\/li>\n<li>Especializaci\u00f3n en Biodanza y Naturaleza (M\u00e9xico 2021).<\/li>\n<li>Especializaci\u00f3n en Biodanza , Voz, M\u00fasica y Percusi\u00f3n (M\u00e9xico 2022).<\/li>\n<li>Especializaci\u00f3n en Biodanza y las Cuatro Estaciones (Italia , 2023).<\/li>\n<li>Especializaci\u00f3n en Biodanza y el Retorno de Dionisio (M\u00e9xico 2023)<\/li>\n<li>Especializaci\u00f3n en la Aplicaci\u00f3n Biodanza y Acci\u00f3n Social (M\u00e9xico 2024)<\/li>\n<li>Especializaci\u00f3n en Biodanza en Masaje (M\u00e9xico 2024)<\/li>\n<li>Especializaci\u00f3n en Biodanza y el \u00c1rbol de los Deseos (M\u00e9xico 2025)<\/li>\n<\/ul>\n<p>&nbsp;<\/p>\n<div class=\"tm-article-content\">\u00a0<\/div>\n<p>[\/et_pb_text][\/et_pb_column][et_pb_column type=&#8221;1_4&#8243; _builder_version=&#8221;4.6.0&#8243; _module_preset=&#8221;default&#8221; global_colors_info=&#8221;{}&#8221;][et_pb_image src=&#8221;https:\/\/movimientobiodanza.com\/wordpress\/wp-content\/uploads\/2020\/09\/formacionbanner1.png&#8221; title_text=&#8221;formacionbanner1&#8243; _builder_version=&#8221;4.6.0&#8243; _module_preset=&#8221;default&#8221; background_color=&#8221;#ffffff&#8221; min_height=&#8221;207.3px&#8221; custom_padding=&#8221;20px|20px|20px|20px|false|false&#8221; animation_style=&#8221;zoom&#8221; global_colors_info=&#8221;{}&#8221;][\/et_pb_image][et_pb_image src=&#8221;https:\/\/movimientobiodanza.com\/wordpress\/wp-content\/uploads\/2020\/09\/1web.jpg&#8221; title_text=&#8221;1web&#8221; _builder_version=&#8221;4.6.0&#8243; _module_preset=&#8221;default&#8221; background_color=&#8221;#ffffff&#8221; min_height=&#8221;218px&#8221; custom_padding=&#8221;20px|20px|20px|20px|false|false&#8221; animation_style=&#8221;zoom&#8221; global_colors_info=&#8221;{}&#8221;][\/et_pb_image][\/et_pb_column][\/et_pb_row][et_pb_row column_structure=&#8221;1_4,1_4,1_4,1_4&#8243; disabled_on=&#8221;on|off|off&#8221; _builder_version=&#8221;4.12.1&#8243; _module_preset=&#8221;default&#8221; global_colors_info=&#8221;{}&#8221;][et_pb_column type=&#8221;1_4&#8243; _builder_version=&#8221;4.12.1&#8243; _module_preset=&#8221;default&#8221; global_colors_info=&#8221;{}&#8221;][et_pb_image src=&#8221;https:\/\/movimientobiodanza.com\/wordpress\/wp-content\/uploads\/2022\/09\/8.-min-scaled.jpg&#8221; title_text=&#8221;8.-min&#8221; align=&#8221;center&#8221; _builder_version=&#8221;4.12.1&#8243; _module_preset=&#8221;default&#8221; background_color=&#8221;#ffffff&#8221; transform_scale=&#8221;108%|108%&#8221; custom_padding=&#8221;20px|20px|20px|20px|false|false&#8221; animation_style=&#8221;zoom&#8221; global_colors_info=&#8221;{}&#8221;][\/et_pb_image][\/et_pb_column][et_pb_column type=&#8221;1_4&#8243; _builder_version=&#8221;4.12.1&#8243; _module_preset=&#8221;default&#8221; global_colors_info=&#8221;{}&#8221;][et_pb_image src=&#8221;https:\/\/movimientobiodanza.com\/wordpress\/wp-content\/uploads\/2022\/09\/7.-min-scaled.jpg&#8221; title_text=&#8221;7.-min&#8221; align=&#8221;center&#8221; _builder_version=&#8221;4.12.1&#8243; _module_preset=&#8221;default&#8221; background_color=&#8221;#ffffff&#8221; transform_scale=&#8221;108%|108%&#8221; custom_padding=&#8221;20px|20px|20px|20px|false|false&#8221; animation_style=&#8221;zoom&#8221; global_colors_info=&#8221;{}&#8221;][\/et_pb_image][\/et_pb_column][et_pb_column type=&#8221;1_4&#8243; _builder_version=&#8221;4.12.1&#8243; _module_preset=&#8221;default&#8221; global_colors_info=&#8221;{}&#8221;][et_pb_image src=&#8221;https:\/\/movimientobiodanza.com\/wordpress\/wp-content\/uploads\/2020\/09\/formacionbanner2.png&#8221; title_text=&#8221;formacionbanner2&#8243; align=&#8221;center&#8221; _builder_version=&#8221;4.12.1&#8243; _module_preset=&#8221;default&#8221; background_color=&#8221;#ffffff&#8221; transform_scale=&#8221;99%|99%&#8221; transform_translate=&#8221;0px|-7px&#8221; transform_translate_linked=&#8221;off&#8221; min_height=&#8221;140.4px&#8221; custom_padding=&#8221;20px|20px|20px|20px|false|false&#8221; animation_style=&#8221;zoom&#8221; global_colors_info=&#8221;{}&#8221;][\/et_pb_image][\/et_pb_column][et_pb_column type=&#8221;1_4&#8243; _builder_version=&#8221;4.12.1&#8243; _module_preset=&#8221;default&#8221; global_colors_info=&#8221;{}&#8221;][et_pb_image src=&#8221;https:\/\/movimientobiodanza.com\/wordpress\/wp-content\/uploads\/2020\/09\/GrupodeFormacion-1.jpg&#8221; title_text=&#8221;GrupodeFormacion&#8221; align=&#8221;center&#8221; _builder_version=&#8221;4.12.1&#8243; _module_preset=&#8221;default&#8221; background_color=&#8221;#ffffff&#8221; transform_translate=&#8221;0px|-7px&#8221; transform_translate_linked=&#8221;off&#8221; min_height=&#8221;136.4px&#8221; custom_padding=&#8221;20px|20px|20px|20px|false|false&#8221; animation_style=&#8221;zoom&#8221; global_colors_info=&#8221;{}&#8221;][\/et_pb_image][\/et_pb_column][\/et_pb_row][\/et_pb_section][et_pb_section fb_built=&#8221;1&#8243; _builder_version=&#8221;4.6.0&#8243; _module_preset=&#8221;default&#8221; background_color=&#8221;#626a72&#8243; global_colors_info=&#8221;{}&#8221;][et_pb_row _builder_version=&#8221;4.6.0&#8243; _module_preset=&#8221;default&#8221; global_colors_info=&#8221;{}&#8221;][et_pb_column type=&#8221;4_4&#8243; _builder_version=&#8221;4.6.0&#8243; _module_preset=&#8221;default&#8221; global_colors_info=&#8221;{}&#8221;][et_pb_button button_url=&#8221;@ET-DC@eyJkeW5hbWljIjp0cnVlLCJjb250ZW50IjoicG9zdF9saW5rX3VybF9wYWdlIiwic2V0dGluZ3MiOnsicG9zdF9pZCI6IjE0MDIifX0=@&#8221; url_new_window=&#8221;on&#8221; button_text=&#8221;Haz click aqu\u00ed para musicalizar tu visita.&#8221; button_alignment=&#8221;center&#8221; _builder_version=&#8221;4.6.0&#8243; _dynamic_attributes=&#8221;button_url&#8221; _module_preset=&#8221;default&#8221; custom_button=&#8221;on&#8221; button_text_color=&#8221;#ffffff&#8221; button_bg_color=&#8221;#3A5795&#8243; button_border_width=&#8221;0px&#8221; button_border_radius=&#8221;21px&#8221; button_font=&#8221;Lato||||||||&#8221; button_icon=&#8221;%%40%%&#8221; button_on_hover=&#8221;off&#8221; custom_margin=&#8221;||||false|false&#8221; custom_padding=&#8221;|50px|||false|false&#8221; animation_style=&#8221;zoom&#8221; global_colors_info=&#8221;{}&#8221;][\/et_pb_button][et_pb_text _builder_version=&#8221;4.12.1&#8243; _module_preset=&#8221;default&#8221; text_text_color=&#8221;#ffffff&#8221; global_colors_info=&#8221;{}&#8221;]<\/p>\n<p style=\"text-align: center;\">Movimiento Biodanza &#8211; Copyright \u00a9 2022 Asesores Ing. Jorge Silva Alvarez<\/p>\n<p>[\/et_pb_text][\/et_pb_column][\/et_pb_row][\/et_pb_section]<\/p>\n","protected":false},"excerpt":{"rendered":"<p>instagramfacebookFORMACI\u00d3N ACAD\u00c9MICA &nbsp; Profesional en Psicolog\u00eda Cl\u00ednica egresada de la Universidad Rafael Urdaneta Estado Zulia. URU 1.988-1.993 Formaci\u00f3n en Inductores en Programaci\u00f3n Neurolingu\u00edstica SIEMPRE-LUZ. Venezuela 2.001. Especializaci\u00f3n en Facilitaci\u00f3n de Din\u00e1mica de Grupos. Instituto de Crecimiento Experiencial. Venezuela, 2.002-2.003. Cursos B\u00e1sico. Medio y Avanzado en Psicoterapia Gestalt. Instituto Venezolano de Psicoterapia Gestalt, Venezuela 2.004-2.006 Especializaci\u00f3n [&hellip;]<\/p>\n","protected":false},"author":1,"featured_media":0,"parent":0,"menu_order":0,"comment_status":"closed","ping_status":"closed","template":"","meta":{"_et_pb_use_builder":"on","_et_pb_old_content":"","_et_gb_content_width":""},"_links":{"self":[{"href":"https:\/\/movimientobiodanza.com\/wordpress\/wp-json\/wp\/v2\/pages\/249"}],"collection":[{"href":"https:\/\/movimientobiodanza.com\/wordpress\/wp-json\/wp\/v2\/pages"}],"about":[{"href":"https:\/\/movimientobiodanza.com\/wordpress\/wp-json\/wp\/v2\/types\/page"}],"author":[{"embeddable":true,"href":"https:\/\/movimientobiodanza.com\/wordpress\/wp-json\/wp\/v2\/users\/1"}],"replies":[{"embeddable":true,"href":"https:\/\/movimientobiodanza.com\/wordpress\/wp-json\/wp\/v2\/comments?post=249"}],"version-history":[{"count":23,"href":"https:\/\/movimientobiodanza.com\/wordpress\/wp-json\/wp\/v2\/pages\/249\/revisions"}],"predecessor-version":[{"id":4162,"href":"https:\/\/movimientobiodanza.com\/wordpress\/wp-json\/wp\/v2\/pages\/249\/revisions\/4162"}],"wp:attachment":[{"href":"https:\/\/movimientobiodanza.com\/wordpress\/wp-json\/wp\/v2\/media?parent=249"}],"curies":[{"name":"wp","href":"https:\/\/api.w.org\/{rel}","templated":true}]}}