{"id":260,"date":"2020-09-04T21:22:17","date_gmt":"2020-09-04T21:22:17","guid":{"rendered":"https:\/\/movimientobiodanza.com\/wordpress\/?page_id=260"},"modified":"2022-07-21T19:17:29","modified_gmt":"2022-07-21T19:17:29","slug":"sus-maestros","status":"publish","type":"page","link":"https:\/\/movimientobiodanza.com\/wordpress\/sus-maestros\/","title":{"rendered":"Sus Maestros"},"content":{"rendered":"<p>[et_pb_section fb_built=&#8221;1&#8243; _builder_version=&#8221;4.6.0&#8243; _module_preset=&#8221;default&#8221; background_color=&#8221;#353535&#8243; background_image=&#8221;https:\/\/movimientobiodanza.com\/wordpress\/wp-content\/uploads\/2020\/09\/Fondo-web.png&#8221; background_size=&#8221;contain&#8221; background_position=&#8221;top_center&#8221; global_colors_info=&#8221;{}&#8221;][et_pb_row _builder_version=&#8221;4.6.0&#8243; _module_preset=&#8221;default&#8221; width=&#8221;100%&#8221; global_colors_info=&#8221;{}&#8221;][et_pb_column type=&#8221;4_4&#8243; _builder_version=&#8221;4.6.0&#8243; _module_preset=&#8221;default&#8221; global_colors_info=&#8221;{}&#8221;][et_pb_image src=&#8221;https:\/\/movimientobiodanza.com\/wordpress\/wp-content\/uploads\/2020\/09\/Logo_Biodanza_redondo.png&#8221; title_text=&#8221;Logo_Biodanza_redondo&#8221; align=&#8221;center&#8221; _builder_version=&#8221;4.6.0&#8243; _module_preset=&#8221;default&#8221; global_colors_info=&#8221;{}&#8221;][\/et_pb_image][et_pb_menu menu_id=&#8221;12&#8243; menu_style=&#8221;centered&#8221; dropdown_menu_bg_color=&#8221;#ffffff&#8221; _builder_version=&#8221;4.12.1&#8243; _module_preset=&#8221;default&#8221; background_color=&#8221;rgba(0,0,0,0)&#8221; hover_enabled=&#8221;0&#8243; global_colors_info=&#8221;{}&#8221; sticky_enabled=&#8221;0&#8243;][\/et_pb_menu][et_pb_social_media_follow _builder_version=&#8221;4.12.1&#8243; _module_preset=&#8221;default&#8221; text_orientation=&#8221;center&#8221; global_colors_info=&#8221;{}&#8221;][et_pb_social_media_follow_network social_network=&#8221;instagram&#8221; url=&#8221;https:\/\/www.instagram.com\/mariagraciaparrapirela\/&#8221; _builder_version=&#8221;4.12.1&#8243; _module_preset=&#8221;default&#8221; background_color=&#8221;#ea2c59&#8243; global_colors_info=&#8221;{}&#8221; follow_button=&#8221;off&#8221; url_new_window=&#8221;on&#8221;]instagram[\/et_pb_social_media_follow_network][et_pb_social_media_follow_network social_network=&#8221;facebook&#8221; url=&#8221;https:\/\/www.facebook.com\/mariagraciabiodanzamexico\/&#8221; _builder_version=&#8221;4.6.0&#8243; _module_preset=&#8221;default&#8221; background_color=&#8221;#3b5998&#8243; global_colors_info=&#8221;{}&#8221; follow_button=&#8221;off&#8221; url_new_window=&#8221;on&#8221;]facebook[\/et_pb_social_media_follow_network][\/et_pb_social_media_follow][\/et_pb_column][\/et_pb_row][et_pb_row _builder_version=&#8221;4.6.0&#8243; _module_preset=&#8221;default&#8221; width=&#8221;100%&#8221; global_colors_info=&#8221;{}&#8221;][et_pb_column type=&#8221;4_4&#8243; _builder_version=&#8221;4.6.0&#8243; _module_preset=&#8221;default&#8221; global_colors_info=&#8221;{}&#8221;][et_pb_text content_last_edited=&#8221;off|desktop&#8221; _builder_version=&#8221;4.12.1&#8243; _module_preset=&#8221;default&#8221; text_font=&#8221;Lato||||||||&#8221; text_text_color=&#8221;#000000&#8243; text_font_size=&#8221;12px&#8221; header_font=&#8221;Lato||||||||&#8221; header_font_size=&#8221;20px&#8221; header_2_font=&#8221;Lobster Two||||||||&#8221; header_2_text_align=&#8221;justify&#8221; header_2_text_color=&#8221;#3A5795&#8243; header_2_font_size=&#8221;22px&#8221; background_color=&#8221;#ffffff&#8221; text_orientation=&#8221;center&#8221; custom_padding=&#8221;40px|40px|40px|40px|false|false&#8221; hover_enabled=&#8221;0&#8243; global_colors_info=&#8221;{}&#8221; sticky_enabled=&#8221;0&#8243;]<\/p>\n<h1 class=\"uk-article-title\" style=\"text-align: center; font-size: 26px;\"><span style=\"color: #3a5795;\"><strong>SUS MAESTROS<\/strong><\/span><\/h1>\n<p>&nbsp;<\/p>\n<h2>Este es un peque\u00f1o espacio para rendir tributo y gratitud a quienes honores merecen.<\/h2>\n<h2>Es una galer\u00eda de joyas humanas con las que la Vida me ha bendecido al hacerme descubrirlas. Seres humanos que han sabido compartir toda su experiencia de vida, su sabidur\u00eda personal y su experiencia profesional, para instruirme amorosamente y hacer de mi un peque\u00f1o instrumento a trav\u00e9s del cual se exprese la c\u00e1lida y dulce potencia del Infinito con todas sus posibilidades.<\/h2>\n<h2>Creo sin duda que si todos ellos conformaran un Consejo para la Paz y la Reeducaci\u00f3n del Planeta, en corto espacio y tiempo nos sorprender\u00eda el extraordinario resultado.<\/h2>\n<h2>Infinitas\u00a0<span style=\"color: #02bccb;\">GRACIAS\u00a0<\/span>a todos mis Amados Maestros de Vida\u2026 regalos invaluables con los que la vida me ha bendecido.<\/h2>\n<table>\n<tbody>\n<tr>\n<td style=\"width: 162.552px;\"><img loading=\"lazy\" class=\"wp-image-264 alignnone size-medium\" style=\"display: block; margin-left: auto; margin-right: auto;\" src=\"https:\/\/movimientobiodanza.com\/wordpress\/wp-content\/uploads\/2020\/09\/1-300x199.jpg\" alt=\"\" width=\"300\" height=\"199\" srcset=\"https:\/\/movimientobiodanza.com\/wordpress\/wp-content\/uploads\/2020\/09\/1-300x199.jpg 300w, https:\/\/movimientobiodanza.com\/wordpress\/wp-content\/uploads\/2020\/09\/1.jpg 347w\" sizes=\"(max-width: 300px) 100vw, 300px\" \/><\/p>\n<p style=\"text-align: center;\">MIS PADRES. JUAN Y NELSA.<br \/>\nMAESTROS EJEMPLARES QUE ME DIERON LA VIDA.<br \/>\nMARACAIBO. VENEZUELA.<\/p>\n<\/td>\n<td style=\"width: 182.778px;\"><img loading=\"lazy\" class=\"wp-image-265 alignnone size-medium\" src=\"https:\/\/movimientobiodanza.com\/wordpress\/wp-content\/uploads\/2020\/09\/2-300x225.jpg\" alt=\"\" width=\"300\" height=\"225\" \/><\/p>\n<p style=\"text-align: center;\">MI HERMANO. CARLOS HUGO PARRA.<br \/>\nMAESTRO DE VIDA.<br \/>\nUSA<\/p>\n<\/td>\n<td style=\"width: 174.531px;\"><img loading=\"lazy\" class=\"wp-image-266 alignnone size-full\" style=\"display: block; margin-left: auto; margin-right: auto;\" src=\"https:\/\/movimientobiodanza.com\/wordpress\/wp-content\/uploads\/2020\/09\/3.jpg\" alt=\"\" width=\"274\" height=\"206\" \/><\/p>\n<p style=\"text-align: center;\">REINA VALBUENA.<br \/>\nMAESTRA DE VIDA.<br \/>\nMARACAIBO. VENEZUELA<\/p>\n<\/td>\n<\/tr>\n<tr>\n<td style=\"text-align: center; width: 162.552px;\"><img loading=\"lazy\" class=\"wp-image-634 alignnone size-medium\" style=\"display: block; margin-left: auto; margin-right: auto;\" src=\"https:\/\/movimientobiodanza.com\/wordpress\/wp-content\/uploads\/2020\/09\/4-1-300x199.jpg\" alt=\"\" width=\"300\" height=\"199\" \/><\/p>\n<p>MAYBA LEON. GESTALT.<br \/>\nACOMPA\u00d1ANTE DE VIDA<br \/>\nMARACAIBO. VENEZUELA.<\/td>\n<td style=\"text-align: center; width: 182.778px;\"><img loading=\"lazy\" class=\"wp-image-635 alignnone size-medium\" src=\"https:\/\/movimientobiodanza.com\/wordpress\/wp-content\/uploads\/2020\/09\/5-2-300x225.jpg\" alt=\"\" width=\"300\" height=\"225\" \/><\/p>\n<p>CONCHITA CAPARROZ. GESTALT.<br \/>\nACOMPA\u00d1ANTE DE VIDA<br \/>\nCARACAS. VENEZUELA<\/td>\n<td style=\"text-align: center; width: 174.531px;\"><img loading=\"lazy\" class=\"wp-image-636 alignnone size-medium\" src=\"https:\/\/movimientobiodanza.com\/wordpress\/wp-content\/uploads\/2020\/09\/6-1-300x225.jpg\" alt=\"\" width=\"300\" height=\"225\" \/><\/p>\n<p>JES\u00daS MIGUEL MART\u00cdNEZ. GESTALT.<br \/>\nACOMPA\u00d1ANTE DE VIDA<br \/>\nCARACAS. VENEZUELA<\/td>\n<\/tr>\n<tr>\n<td style=\"text-align: center; width: 162.552px;\"><img loading=\"lazy\" class=\"wp-image-637 alignnone size-medium\" src=\"https:\/\/movimientobiodanza.com\/wordpress\/wp-content\/uploads\/2020\/09\/7-1-300x199.jpg\" alt=\"\" width=\"300\" height=\"199\" \/><\/p>\n<p>ALPHONSINE KITUMUA.<br \/>\nMISIONERA DE CRISTO.<br \/>\nCARACAS. VENEZUELA<\/td>\n<td style=\"text-align: center; width: 182.778px;\"><img loading=\"lazy\" class=\"wp-image-638 alignnone size-medium\" src=\"https:\/\/movimientobiodanza.com\/wordpress\/wp-content\/uploads\/2020\/09\/8-1-300x225.jpg\" alt=\"\" width=\"300\" height=\"225\" \/><\/p>\n<p>MADRE ROSARIO.<br \/>\nMISIONERAS DE LA CARIDAD.<br \/>\nCOCOROTE. VENEZUELA<\/td>\n<td style=\"text-align: center; width: 174.531px;\"><img loading=\"lazy\" class=\"wp-image-639 alignnone size-medium\" src=\"https:\/\/movimientobiodanza.com\/wordpress\/wp-content\/uploads\/2020\/09\/9-1-300x225.jpg\" alt=\"\" width=\"300\" height=\"225\" \/><\/p>\n<p>ROLANTO TORO.<br \/>\nCREADOR DEL SISTEMA BIODANZA.<br \/>\nITALIA<\/td>\n<\/tr>\n<tr>\n<td style=\"text-align: center; width: 162.552px;\"><img loading=\"lazy\" class=\"wp-image-640 alignnone size-medium\" src=\"https:\/\/movimientobiodanza.com\/wordpress\/wp-content\/uploads\/2020\/09\/10-1-300x199.jpg\" alt=\"\" width=\"300\" height=\"199\" \/><\/p>\n<p>NELSON GALANTE Y STEPHANIE BLOCH.<br \/>\nMIS AMADOS DIRECTORES DE<br \/>\nLA ESCUELA VENEZOLANA DE BIODANZA.<br \/>\nCARACAS. VENEZUELA<\/td>\n<td style=\"text-align: center; width: 182.778px;\"><img loading=\"lazy\" class=\"wp-image-641 alignnone size-medium\" src=\"https:\/\/movimientobiodanza.com\/wordpress\/wp-content\/uploads\/2020\/09\/11-1-300x225.jpg\" alt=\"\" width=\"300\" height=\"225\" \/><\/p>\n<p>MARIA MARINARO.<br \/>\nBIODANZA.<br \/>\nVENEZUELA<\/td>\n<td style=\"text-align: center; width: 174.531px;\"><img loading=\"lazy\" class=\"wp-image-642 alignnone size-medium\" src=\"https:\/\/movimientobiodanza.com\/wordpress\/wp-content\/uploads\/2020\/09\/12-1-300x225.jpg\" alt=\"\" width=\"300\" height=\"225\" \/><\/p>\n<p>LAURA SERRANO.<br \/>\nBIODANZA.<br \/>\nESPA\u00d1A<\/td>\n<\/tr>\n<tr>\n<td style=\"text-align: center; width: 162.552px;\"><img loading=\"lazy\" class=\"wp-image-643 alignnone size-medium\" src=\"https:\/\/movimientobiodanza.com\/wordpress\/wp-content\/uploads\/2020\/09\/13-1-300x199.jpg\" alt=\"\" width=\"300\" height=\"199\" \/><\/p>\n<p>MARIANELA VANGRIEKEN.<br \/>\nBIODANZA.<br \/>\nVENEZUELA<\/td>\n<td style=\"text-align: center; width: 182.778px;\"><img loading=\"lazy\" class=\"wp-image-644 alignnone size-medium\" src=\"https:\/\/movimientobiodanza.com\/wordpress\/wp-content\/uploads\/2020\/09\/14-1-300x225.jpg\" alt=\"\" width=\"300\" height=\"225\" \/><\/p>\n<p>MARIA JULIA S\u00c1NCHEZ.<br \/>\nAMIGA MAESTRA.<br \/>\nCARACAS. VENEZUELA<\/td>\n<td style=\"text-align: center; width: 174.531px;\"><img loading=\"lazy\" class=\"wp-image-645 alignnone size-medium\" src=\"https:\/\/movimientobiodanza.com\/wordpress\/wp-content\/uploads\/2020\/09\/15-1-300x225.jpg\" alt=\"\" width=\"300\" height=\"225\" \/><\/p>\n<p>MYRIAM SOF\u00cdA L\u00d3PEZ.<br \/>\nBIODANZA Y NEOCHAMANISMO.<br \/>\nBOGOT\u00c1. COLOMBIA<\/td>\n<\/tr>\n<tr>\n<td style=\"text-align: center; width: 162.552px;\"><img loading=\"lazy\" class=\"wp-image-646 alignnone size-medium\" src=\"https:\/\/movimientobiodanza.com\/wordpress\/wp-content\/uploads\/2020\/09\/16-1-300x199.jpg\" alt=\"\" width=\"300\" height=\"199\" \/><\/p>\n<p>BERTA GARCIIA OSSA.<br \/>\nBIODANZA.<br \/>\nCHILE<\/td>\n<td style=\"text-align: center; width: 182.778px;\"><img loading=\"lazy\" class=\"wp-image-647 alignnone size-medium\" src=\"https:\/\/movimientobiodanza.com\/wordpress\/wp-content\/uploads\/2020\/09\/17-1-300x225.jpg\" alt=\"\" width=\"300\" height=\"225\" \/><\/p>\n<p>CLAUDETTE SANTAINE.<br \/>\nBIODANZA<br \/>\nBRASIL<\/td>\n<td style=\"text-align: center; width: 174.531px;\"><img loading=\"lazy\" class=\"wp-image-659 alignnone size-medium\" src=\"https:\/\/movimientobiodanza.com\/wordpress\/wp-content\/uploads\/2020\/09\/18-2-300x225.jpg\" alt=\"\" width=\"300\" height=\"225\" \/><\/p>\n<p>NADIA COSTA ROBIN.<br \/>\nBIODANZA<br \/>\nSUIZA<\/td>\n<\/tr>\n<tr>\n<td style=\"text-align: center; width: 162.552px;\"><img loading=\"lazy\" class=\"wp-image-649 alignnone size-medium\" src=\"https:\/\/movimientobiodanza.com\/wordpress\/wp-content\/uploads\/2020\/09\/19-1-300x199.jpg\" alt=\"\" width=\"300\" height=\"199\" \/><\/p>\n<p>VER\u00d3NICA TORO.<br \/>\nBIODANZA.<br \/>\nBUENOS AIRES. ARGENTINA<\/td>\n<td style=\"text-align: center; width: 182.778px;\"><img loading=\"lazy\" class=\"wp-image-650 alignnone size-medium\" src=\"https:\/\/movimientobiodanza.com\/wordpress\/wp-content\/uploads\/2020\/09\/20-1-300x225.jpg\" alt=\"\" width=\"300\" height=\"225\" \/><\/p>\n<p>ROLANDO TORO ACU\u00d1A.<br \/>\nBIODANZA<br \/>\nR\u00cdO DE JANEIRO. BRASIL<\/td>\n<td style=\"text-align: center; width: 174.531px;\"><img loading=\"lazy\" class=\"wp-image-651 alignnone size-medium\" src=\"https:\/\/movimientobiodanza.com\/wordpress\/wp-content\/uploads\/2020\/09\/21-1-300x225.jpg\" alt=\"\" width=\"300\" height=\"225\" \/><\/p>\n<p>RICARDO TORO.<br \/>\nBIODANZA<br \/>\nBRUSELAS. B\u00c9LGICA<\/td>\n<\/tr>\n<tr>\n<td style=\"text-align: center; width: 162.552px;\"><img loading=\"lazy\" class=\"wp-image-652 alignnone size-medium\" src=\"https:\/\/movimientobiodanza.com\/wordpress\/wp-content\/uploads\/2020\/09\/22-1-300x199.jpg\" alt=\"\" width=\"300\" height=\"199\" \/><\/p>\n<p>PILAR TORO.<br \/>\nBIODANZA.<br \/>\nCHILE<\/td>\n<td style=\"text-align: center; width: 182.778px;\"><img loading=\"lazy\" class=\"wp-image-653 alignnone size-medium\" src=\"https:\/\/movimientobiodanza.com\/wordpress\/wp-content\/uploads\/2020\/09\/23-1-300x225.jpg\" alt=\"\" width=\"300\" height=\"225\" \/><\/p>\n<p>LILIANA VIOTI.<br \/>\nBIODANZA<br \/>\nBRASIL<\/td>\n<td style=\"text-align: center; width: 174.531px;\"><img loading=\"lazy\" class=\"wp-image-654 alignnone size-medium\" src=\"https:\/\/movimientobiodanza.com\/wordpress\/wp-content\/uploads\/2020\/09\/24-1-300x225.jpg\" alt=\"\" width=\"300\" height=\"225\" \/><\/p>\n<p>SAIR CLAIRE LEMOS.<br \/>\nBIODANZA<br \/>\nESP\u00cdRITU SANTO. BRASIL<\/td>\n<\/tr>\n<tr>\n<td style=\"text-align: center; width: 162.552px;\"><img loading=\"lazy\" class=\"wp-image-655 alignnone size-medium\" src=\"https:\/\/movimientobiodanza.com\/wordpress\/wp-content\/uploads\/2020\/09\/25-1-300x199.jpg\" alt=\"\" width=\"300\" height=\"199\" \/><\/p>\n<p>ABUELA EVA CECILIA SOLIS.<br \/>\nCAMINO ROJO.<br \/>\nXOXOCOTLA M\u00c9XICO<\/td>\n<td style=\"text-align: center; width: 182.778px;\"><img loading=\"lazy\" class=\"wp-image-656 alignnone size-medium\" src=\"https:\/\/movimientobiodanza.com\/wordpress\/wp-content\/uploads\/2020\/09\/26-1-300x225.jpg\" alt=\"\" width=\"300\" height=\"225\" \/><\/p>\n<p>MARICARMEN TLEMAIZIHUATL.<br \/>\nCAMINO ROJO.<br \/>\nD.F. M\u00c9XICO<\/td>\n<td style=\"text-align: center; width: 174.531px;\"><img loading=\"lazy\" class=\"wp-image-657 alignnone size-full\" src=\"https:\/\/movimientobiodanza.com\/wordpress\/wp-content\/uploads\/2020\/09\/27-1.jpg\" alt=\"\" width=\"221\" height=\"166\" \/><\/p>\n<p>SANDRA FERN\u00c1NDEZ PELL\u00d3N.<br \/>\nCANTO CURATIVO.<br \/>\nCUERNAVACA. M\u00c9XICO<\/td>\n<\/tr>\n<tr>\n<td style=\"text-align: center; width: 162.552px;\"><img loading=\"lazy\" class=\"wp-image-658 alignnone size-medium\" src=\"https:\/\/movimientobiodanza.com\/wordpress\/wp-content\/uploads\/2020\/09\/28-1-300x199.jpg\" alt=\"\" width=\"300\" height=\"199\" srcset=\"https:\/\/movimientobiodanza.com\/wordpress\/wp-content\/uploads\/2020\/09\/28-1-300x199.jpg 300w, https:\/\/movimientobiodanza.com\/wordpress\/wp-content\/uploads\/2020\/09\/28-1.jpg 346w\" sizes=\"(max-width: 300px) 100vw, 300px\" \/><\/p>\n<p>ABUELO ARTURO CHIRIBOGA.<br \/>\nCAMINO ROJO<br \/>\nURCUPACHA, ECUADOR<\/td>\n<td style=\"text-align: center; width: 182.778px;\"><img loading=\"lazy\" src=\"https:\/\/movimientobiodanza.com\/wordpress\/wp-content\/uploads\/2022\/06\/SUS-MAESTROS-300x225.jpg\" width=\"300\" height=\"225\" alt=\"\" class=\"wp-image-3129 alignnone size-medium\" \/><\/p>\n<p>HERMANAS<br \/>\nANIUSKA APONTE Y CLARA EUGENIA TARAZONA<br \/>\nFRANCISCANAS DE\u00a0 LAINMACULADA VALENCIA, ESPA\u00d1A<\/td>\n<td style=\"text-align: center; width: 174.531px;\">&nbsp;<\/p>\n<p>&nbsp;<\/td>\n<\/tr>\n<\/tbody>\n<\/table>\n<p>&nbsp;<\/p>\n<div class=\"tm-article-content\"><\/div>\n<p>[\/et_pb_text][\/et_pb_column][\/et_pb_row][\/et_pb_section][et_pb_section fb_built=&#8221;1&#8243; _builder_version=&#8221;4.6.0&#8243; _module_preset=&#8221;default&#8221; background_color=&#8221;#626a72&#8243; global_colors_info=&#8221;{}&#8221;][et_pb_row _builder_version=&#8221;4.6.0&#8243; _module_preset=&#8221;default&#8221; global_colors_info=&#8221;{}&#8221;][et_pb_column type=&#8221;4_4&#8243; _builder_version=&#8221;4.6.0&#8243; _module_preset=&#8221;default&#8221; global_colors_info=&#8221;{}&#8221;][et_pb_button button_url=&#8221;@ET-DC@eyJkeW5hbWljIjp0cnVlLCJjb250ZW50IjoicG9zdF9saW5rX3VybF9wYWdlIiwic2V0dGluZ3MiOnsicG9zdF9pZCI6IjE0MDIifX0=@&#8221; url_new_window=&#8221;on&#8221; button_text=&#8221;Haz clic aqu\u00ed para reproducir m\u00fasica&#8221; button_alignment=&#8221;center&#8221; _builder_version=&#8221;4.6.0&#8243; _dynamic_attributes=&#8221;button_url&#8221; _module_preset=&#8221;default&#8221; custom_button=&#8221;on&#8221; button_text_color=&#8221;#ffffff&#8221; button_bg_color=&#8221;#3A5795&#8243; button_border_width=&#8221;0px&#8221; button_border_radius=&#8221;21px&#8221; button_font=&#8221;Lato||||||||&#8221; button_icon=&#8221;%%40%%&#8221; button_on_hover=&#8221;off&#8221; custom_margin=&#8221;||||false|false&#8221; custom_padding=&#8221;|50px|||false|false&#8221; animation_style=&#8221;zoom&#8221; global_colors_info=&#8221;{}&#8221;][\/et_pb_button][et_pb_text _builder_version=&#8221;4.12.1&#8243; _module_preset=&#8221;default&#8221; text_text_color=&#8221;#ffffff&#8221; global_colors_info=&#8221;{}&#8221;]<\/p>\n<p style=\"text-align: center;\">Movimiento Biodanza &#8211; Copyright \u00a9 2022 Asesores Ing. Jorge Silva Alvarez<\/p>\n<p>[\/et_pb_text][\/et_pb_column][\/et_pb_row][\/et_pb_section]<\/p>\n","protected":false},"excerpt":{"rendered":"<p>instagramfacebookSUS MAESTROS &nbsp; Este es un peque\u00f1o espacio para rendir tributo y gratitud a quienes honores merecen. Es una galer\u00eda de joyas humanas con las que la Vida me ha bendecido al hacerme descubrirlas. Seres humanos que han sabido compartir toda su experiencia de vida, su sabidur\u00eda personal y su experiencia profesional, para instruirme amorosamente [&hellip;]<\/p>\n","protected":false},"author":1,"featured_media":0,"parent":0,"menu_order":0,"comment_status":"closed","ping_status":"closed","template":"","meta":{"_et_pb_use_builder":"on","_et_pb_old_content":"","_et_gb_content_width":""},"_links":{"self":[{"href":"https:\/\/movimientobiodanza.com\/wordpress\/wp-json\/wp\/v2\/pages\/260"}],"collection":[{"href":"https:\/\/movimientobiodanza.com\/wordpress\/wp-json\/wp\/v2\/pages"}],"about":[{"href":"https:\/\/movimientobiodanza.com\/wordpress\/wp-json\/wp\/v2\/types\/page"}],"author":[{"embeddable":true,"href":"https:\/\/movimientobiodanza.com\/wordpress\/wp-json\/wp\/v2\/users\/1"}],"replies":[{"embeddable":true,"href":"https:\/\/movimientobiodanza.com\/wordpress\/wp-json\/wp\/v2\/comments?post=260"}],"version-history":[{"count":18,"href":"https:\/\/movimientobiodanza.com\/wordpress\/wp-json\/wp\/v2\/pages\/260\/revisions"}],"predecessor-version":[{"id":3521,"href":"https:\/\/movimientobiodanza.com\/wordpress\/wp-json\/wp\/v2\/pages\/260\/revisions\/3521"}],"wp:attachment":[{"href":"https:\/\/movimientobiodanza.com\/wordpress\/wp-json\/wp\/v2\/media?parent=260"}],"curies":[{"name":"wp","href":"https:\/\/api.w.org\/{rel}","templated":true}]}}