{"id":2738,"date":"2022-06-23T16:53:46","date_gmt":"2022-06-23T16:53:46","guid":{"rendered":"https:\/\/movimientobiodanza.com\/wordpress\/?page_id=2738"},"modified":"2022-09-19T16:28:27","modified_gmt":"2022-09-19T16:28:27","slug":"informacion","status":"publish","type":"page","link":"https:\/\/movimientobiodanza.com\/wordpress\/informacion\/","title":{"rendered":"informacion"},"content":{"rendered":"<p>[et_pb_section fb_built=&#8221;1&#8243; _builder_version=&#8221;4.6.0&#8243; _module_preset=&#8221;default&#8221; background_color=&#8221;#353535&#8243; background_image=&#8221;https:\/\/movimientobiodanza.com\/wordpress\/wp-content\/uploads\/2020\/09\/Fondo-web.png&#8221; background_size=&#8221;contain&#8221; background_position=&#8221;top_center&#8221; global_colors_info=&#8221;{}&#8221;][et_pb_row _builder_version=&#8221;4.6.0&#8243; _module_preset=&#8221;default&#8221; width=&#8221;100%&#8221; global_colors_info=&#8221;{}&#8221;][et_pb_column type=&#8221;4_4&#8243; _builder_version=&#8221;4.6.0&#8243; _module_preset=&#8221;default&#8221; global_colors_info=&#8221;{}&#8221;][et_pb_image src=&#8221;https:\/\/movimientobiodanza.com\/wordpress\/wp-content\/uploads\/2020\/09\/Logo_Biodanza_redondo.png&#8221; title_text=&#8221;Logo_Biodanza_redondo&#8221; align=&#8221;center&#8221; _builder_version=&#8221;4.6.0&#8243; _module_preset=&#8221;default&#8221; global_colors_info=&#8221;{}&#8221;][\/et_pb_image][et_pb_menu menu_id=&#8221;12&#8243; menu_style=&#8221;centered&#8221; dropdown_menu_bg_color=&#8221;#ffffff&#8221; _builder_version=&#8221;4.6.0&#8243; _module_preset=&#8221;default&#8221; background_color=&#8221;rgba(0,0,0,0)&#8221; global_colors_info=&#8221;{}&#8221;][\/et_pb_menu][et_pb_social_media_follow _builder_version=&#8221;4.6.0&#8243; _module_preset=&#8221;default&#8221; text_orientation=&#8221;center&#8221; global_colors_info=&#8221;{}&#8221;][et_pb_social_media_follow_network social_network=&#8221;instagram&#8221; url=&#8221;https:\/\/instagram.com\/unanuevatierra9&#8243; _builder_version=&#8221;4.6.0&#8243; _module_preset=&#8221;default&#8221; background_color=&#8221;#ea2c59&#8243; global_colors_info=&#8221;{}&#8221; follow_button=&#8221;off&#8221; url_new_window=&#8221;on&#8221;]instagram[\/et_pb_social_media_follow_network][et_pb_social_media_follow_network social_network=&#8221;facebook&#8221; url=&#8221;https:\/\/www.facebook.com\/mariagraciabiodanzamexico\/&#8221; _builder_version=&#8221;4.6.0&#8243; _module_preset=&#8221;default&#8221; background_color=&#8221;#3b5998&#8243; global_colors_info=&#8221;{}&#8221; follow_button=&#8221;off&#8221; url_new_window=&#8221;on&#8221;]facebook[\/et_pb_social_media_follow_network][et_pb_social_media_follow_network social_network=&#8221;twitter&#8221; url=&#8221;https:\/\/twitter.com\/unanuevatierra9&#8243; _builder_version=&#8221;4.6.0&#8243; _module_preset=&#8221;default&#8221; background_color=&#8221;#00aced&#8221; global_colors_info=&#8221;{}&#8221; follow_button=&#8221;off&#8221; url_new_window=&#8221;on&#8221;]twitter[\/et_pb_social_media_follow_network][\/et_pb_social_media_follow][\/et_pb_column][\/et_pb_row][et_pb_row _builder_version=&#8221;4.6.0&#8243; _module_preset=&#8221;default&#8221; background_color=&#8221;#ffffff&#8221; width=&#8221;100%&#8221; custom_padding=&#8221;|20px|20px|20px|false|false&#8221; global_colors_info=&#8221;{}&#8221;][et_pb_column type=&#8221;4_4&#8243; _builder_version=&#8221;4.6.0&#8243; _module_preset=&#8221;default&#8221; global_colors_info=&#8221;{}&#8221;][et_pb_text content_last_edited=&#8221;off|desktop&#8221; _builder_version=&#8221;4.12.1&#8243; _module_preset=&#8221;default&#8221; text_font=&#8221;Lobster Two||||||||&#8221; text_text_color=&#8221;#3A5795&#8243; text_font_size=&#8221;22px&#8221; header_font=&#8221;Lato||||||||&#8221; header_font_size=&#8221;20px&#8221; header_2_font=&#8221;Lato||||||||&#8221; header_2_text_color=&#8221;#02bccb&#8221; background_color=&#8221;#ffffff&#8221; text_orientation=&#8221;justified&#8221; custom_padding=&#8221;40px|40px|40px|40px|false|false&#8221; global_colors_info=&#8221;{}&#8221;]<\/p>\n<h2 class=\"uk-article-title\" style=\"text-align: center; font-size: 26px;\"><strong><\/strong><\/h2>\n<h2 class=\"uk-article-title\" style=\"text-align: center; font-size: 26px; color: #3a5795;\"><strong style=\"color: #3a5795;\">FORMACI\u00d3N DE ESCUELA DE BIODANZA\u00a0<\/strong><\/h2>\n<h2 class=\"uk-article-title\" style=\"text-align: center; font-size: 26px;\"><strong style=\"color: #3a5795;\">CUERNAVACA-<\/strong><strong style=\"color: #3a5795;\">M\u00c9XICO\u00a0<\/strong><\/h2>\n<p><strong><img loading=\"lazy\" src=\"https:\/\/movimientobiodanza.com\/wordpress\/wp-content\/uploads\/2022\/07\/Captura.png\" width=\"154\" height=\"164\" alt=\"\" class=\"wp-image-3389 alignnone size-full\" style=\"display: block; margin-left: auto; margin-right: auto;\" \/><\/strong><\/p>\n<p>&nbsp;<\/p>\n<p>&nbsp;<\/p>\n<p>Una Escuela de Biodanza es un espacio de aprendizaje y encuentro humano para reaprender a vivir, que promueve la transformaci\u00f3n de una cultura basada en valores antivida, por una cultura a favor de la vida que rescata el sentido primigenio y natural de vivir a plenitud.<\/p>\n<p>Con una metodolod\u00eda te\u00f3rica vivencial, el grupo de estudiantes da inicio a un camino no solo de formaci\u00f3n, sino de trans-formaci\u00f3n profunda que produce un impacto que generalmente marca un antes y un despu\u00e9s en la vida de quienes se forman.<\/p>\n<p style=\"text-align: center;\">[\/et_pb_text][et_pb_image src=&#8221;https:\/\/movimientobiodanza.com\/wordpress\/wp-content\/uploads\/2022\/08\/1.Informacion-inicial-.jpg&#8221; title_text=&#8221;1.Informaci\u00f3n inicial&#8221; align=&#8221;center&#8221; _builder_version=&#8221;4.12.1&#8243; _module_preset=&#8221;default&#8221; width=&#8221;56%&#8221; global_colors_info=&#8221;{}&#8221;][\/et_pb_image][et_pb_text content_last_edited=&#8221;off|desktop&#8221; _builder_version=&#8221;4.12.1&#8243; _module_preset=&#8221;default&#8221; text_font=&#8221;Lobster Two||||||||&#8221; text_text_color=&#8221;#3A5795&#8243; text_font_size=&#8221;22px&#8221; header_font=&#8221;Lato||||||||&#8221; header_font_size=&#8221;20px&#8221; header_2_font=&#8221;Lato||||||||&#8221; header_2_text_color=&#8221;#02bccb&#8221; background_color=&#8221;#ffffff&#8221; text_orientation=&#8221;justified&#8221; custom_padding=&#8221;40px|40px|40px|40px|false|false&#8221; global_colors_info=&#8221;{}&#8221;]<\/p>\n<h2 class=\"uk-article-title\" style=\"text-align: center; font-size: 26px;\"><strong><\/strong><\/h2>\n<h1><span style=\"color: #3a5795;\"><strong>A QUI\u00c9NES VA DIRIGIDA<\/strong><\/span><\/h1>\n<p>A seres humanos interesados en dar un giro a sus prop\u00f3sitos de vida a trav\u00e9s de su pr\u00e1ctica profesional y ejercer la facilitaci\u00f3n del sistema Biodanza como una profesi\u00f3n seria y sustentable.<\/p>\n<p>A profesionales en el \u00e1rea de la salud, la educaci\u00f3n y el coaching organizacional, interesados en adquirir nuevas habilidades que ampl\u00eden sus posibilidades en el ejercicio de su profesi\u00f3n.<\/p>\n<p>A seres humanos que han tenido la oportunidad de vivenciar los potentes efectos de la Biodanza en sus vidas y quieren profundizar en su experiencia, integrando la pr\u00e1ctica vivencial al conocimiento te\u00f3rico.<\/p>\n<p>A seres humanos que sin inter\u00e9s en el ejercicio profesional del sistema Biodanza, quieran vivir los primeros tres a\u00f1os de formaci\u00f3n, como un camino sistem\u00e1tico de TRANS FORMACI\u00d3N para sus estilos de vidas y sus v\u00ednculos afectivos fundamentales.<\/p>\n<p>A quienes quieran sumarse a este movimiento mundial que impacta en la transformaci\u00f3n de la conciencia \u00e9tica de los seres humanos para la creaci\u00f3n de una nueva humanidad.<\/p>\n<p style=\"text-align: center;\">[\/et_pb_text][et_pb_image src=&#8221;https:\/\/movimientobiodanza.com\/wordpress\/wp-content\/uploads\/2022\/08\/WhatsApp-Image-2022-08-12-at-15.11.40-2.jpeg&#8221; title_text=&#8221;WhatsApp Image 2022-08-12 at 15.11.40 (2)&#8221; align=&#8221;center&#8221; _builder_version=&#8221;4.12.1&#8243; _module_preset=&#8221;default&#8221; width=&#8221;69%&#8221; global_colors_info=&#8221;{}&#8221;][\/et_pb_image][et_pb_text content_last_edited=&#8221;off|desktop&#8221; _builder_version=&#8221;4.12.1&#8243; _module_preset=&#8221;default&#8221; text_font=&#8221;Lobster Two||||||||&#8221; text_text_color=&#8221;#3A5795&#8243; text_font_size=&#8221;22px&#8221; header_font=&#8221;Lato||||||||&#8221; header_font_size=&#8221;20px&#8221; header_2_font=&#8221;Lato||||||||&#8221; header_2_text_color=&#8221;#02bccb&#8221; background_color=&#8221;#ffffff&#8221; text_orientation=&#8221;justified&#8221; custom_padding=&#8221;40px|40px|40px|40px|false|false&#8221; hover_enabled=&#8221;0&#8243; global_colors_info=&#8221;{}&#8221; sticky_enabled=&#8221;0&#8243;]<\/p>\n<h2 class=\"uk-article-title\" style=\"text-align: center; font-size: 26px;\"><strong><\/strong><\/h2>\n<h1><span style=\"color: #3a5795;\"><strong>OBJETIVOS<\/strong><\/span><\/h1>\n<p>Ofrecer una formaci\u00f3n vivencial, te\u00f3rica y metodol\u00f3gica id\u00f3nea para el ejercicio profesional del sistema Biodanza, al t\u00e9rmino de la cual quien se forma estar\u00e1 capacitada(o) \u00a0y autorizado(a) por la International Biodanza Federation (IBFed) a trav\u00e9s de la Escuela de Biodanza que la representa (Cuernavaca-M\u00e9xico) , para conducir Grupos de Biodanza en cualquiera de las \u00e1reas de su desempe\u00f1o profesional en los diversos pa\u00edses del mundo, sin necesitar revalidaci\u00f3n del t\u00edtulo entregado.<\/p>\n<p>[\/et_pb_text][et_pb_image src=&#8221;https:\/\/movimientobiodanza.com\/wordpress\/wp-content\/uploads\/2022\/08\/3.-Objetivos.png&#8221; title_text=&#8221;3. Objetivos&#8221; align=&#8221;center&#8221; _builder_version=&#8221;4.12.1&#8243; _module_preset=&#8221;default&#8221; width=&#8221;66%&#8221; global_colors_info=&#8221;{}&#8221;][\/et_pb_image][et_pb_text content_last_edited=&#8221;off|desktop&#8221; _builder_version=&#8221;4.12.1&#8243; _module_preset=&#8221;default&#8221; text_font=&#8221;Lobster Two||||||||&#8221; text_text_color=&#8221;#3A5795&#8243; text_font_size=&#8221;22px&#8221; header_font=&#8221;Lato||||||||&#8221; header_font_size=&#8221;20px&#8221; header_2_font=&#8221;Lato||||||||&#8221; header_2_text_color=&#8221;#02bccb&#8221; background_color=&#8221;#ffffff&#8221; text_orientation=&#8221;justified&#8221; custom_padding=&#8221;40px|40px|40px|40px|false|false&#8221; hover_enabled=&#8221;0&#8243; global_colors_info=&#8221;{}&#8221; sticky_enabled=&#8221;0&#8243;]<\/p>\n<h1><span style=\"color: #3a5795;\"><strong>DURACI\u00d3N<\/strong><\/span><\/h1>\n<p>El curso de formaci\u00f3n en Biodanza tiene una duraci\u00f3n de cuatro (4) a\u00f1os, en los cuales quien se forma necesita cumplir con el <a href=\"https:\/\/movimientobiodanza.com\/wordpress\/programa-unico-de-formacion\/\">Programa \u00danico de Formaci\u00f3n<\/a> \u00a0el cual incluye 30 m\u00f3dulos te\u00f3ricos-vivenciales, que ser\u00e1n impartidos por excelentes Profesores Didactas de Biodanza nacionales e internacionales \u00a0a raz\u00f3n de un m\u00ednimo de ocho (8) y un m\u00e1ximo de diez (10) m\u00f3dulos por a\u00f1o.<\/p>\n<p>&nbsp;<\/p>\n<p>&nbsp;<\/p>\n<h1><span style=\"color: #3a5795;\"><strong>METODOLOG\u00cdA<\/strong><\/span><\/h1>\n<p>Se desarrollan 30 m\u00f3dulos te\u00f3ricos vivenciales de manera presencial a raz\u00f3n de uno mensual, en una modalidad de fin de semana con inmersi\u00f3n total en espacios naturales que contubuyen al silencio, a la interiorizaci\u00f3n a la intimidad\u00a0 y a la convivencia arm\u00f3nica del grupo de formaci\u00f3n.<\/p>\n<p>La modalidad de nuestra escuela es residencial (ingreso el s\u00e1bado y salida el domingo para cada m\u00f3dulo de formaci\u00f3n).<\/p>\n<p>As\u00ed mismo se desarrollan otros talleres y proyectos solo vivenciales que hacen parte complementaria del proceso de trans \u2013 formaci\u00f3n.<\/p>\n<p>Paralelamente quienes se forman, se integran a un Grupo Semanal de Biodanza en la ciudad donde viven, donde desarrolla un proceso de crecimiento personal, sistem\u00e1tico y sostenido que hace parte de la formaci\u00f3n del futuro profesional de Biodanza.<\/p>\n<p>Los cambios comienzan a ser percibidos por quienes se forman y por sus v\u00ednculos m\u00e1s cercanos a medida que avanza la formaci\u00f3n, que suelen estabilizarse en el tiempo por la sistem\u00e1tica metodolog\u00eda utilizada en su desarrollo, semana a semana y mes a mes, durante el desarrollo de la profesi\u00f3n. Por ello este camino\u00a0 puede vivenciarse con el fin solo de desarrollo personal \u00a0y\/o\u00a0 con el fin de desarrollo profesional:<\/p>\n<p>&nbsp;<\/p>\n<h1 style=\"text-align: center;\"><span style=\"color: #3a5795;\"><a href=\"https:\/\/movimientobiodanza.com\/wordpress\/programa-de-desarrollo-personal\/\" style=\"color: #0000ff;\">PROGRAMA DE DESARROLLO PERSONAL\u00a0\u00a0<\/a><\/span>[\/et_pb_text][et_pb_image src=&#8221;https:\/\/movimientobiodanza.com\/wordpress\/wp-content\/uploads\/2022\/08\/4.-PROGRAMA-DE-DESARROLLO-PERSONAL.jpg&#8221; title_text=&#8221;4. PROGRAMA DE DESARROLLO PERSONAL&#8221; align=&#8221;center&#8221; _builder_version=&#8221;4.12.1&#8243; _module_preset=&#8221;default&#8221; width=&#8221;56%&#8221; global_colors_info=&#8221;{}&#8221;][\/et_pb_image][et_pb_text content_last_edited=&#8221;off|desktop&#8221; _builder_version=&#8221;4.12.1&#8243; _module_preset=&#8221;default&#8221; text_font=&#8221;Lobster Two||||||||&#8221; text_text_color=&#8221;#3A5795&#8243; text_font_size=&#8221;22px&#8221; header_font=&#8221;Lato||||||||&#8221; header_font_size=&#8221;20px&#8221; header_2_font=&#8221;Lato||||||||&#8221; header_2_text_color=&#8221;#02bccb&#8221; background_color=&#8221;#ffffff&#8221; text_orientation=&#8221;justified&#8221; custom_padding=&#8221;40px|40px|40px|40px|false|false&#8221; global_colors_info=&#8221;{}&#8221;]<\/p>\n<h2 class=\"uk-article-title\" style=\"text-align: center; font-size: 26px;\"><strong><\/strong><\/h2>\n<p style=\"text-align: center;\">\n<h1 style=\"text-align: center;\"><a href=\"https:\/\/movimientobiodanza.com\/wordpress\/programa-de-desarrollo-personal\/\"><span><a class=\"maxbutton-17 maxbutton maxbutton-ver-mas-programa-de-desarrollo-personal\" href=\"https:\/\/movimientobiodanza.com\/wordpress\/programa-de-desarrollo-personal\/\"><span class='mb-text'>SABER M\u00c1S<\/span><\/a><\/span><\/a><\/h1>\n<p>&nbsp;<\/p>\n<h1 style=\"text-align: center;\"><span style=\"color: #3a5795;\"><a href=\"https:\/\/movimientobiodanza.com\/wordpress\/programa-de-desarrollo-profesional\/%20\u200e\" style=\"color: #0000ff;\">PROGRAMA DESARROLLO PROFESIONAL<\/a><\/span><\/h1>\n<p style=\"text-align: center;\">[\/et_pb_text][et_pb_image src=&#8221;https:\/\/movimientobiodanza.com\/wordpress\/wp-content\/uploads\/2022\/08\/5.-PROGRAMA-DE-DESARROLLO-PROFESIONAL-scaled.jpg&#8221; title_text=&#8221;5. PROGRAMA DE DESARROLLO PROFESIONAL&#8221; align=&#8221;center&#8221; _builder_version=&#8221;4.12.1&#8243; _module_preset=&#8221;default&#8221; width=&#8221;57%&#8221; global_colors_info=&#8221;{}&#8221;][\/et_pb_image][et_pb_text content_last_edited=&#8221;off|desktop&#8221; _builder_version=&#8221;4.12.1&#8243; _module_preset=&#8221;default&#8221; text_font=&#8221;Lobster Two||||||||&#8221; text_text_color=&#8221;#3A5795&#8243; text_font_size=&#8221;22px&#8221; header_font=&#8221;Lato||||||||&#8221; header_font_size=&#8221;20px&#8221; header_2_font=&#8221;Lato||||||||&#8221; header_2_text_color=&#8221;#02bccb&#8221; background_color=&#8221;#ffffff&#8221; text_orientation=&#8221;justified&#8221; custom_padding=&#8221;40px|40px|40px|40px|false|false&#8221; hover_enabled=&#8221;0&#8243; global_colors_info=&#8221;{}&#8221; sticky_enabled=&#8221;0&#8243;]<\/p>\n<h1 style=\"text-align: center;\"><a href=\"https:\/\/movimientobiodanza.com\/wordpress\/programa-de-desarrollo-profesional\/%20\u200e\"><span><a class=\"maxbutton-18 maxbutton maxbutton-ver-mas-programa-de-desarrollo-profesional\" href=\"https:\/\/movimientobiodanza.com\/wordpress\/programa-de-desarrollo-profesional\/\"><span class='mb-text'>SABER M\u00c1S<\/span><\/a><\/span><\/a><\/h1>\n<p>&nbsp;<\/p>\n<p>El trabajo se encuentra dirigido y acompa\u00f1ado por la Directora de la Escuela, la Coordinadora Acad\u00e9mica y un grupo de facilitadores de Biodanza que hacen Equipo para el acompa\u00f1amiento sensible del proceso que viven quienes se forman.<\/p>\n<p>&nbsp;<\/p>\n<h1><span style=\"color: #3a5795;\"><strong>MISI\u00d3N DE LOS\/AS FACILITADORES\/AS DE BIODANZA<\/strong><\/span><\/h1>\n<p><span style=\"color: #3a5795;\"><strong><\/strong><\/span><\/p>\n<p>La tarea de las(os) Facilitadores(as) de Biodanza es transformarse en agentes de salud en el medio en el cual se vive.<\/p>\n<p>Facilitar la sana expresi\u00f3n de la identidad y el desarrollo progresivo y pleno de los potenciales de vitalidad, sexualidad, creatividad, afectividad y trascendencia de quienes acompa\u00f1a.<\/p>\n<p>Su labor esencialmente consiste en descubrir una misi\u00f3n, transmitir el estado de gracia, mostrar nuevos caminos para ejercer el amor y despertar la conciencia iluminada.[\/et_pb_text][et_pb_image src=&#8221;https:\/\/movimientobiodanza.com\/wordpress\/wp-content\/uploads\/2022\/08\/6.-MISiON-de-los-facilitadores-de-Biodanza.jpg&#8221; title_text=&#8221;6. MISi\u00d3N de los facilitadores de Biodanza&#8221; align=&#8221;center&#8221; _builder_version=&#8221;4.12.1&#8243; _module_preset=&#8221;default&#8221; global_colors_info=&#8221;{}&#8221;][\/et_pb_image][et_pb_text content_last_edited=&#8221;off|desktop&#8221; _builder_version=&#8221;4.12.1&#8243; _module_preset=&#8221;default&#8221; text_font=&#8221;Lobster Two||||||||&#8221; text_text_color=&#8221;#3A5795&#8243; text_font_size=&#8221;22px&#8221; header_font=&#8221;Lato||||||||&#8221; header_font_size=&#8221;20px&#8221; header_2_font=&#8221;Lato||||||||&#8221; header_2_text_color=&#8221;#02bccb&#8221; background_color=&#8221;#ffffff&#8221; text_orientation=&#8221;justified&#8221; custom_padding=&#8221;40px|40px|40px|40px|false|false&#8221; global_colors_info=&#8221;{}&#8221;]<\/p>\n<h1><span style=\"color: #3a5795;\"><strong style=\"color: #3a5795;\">EQUIPO DOCENTE<\/strong><\/span><\/h1>\n<p>Los docentes invitados son altamente calificados y avalados por la <strong>International Biodanza Federation<\/strong> (IBFed) sistema Rolando Toro.<\/p>\n<p>Liderados por la orientaci\u00f3n de la Directora de la Escuela Psic. Mar\u00eda Gracia Parra Pirela, los docentes invitados desarrollan los temas asignados durante los fines de semana que se\u00f1ala el programa de formaci\u00f3n, utilizando los amenos recursos de la educai\u00f3n bioc\u00e9ntrica y desarrollando al menos tres segmentos te\u00f3ricos y tres segmentos vivenciales. Al finalizar cada m\u00f3dulo quienes siguen el Programa de Formaci\u00f3n Profesional, hacen entrega de un relato te\u00f3rico vivencial escrito que integra lo aprendido y vivenciado durante el fin de semana.<\/p>\n<p>&nbsp;<\/p>\n<h1 style=\"text-align: center;\"><span style=\"color: #3a5795;\"><strong>Estos son algun@s de ellos\u2026.<\/strong><\/span><\/h1>\n<h2 style=\"text-align: center; color: #3a5795;\"><a style=\"color: #3a5795;\">Equipo Docente Escuela Biodanza Cuernavaca-\u00a0M\u00e9xico<\/a><\/h2>\n<p style=\"text-align: center;\"><span><a class=\"maxbutton-29 maxbutton maxbutton-equipo-de-profesores\" href=\"https:\/\/movimientobiodanza.com\/wordpress\/equipo-docente\/\"><span class='mb-text'>SABER M\u00c1S<\/span><\/a><\/span><\/p>\n<p>Al finalizar la formaci\u00f3n, se realizan un m\u00ednimo de ocho (8) clases supervisadas y se presenta un trabajo final monogr\u00e1fico de integraci\u00f3n de un tema de Biodanza y el desarrollo personal o la sistematizaci\u00f3n de una experiencia pr\u00e1ctica con Biodanza, obteniendo de esta forma la titulaci\u00f3n.<\/p>\n<p>La Titulaci\u00f3n es otorgada por la <strong>Internacional Biodanza Federation (IBFed)<\/strong>, con validez internacional y autoriza a ejercer como profesor@ de Biodanza en cualquier parte del mundo.<\/p>\n<p>Las Escuelas de Biodanza Sistema Rolando Toro, son las \u00fanicas instancias autorizadas a impartir la formaci\u00f3n oficial que sigue el modelo desarrollado en todas las Escuelas de la (IBFed) que integra a m\u00e1s de 180 Escuelas de Biodanza de los cinco continentes con una duraci\u00f3n de 3 \u00bd a 4 a\u00f1os. No est\u00e1n autorizadas modalidades formativas diferentes de menor alcance, tales como diplomados o cursos intensivos.<\/p>\n<p>&nbsp;<\/p>\n<p style=\"text-align: center;\"><img loading=\"lazy\" src=\"https:\/\/movimientobiodanza.com\/wordpress\/wp-content\/uploads\/2022\/06\/MG-1-300x199.jpg\" width=\"405\" height=\"269\" alt=\"\" class=\"wp-image-2744 alignnone size-medium\" \/><\/p>\n<p style=\"text-align: center;\">Psic. Mar\u00eda Gracia Parra Pirela.<\/p>\n<p style=\"text-align: center;\">Directora de la Escuela de Biodanza de Cuernavaca-M\u00e9xico<\/p>\n<p style=\"text-align: center;\"><a href=\"mailto:tel:direccion.escuelacuernavaca@gmail.com\">direccion.escuelacuernavaca@gmail.com<\/a><\/p>\n<p style=\"text-align: center;\">+ 52 55 4913 0173<\/p>\n<p style=\"text-align: center;\"><a href=\"https:\/\/movimientobiodanza.com\/wordpress\/escribenos\/\" class=\"et_pb_button et_pb_button_0 et_pb_bg_layout_light\">Cont\u00e1ctanos<\/a><\/p>\n<p>[\/et_pb_text][\/et_pb_column][\/et_pb_row][\/et_pb_section][et_pb_section fb_built=&#8221;1&#8243; _builder_version=&#8221;4.6.0&#8243; _module_preset=&#8221;default&#8221; background_color=&#8221;#626a72&#8243; global_colors_info=&#8221;{}&#8221;][et_pb_row _builder_version=&#8221;4.6.0&#8243; _module_preset=&#8221;default&#8221; global_colors_info=&#8221;{}&#8221;][et_pb_column type=&#8221;4_4&#8243; _builder_version=&#8221;4.6.0&#8243; _module_preset=&#8221;default&#8221; global_colors_info=&#8221;{}&#8221;][et_pb_button button_url=&#8221;@ET-DC@eyJkeW5hbWljIjp0cnVlLCJjb250ZW50IjoicG9zdF9saW5rX3VybF9wYWdlIiwic2V0dGluZ3MiOnsicG9zdF9pZCI6IjE0MDIifX0=@&#8221; url_new_window=&#8221;on&#8221; button_text=&#8221;Haz click aqu\u00ed para musicalizar tu visita.&#8221; button_alignment=&#8221;center&#8221; _builder_version=&#8221;4.6.0&#8243; _dynamic_attributes=&#8221;button_url&#8221; _module_preset=&#8221;default&#8221; custom_button=&#8221;on&#8221; button_text_color=&#8221;#ffffff&#8221; button_bg_color=&#8221;#3A5795&#8243; button_border_width=&#8221;0px&#8221; button_border_radius=&#8221;21px&#8221; button_font=&#8221;Lato||||||||&#8221; button_icon=&#8221;%%40%%&#8221; button_on_hover=&#8221;off&#8221; custom_margin=&#8221;||||false|false&#8221; custom_padding=&#8221;|50px|||false|false&#8221; animation_style=&#8221;zoom&#8221; global_colors_info=&#8221;{}&#8221;][\/et_pb_button][et_pb_text _builder_version=&#8221;4.12.1&#8243; _module_preset=&#8221;default&#8221; text_text_color=&#8221;#ffffff&#8221; global_colors_info=&#8221;{}&#8221;]<\/p>\n<p style=\"text-align: center;\">Movimiento Biodanza &#8211; Copyright \u00a9 2022 Asesores Ing. Jorge Silva Alvarez<\/p>\n<p>[\/et_pb_text][\/et_pb_column][\/et_pb_row][\/et_pb_section]<\/p>\n","protected":false},"excerpt":{"rendered":"<p>instagramfacebooktwitter FORMACI\u00d3N DE ESCUELA DE BIODANZA\u00a0 CUERNAVACA-M\u00c9XICO\u00a0 &nbsp; &nbsp; Una Escuela de Biodanza es un espacio de aprendizaje y encuentro humano para reaprender a vivir, que promueve la transformaci\u00f3n de una cultura basada en valores antivida, por una cultura a favor de la vida que rescata el sentido primigenio y natural de vivir a plenitud. [&hellip;]<\/p>\n","protected":false},"author":3,"featured_media":0,"parent":0,"menu_order":0,"comment_status":"closed","ping_status":"closed","template":"","meta":{"_et_pb_use_builder":"on","_et_pb_old_content":"","_et_gb_content_width":""},"_links":{"self":[{"href":"https:\/\/movimientobiodanza.com\/wordpress\/wp-json\/wp\/v2\/pages\/2738"}],"collection":[{"href":"https:\/\/movimientobiodanza.com\/wordpress\/wp-json\/wp\/v2\/pages"}],"about":[{"href":"https:\/\/movimientobiodanza.com\/wordpress\/wp-json\/wp\/v2\/types\/page"}],"author":[{"embeddable":true,"href":"https:\/\/movimientobiodanza.com\/wordpress\/wp-json\/wp\/v2\/users\/3"}],"replies":[{"embeddable":true,"href":"https:\/\/movimientobiodanza.com\/wordpress\/wp-json\/wp\/v2\/comments?post=2738"}],"version-history":[{"count":20,"href":"https:\/\/movimientobiodanza.com\/wordpress\/wp-json\/wp\/v2\/pages\/2738\/revisions"}],"predecessor-version":[{"id":3924,"href":"https:\/\/movimientobiodanza.com\/wordpress\/wp-json\/wp\/v2\/pages\/2738\/revisions\/3924"}],"wp:attachment":[{"href":"https:\/\/movimientobiodanza.com\/wordpress\/wp-json\/wp\/v2\/media?parent=2738"}],"curies":[{"name":"wp","href":"https:\/\/api.w.org\/{rel}","templated":true}]}}