{"id":3194,"date":"2022-06-30T15:17:00","date_gmt":"2022-06-30T15:17:00","guid":{"rendered":"https:\/\/movimientobiodanza.com\/wordpress\/?page_id=3194"},"modified":"2022-10-07T18:46:00","modified_gmt":"2022-10-07T18:46:00","slug":"links-asociados-movimientos","status":"publish","type":"page","link":"https:\/\/movimientobiodanza.com\/wordpress\/links-asociados-movimientos\/","title":{"rendered":"Links asociados movimientos"},"content":{"rendered":"<p>[et_pb_section fb_built=&#8221;1&#8243; _builder_version=&#8221;4.6.0&#8243; _module_preset=&#8221;default&#8221; background_color=&#8221;#353535&#8243; background_image=&#8221;https:\/\/movimientobiodanza.com\/wordpress\/wp-content\/uploads\/2020\/09\/Fondo-web.png&#8221; background_size=&#8221;contain&#8221; background_position=&#8221;top_center&#8221; global_colors_info=&#8221;{}&#8221;][et_pb_row _builder_version=&#8221;4.6.0&#8243; _module_preset=&#8221;default&#8221; width=&#8221;100%&#8221; global_colors_info=&#8221;{}&#8221;][et_pb_column type=&#8221;4_4&#8243; _builder_version=&#8221;4.6.0&#8243; _module_preset=&#8221;default&#8221; global_colors_info=&#8221;{}&#8221;][et_pb_image src=&#8221;https:\/\/movimientobiodanza.com\/wordpress\/wp-content\/uploads\/2020\/09\/Logo_Biodanza_redondo.png&#8221; title_text=&#8221;Logo_Biodanza_redondo&#8221; align=&#8221;center&#8221; _builder_version=&#8221;4.6.0&#8243; _module_preset=&#8221;default&#8221; global_colors_info=&#8221;{}&#8221;][\/et_pb_image][et_pb_menu menu_id=&#8221;12&#8243; menu_style=&#8221;centered&#8221; dropdown_menu_bg_color=&#8221;#ffffff&#8221; _builder_version=&#8221;4.6.0&#8243; _module_preset=&#8221;default&#8221; background_color=&#8221;rgba(0,0,0,0)&#8221; global_colors_info=&#8221;{}&#8221;][\/et_pb_menu][et_pb_social_media_follow _builder_version=&#8221;4.12.1&#8243; _module_preset=&#8221;default&#8221; text_orientation=&#8221;center&#8221; hover_enabled=&#8221;0&#8243; global_colors_info=&#8221;{}&#8221; sticky_enabled=&#8221;0&#8243;][et_pb_social_media_follow_network social_network=&#8221;instagram&#8221; url=&#8221;https:\/\/www.instagram.com\/biodanzamariagraciaysandra\/&#8221; _builder_version=&#8221;4.12.1&#8243; _module_preset=&#8221;default&#8221; background_color=&#8221;#ea2c59&#8243; hover_enabled=&#8221;0&#8243; global_colors_info=&#8221;{}&#8221; follow_button=&#8221;off&#8221; url_new_window=&#8221;on&#8221; sticky_enabled=&#8221;0&#8243;]instagram[\/et_pb_social_media_follow_network][et_pb_social_media_follow_network social_network=&#8221;facebook&#8221; url=&#8221;https:\/\/www.facebook.com\/mariagraciabiodanzamexico\/&#8221; _builder_version=&#8221;4.6.0&#8243; _module_preset=&#8221;default&#8221; background_color=&#8221;#3b5998&#8243; global_colors_info=&#8221;{}&#8221; follow_button=&#8221;off&#8221; url_new_window=&#8221;on&#8221;]facebook[\/et_pb_social_media_follow_network][\/et_pb_social_media_follow][\/et_pb_column][\/et_pb_row][et_pb_row _builder_version=&#8221;4.6.0&#8243; _module_preset=&#8221;default&#8221; background_enable_color=&#8221;off&#8221; width=&#8221;100%&#8221; custom_padding=&#8221;|20px||20px|false|false&#8221; global_colors_info=&#8221;{}&#8221;][et_pb_column type=&#8221;4_4&#8243; _builder_version=&#8221;4.6.0&#8243; _module_preset=&#8221;default&#8221; background_color=&#8221;#ffffff&#8221; custom_padding=&#8221;|20px|20px|20px|false|false&#8221; global_colors_info=&#8221;{}&#8221;][et_pb_text content_last_edited=&#8221;off|desktop&#8221; _builder_version=&#8221;4.12.1&#8243; _module_preset=&#8221;default&#8221; text_font=&#8221;Lobster Two||||||||&#8221; text_text_color=&#8221;#3A5795&#8243; text_font_size=&#8221;22px&#8221; header_font=&#8221;Lato||||||||&#8221; header_font_size=&#8221;20px&#8221; header_2_font=&#8221;Lato||||||||&#8221; header_2_text_color=&#8221;#02bccb&#8221; background_color=&#8221;#ffffff&#8221; text_orientation=&#8221;justified&#8221; custom_padding=&#8221;40px|40px|40px|40px|false|false&#8221; global_colors_info=&#8221;{}&#8221;]<\/p>\n<h1 class=\"uk-article-title\" style=\"text-align: center; fon-size: 80px;\"><span style=\"color: #3a5795; font-size: 26px;\"><strong>LINKS ASOCIADOS<\/strong><\/span><\/h1>\n<p><span style=\"color: #0000ff; font-size: 26px;\"><strong><\/strong><\/span><\/p>\n<p>&nbsp;<\/p>\n<h2 style=\"text-align: center;\"><a href=\"http:\/\/www.biodanza.org\/\" target=\"_blank\" rel=\"noopener noreferrer\"><span style=\"color: #3a5795;\"><span>INTERNACIONAL BIODANZA FEDERATION<\/span><\/span><\/a><\/h2>\n<p>&nbsp;<\/p>\n<h2 style=\"text-align: center;\"><a href=\"https:\/\/www.facebook.com\/biodanzawicha\/posts\/escuela-de-biodanza-del-mar-isla-negra-chile-en-biodanza-no-se-pretende-combatir\/783272975343777\/\" target=\"_blank\" rel=\"noopener noreferrer\"><span style=\"color: #02bccb;\">BIODANZA EN CHILE<\/span><\/a><\/h2>\n<p>&nbsp;<\/p>\n<h2 style=\"text-align: center;\"><a href=\"https:\/\/www.facebook.com\/EscuelaBiodanzaRionegro\/\" target=\"_blank\" rel=\"noopener noreferrer\"><span style=\"color: #3a5795;\">BIODANZA EN COLOMBIA<\/span><\/a><\/h2>\n<p>&nbsp;<\/p>\n<h2 style=\"text-align: center;\"><span style=\"color: #02bccb;\"><a style=\"color: #02bccb;\" href=\"http:\/\/www.biodanzaenred.com\/\" target=\"_blank\" rel=\"noopener noreferrer\">BIODANZA EN ARGENTINA<\/a><\/span><\/h2>\n<p>&nbsp;<\/p>\n<h2 style=\"text-align: center;\"><span style=\"color: #3a5795;\"><a style=\"color: #3a5795;\" href=\"https:\/\/www.facebook.com\/escoladebiodanzamarliseeangelina\/\" target=\"_blank\" rel=\"noopener noreferrer\">BIODANZA EN BRASIL<\/a><\/span><\/h2>\n<p>&nbsp;<\/p>\n<h2 style=\"text-align: center;\"><span style=\"color: #02bccb;\"><a style=\"color: #02bccb;\" href=\"https:\/\/www.facebook.com\/mariagraciabiodanzamexico\" target=\"_blank\" rel=\"noopener noreferrer\">BIODANZA EN M\u00c9XICO<\/a><\/span><\/h2>\n<p>&nbsp;<\/p>\n<h2 style=\"text-align: center;\"><a href=\"http:\/\/www.biodanzaya.com\/\" target=\"_blank\" rel=\"noopener noreferrer\"><span style=\"color: #3a5795;\">BIODANZA EN ESPA\u00d1A<\/span><\/a><\/h2>\n<p>&nbsp;<\/p>\n<h2 style=\"text-align: center;\"><a href=\"https:\/\/biodanza4africa.org.za\/\" target=\"_blank\" rel=\"noopener noreferrer\"><span style=\"color: #02bccb;\">BIODANZA EN SUD\u00c1FRICA<\/span><\/a><\/h2>\n<p>&nbsp;<\/p>\n<h2 style=\"text-align: center;\"><a href=\"https:\/\/evbiodanza.com\/la-escuela\/\" target=\"_blank\" rel=\"noopener noreferrer\"><span style=\"color: #3a5795;\">BIODANZA EN VENEZUELA<\/span><\/a><\/h2>\n<p>&nbsp;<\/p>\n<h2 style=\"text-align: center;\"><a href=\"https:\/\/www.facebook.com\/biodanzalosangeles\/\" target=\"_blank\" rel=\"noopener noreferrer\"><span style=\"color: #02bccb;\">BIODANZA USA<\/span><\/a><\/h2>\n<p><span style=\"color: #02bccb;\"><\/span><\/p>\n<h2><\/h2>\n<h2 style=\"text-align: center;\"><a href=\"https:\/\/www.biodanza.ca\/\" target=\"_blank\" rel=\"noopener noreferrer\"><span style=\"color: #3a5795;\">BIODANZA CANAD\u00c1<\/span><\/a><\/h2>\n<p><span style=\"color: #3a5795;\"><\/span><\/p>\n<h2><\/h2>\n<h2 style=\"text-align: center;\"><a href=\"http:\/\/www.biodanzabologna.it\/en\/en-who-we-are\/sergio-cruz\" target=\"_blank\" rel=\"noopener noreferrer\"><span style=\"color: #02bccb;\">BIODANZA EN ITALIA<\/span><\/a><\/h2>\n<p><span style=\"color: #02bccb;\"><\/span><\/p>\n<h2><\/h2>\n<h2 style=\"text-align: center;\"><a href=\"https:\/\/escuelabiodanzaquitopuembo.wordpress.com\/2020\/02\/24\/que-es-biodanza-2\/\" target=\"_blank\" rel=\"noopener noreferrer\"><span style=\"color: #3a5795;\">BIODANZA ECUADOR<\/span><\/a><\/h2>\n<p>&nbsp;<\/p>\n<h2 style=\"text-align: center;\"><a href=\"https:\/\/www.facebook.com\/Biodanza-M%C3%BCnster-438730836171716\/events\" target=\"_blank\" rel=\"noopener noreferrer\"><span style=\"color: #02bccb;\">BIODANZA EN ALEMANIA<\/span><\/a><\/h2>\n<p>&nbsp;<\/p>\n<h2 style=\"text-align: center;\"><a href=\"http:\/\/www.biodanzatoro.com\/biodanza-toro-home\/ricardo-toro-duran\" target=\"_blank\" rel=\"noopener noreferrer\"><span style=\"color: #3a5795;\">BIODANZA EN FRANCIA<\/span><\/a><\/h2>\n<p>&nbsp;<\/p>\n<h2 style=\"text-align: center;\"><span style=\"color: #02bccb;\"><a style=\"color: #02bccb;\" href=\"https:\/\/www.biodanza.com.au\/\" target=\"_blank\" rel=\"noopener noreferrer\">BIODANZA EN AUSTRALIA<\/a><\/span><\/h2>\n<p>&nbsp;<\/p>\n<h2 style=\"text-align: center;\"><a href=\"https:\/\/www.facebook.com\/biodanzaisrael\/\" target=\"_blank\" rel=\"noopener noreferrer\"><span style=\"color: #3a5795;\">BIODANZA EN ISRAEL<\/span><\/a><\/h2>\n<p>&nbsp;<\/p>\n<h2 style=\"text-align: center;\"><\/h2>\n<p>[\/et_pb_text][\/et_pb_column][\/et_pb_row][\/et_pb_section][et_pb_section fb_built=&#8221;1&#8243; _builder_version=&#8221;4.6.0&#8243; _module_preset=&#8221;default&#8221; background_color=&#8221;#626a72&#8243; global_colors_info=&#8221;{}&#8221;][et_pb_row _builder_version=&#8221;4.6.0&#8243; _module_preset=&#8221;default&#8221; global_colors_info=&#8221;{}&#8221;][et_pb_column type=&#8221;4_4&#8243; _builder_version=&#8221;4.6.0&#8243; _module_preset=&#8221;default&#8221; global_colors_info=&#8221;{}&#8221;][et_pb_button button_url=&#8221;@ET-DC@eyJkeW5hbWljIjp0cnVlLCJjb250ZW50IjoicG9zdF9saW5rX3VybF9wYWdlIiwic2V0dGluZ3MiOnsicG9zdF9pZCI6IjE0MDIifX0=@&#8221; url_new_window=&#8221;on&#8221; button_text=&#8221;Haz click aqu\u00ed para musicalizar tu visita.&#8221; button_alignment=&#8221;center&#8221; _builder_version=&#8221;4.6.0&#8243; _dynamic_attributes=&#8221;button_url&#8221; _module_preset=&#8221;default&#8221; custom_button=&#8221;on&#8221; button_text_color=&#8221;#ffffff&#8221; button_bg_color=&#8221;#3A5795&#8243; button_border_width=&#8221;0px&#8221; button_border_radius=&#8221;21px&#8221; button_font=&#8221;Lato||||||||&#8221; button_icon=&#8221;%%40%%&#8221; button_on_hover=&#8221;off&#8221; custom_margin=&#8221;||||false|false&#8221; custom_padding=&#8221;|50px|||false|false&#8221; animation_style=&#8221;zoom&#8221; global_colors_info=&#8221;{}&#8221;][\/et_pb_button][et_pb_text _builder_version=&#8221;4.6.0&#8243; _module_preset=&#8221;default&#8221; text_text_color=&#8221;#ffffff&#8221; global_colors_info=&#8221;{}&#8221;]<\/p>\n<p style=\"text-align: center;\">Movimiento Biodanza &#8211; Copyright \u00a9 2015 Asesores YMT<\/p>\n<p>[\/et_pb_text][\/et_pb_column][\/et_pb_row][\/et_pb_section]<\/p>\n","protected":false},"excerpt":{"rendered":"<p>instagramfacebookLINKS ASOCIADOS &nbsp; INTERNACIONAL BIODANZA FEDERATION &nbsp; BIODANZA EN CHILE &nbsp; BIODANZA EN COLOMBIA &nbsp; BIODANZA EN ARGENTINA &nbsp; BIODANZA EN BRASIL &nbsp; BIODANZA EN M\u00c9XICO &nbsp; BIODANZA EN ESPA\u00d1A &nbsp; BIODANZA EN SUD\u00c1FRICA &nbsp; BIODANZA EN VENEZUELA &nbsp; BIODANZA USA BIODANZA CANAD\u00c1 BIODANZA EN ITALIA BIODANZA ECUADOR &nbsp; BIODANZA EN ALEMANIA &nbsp; BIODANZA EN [&hellip;]<\/p>\n","protected":false},"author":3,"featured_media":0,"parent":0,"menu_order":0,"comment_status":"closed","ping_status":"closed","template":"","meta":{"_et_pb_use_builder":"on","_et_pb_old_content":"","_et_gb_content_width":""},"_links":{"self":[{"href":"https:\/\/movimientobiodanza.com\/wordpress\/wp-json\/wp\/v2\/pages\/3194"}],"collection":[{"href":"https:\/\/movimientobiodanza.com\/wordpress\/wp-json\/wp\/v2\/pages"}],"about":[{"href":"https:\/\/movimientobiodanza.com\/wordpress\/wp-json\/wp\/v2\/types\/page"}],"author":[{"embeddable":true,"href":"https:\/\/movimientobiodanza.com\/wordpress\/wp-json\/wp\/v2\/users\/3"}],"replies":[{"embeddable":true,"href":"https:\/\/movimientobiodanza.com\/wordpress\/wp-json\/wp\/v2\/comments?post=3194"}],"version-history":[{"count":7,"href":"https:\/\/movimientobiodanza.com\/wordpress\/wp-json\/wp\/v2\/pages\/3194\/revisions"}],"predecessor-version":[{"id":3961,"href":"https:\/\/movimientobiodanza.com\/wordpress\/wp-json\/wp\/v2\/pages\/3194\/revisions\/3961"}],"wp:attachment":[{"href":"https:\/\/movimientobiodanza.com\/wordpress\/wp-json\/wp\/v2\/media?parent=3194"}],"curies":[{"name":"wp","href":"https:\/\/api.w.org\/{rel}","templated":true}]}}