{"id":731,"date":"2020-09-17T21:36:04","date_gmt":"2020-09-17T21:36:04","guid":{"rendered":"https:\/\/movimientobiodanza.com\/wordpress\/?page_id=731"},"modified":"2020-12-15T20:09:44","modified_gmt":"2020-12-15T20:09:44","slug":"nuestros-servicios-2","status":"publish","type":"page","link":"https:\/\/movimientobiodanza.com\/wordpress\/nuestros-servicios-2\/","title":{"rendered":"Nuestros Servicios <!- Una nueva tierra ->"},"content":{"rendered":"<p>[et_pb_section fb_built=&#8221;1&#8243; _builder_version=&#8221;4.6.0&#8243; _module_preset=&#8221;default&#8221; background_color=&#8221;#353535&#8243; background_image=&#8221;https:\/\/movimientobiodanza.com\/wordpress\/wp-content\/uploads\/2020\/09\/Fondo-web.png&#8221; background_size=&#8221;contain&#8221; background_position=&#8221;top_center&#8221;][et_pb_row _builder_version=&#8221;4.6.0&#8243; _module_preset=&#8221;default&#8221; width=&#8221;100%&#8221;][et_pb_column type=&#8221;4_4&#8243; _builder_version=&#8221;4.6.0&#8243; _module_preset=&#8221;default&#8221;][et_pb_image src=&#8221;https:\/\/movimientobiodanza.com\/wordpress\/wp-content\/uploads\/2020\/09\/Logo_Biodanza_redondo.png&#8221; title_text=&#8221;Logo_Biodanza_redondo&#8221; align=&#8221;center&#8221; _builder_version=&#8221;4.6.0&#8243; _module_preset=&#8221;default&#8221;][\/et_pb_image][et_pb_menu menu_style=&#8221;centered&#8221; active_link_color=&#8221;#02bccb&#8221; dropdown_menu_bg_color=&#8221;#ffffff&#8221; dropdown_menu_text_color=&#8221;#02bccb&#8221; disabled_on=&#8221;on|on|off&#8221; _builder_version=&#8221;4.6.0&#8243; _module_preset=&#8221;default&#8221; menu_font=&#8221;Amaranth|700|||||||&#8221; menu_text_color=&#8221;#ffffff&#8221; menu_font_size=&#8221;18px&#8221; background_color=&#8221;rgba(0,0,0,0)&#8221; background_color_tablet=&#8221;rgba(0,0,0,0)&#8221; background_color_phone=&#8221;rgba(0,0,0,0)&#8221; background_last_edited=&#8221;on|phone&#8221; background_enable_color_tablet=&#8221;on&#8221; background_enable_color_phone=&#8221;on&#8221; menu_text_shadow_style=&#8221;preset5&#8243; menu_text_shadow_color=&#8221;#000000&#8243;][\/et_pb_menu][et_pb_social_media_follow _builder_version=&#8221;4.6.0&#8243; _module_preset=&#8221;default&#8221; text_orientation=&#8221;center&#8221;][et_pb_social_media_follow_network social_network=&#8221;instagram&#8221; url=&#8221;https:\/\/instagram.com\/unanuevatierra9&#8243; _builder_version=&#8221;4.6.0&#8243; _module_preset=&#8221;default&#8221; background_color=&#8221;#ea2c59&#8243; follow_button=&#8221;off&#8221; url_new_window=&#8221;on&#8221;]instagram[\/et_pb_social_media_follow_network][et_pb_social_media_follow_network social_network=&#8221;facebook&#8221; url=&#8221;https:\/\/www.facebook.com\/mariagraciabiodanzamexico\/&#8221; _builder_version=&#8221;4.6.0&#8243; _module_preset=&#8221;default&#8221; background_color=&#8221;#3b5998&#8243; follow_button=&#8221;off&#8221; url_new_window=&#8221;on&#8221;]facebook[\/et_pb_social_media_follow_network][et_pb_social_media_follow_network social_network=&#8221;twitter&#8221; url=&#8221;https:\/\/twitter.com\/unanuevatierra9&#8243; _builder_version=&#8221;4.6.0&#8243; _module_preset=&#8221;default&#8221; background_color=&#8221;#00aced&#8221; follow_button=&#8221;off&#8221; url_new_window=&#8221;on&#8221;]twitter[\/et_pb_social_media_follow_network][\/et_pb_social_media_follow][\/et_pb_column][\/et_pb_row][et_pb_row _builder_version=&#8221;4.6.0&#8243; _module_preset=&#8221;default&#8221; background_color=&#8221;#ffffff&#8221; width=&#8221;100%&#8221; custom_padding=&#8221;40px|40px|40px|40px|false|false&#8221;][et_pb_column type=&#8221;4_4&#8243; _builder_version=&#8221;4.6.0&#8243; _module_preset=&#8221;default&#8221;][et_pb_text content_last_edited=&#8221;off|desktop&#8221; _builder_version=&#8221;4.6.0&#8243; _module_preset=&#8221;default&#8221; text_font=&#8221;Lobster Two||||||||&#8221; text_text_color=&#8221;#000000&#8243; text_font_size=&#8221;22px&#8221; header_font=&#8221;Lato||||||||&#8221; header_font_size=&#8221;20px&#8221; header_2_font=&#8221;Lato||||||||&#8221; header_2_text_align=&#8221;justify&#8221; header_2_text_color=&#8221;#02bccb&#8221; header_2_font_size=&#8221;20px&#8221; background_color=&#8221;#ffffff&#8221; text_orientation=&#8221;justified&#8221; custom_padding=&#8221;40px|40px|40px|40px|false|false&#8221;]<\/p>\n<h1 class=\"uk-article-title\" style=\"text-align: center;\">NUESTROS SERVICIOS<\/h1>\n<h2 style=\"text-align: justify;\">PSICOTERAPIA<\/h2>\n<p>Usamos como instrumento la Terapia Gestalt. Es una terapia que tiene como objetivo, adem\u00e1s de ayudar al paciente a sobreponerse a s\u00edntomas, permitirle llegar a ser m\u00e1s completa y creativamente vivo y liberarse de los bloqueos y asuntos inconclusos que disminuyen la satisfacci\u00f3n \u00f3ptima, autorrealizaci\u00f3n y crecimiento.<\/p>\n<p style=\"text-align: justify;\">Atendemos todos los d\u00edas en un horario de 9 a 6p.m.<\/p>\n<h2 style=\"text-align: justify;\">BIODANZA<\/h2>\n<p>Biodanza es un sistema de integraci\u00f3n afectiva, renovaci\u00f3n org\u00e1nica y de reaprendizaje de funciones originarias de vida, cuyo abordaje se basa en la inducci\u00f3n de vivencias a trav\u00e9s de la m\u00fasica, la danza, el canto y diversas situaciones de encuentro en grupo.<\/p>\n<p>Tenemos abierto permanentemente dos espacios una para personas que inician todos los Jueves de 6:30 a 9:30 p.m. y otro para personas avanzadas los martes de 6:30 a 9:30p.m.<\/p>\n<h2 style=\"text-align: justify;\">CINE REFLEXIVO<\/h2>\n<p>Este es un espacio para acercarnos a nosotros mismos desde el S\u00e9ptimo Arte. Buscamos explorar la experiencia de vivir ofreci\u00e9ndote la oportunidad de reflexionar sobre diversos aspectos que nos conduce a replantearnos ideas y conceptos adormecidos o tal vez flotantes sobre la vida misma. Cada tema es aleccionador y movilizador para cada uno de nosotros, permiti\u00e9ndonos redimensionar y observar nuevas experiencias que tocan nuestras vidas de modo particular en este momento \u00fanico e irrepetible.<\/p>\n<p>Este es un espacio que se desarrolla un viernes al mes a convenir y que se publica en nuestra programaci\u00f3n mensual.<\/p>\n<h2 style=\"text-align: justify;\">DISERTACIONES PARA UN BUEN VIVIR<\/h2>\n<p>Este es un espacio de entrada libre que se ofrece un viernes al mes donde tenemos el honor de tener un invitado especial que nos viene a hacer una entrega generosa que pueda contribuir al Buen Vivir de quienes recibimos la entrega. Nuestros invitados se pasean por diversas \u00e1reas: Ciencia, Arte, Religi\u00f3n, Espiritualidad, y somos bendecidos por su presencia.<\/p>\n<p>Se desarrolla un viernes cada tres meses, logrando cuatro disertaciones anuales.<\/p>\n<p>[\/et_pb_text][et_pb_gallery gallery_ids=&#8221;735,736,737,738,739,740,741,742,743,744&#8243; posts_number=&#8221;12&#8243; show_title_and_caption=&#8221;off&#8221; show_pagination=&#8221;off&#8221; _builder_version=&#8221;4.6.0&#8243; _module_preset=&#8221;default&#8221; animation_style=&#8221;zoom&#8221;][\/et_pb_gallery][\/et_pb_column][\/et_pb_row][\/et_pb_section][et_pb_section fb_built=&#8221;1&#8243; _builder_version=&#8221;4.6.0&#8243; _module_preset=&#8221;default&#8221; background_color=&#8221;#626a72&#8243;][et_pb_row _builder_version=&#8221;4.6.0&#8243; _module_preset=&#8221;default&#8221;][et_pb_column type=&#8221;4_4&#8243; _builder_version=&#8221;4.6.0&#8243; _module_preset=&#8221;default&#8221;][et_pb_button button_url=&#8221;@ET-DC@eyJkeW5hbWljIjp0cnVlLCJjb250ZW50IjoicG9zdF9saW5rX3VybF9wYWdlIiwic2V0dGluZ3MiOnsicG9zdF9pZCI6IjE0MDIifX0=@&#8221; url_new_window=&#8221;on&#8221; button_text=&#8221;Haz click aqu\u00ed para musicalizar tu visita.&#8221; button_alignment=&#8221;center&#8221; _builder_version=&#8221;4.6.0&#8243; _dynamic_attributes=&#8221;button_url&#8221; _module_preset=&#8221;default&#8221; custom_button=&#8221;on&#8221; button_text_color=&#8221;#ffffff&#8221; button_bg_color=&#8221;#3A5795&#8243; button_border_width=&#8221;0px&#8221; button_border_radius=&#8221;21px&#8221; button_font=&#8221;Lato||||||||&#8221; button_icon=&#8221;%%40%%&#8221; button_on_hover=&#8221;off&#8221; custom_margin=&#8221;||||false|false&#8221; custom_padding=&#8221;|50px|||false|false&#8221; animation_style=&#8221;zoom&#8221;][\/et_pb_button][et_pb_text _builder_version=&#8221;4.6.0&#8243; _module_preset=&#8221;default&#8221; text_text_color=&#8221;#ffffff&#8221;]<\/p>\n<p style=\"text-align: center;\">Movimiento Biodanza &#8211; Copyright \u00a9 2015 Asesores YMT<\/p>\n<p>[\/et_pb_text][\/et_pb_column][\/et_pb_row][\/et_pb_section]<\/p>\n","protected":false},"excerpt":{"rendered":"<p>instagramfacebooktwitterNUESTROS SERVICIOS PSICOTERAPIA Usamos como instrumento la Terapia Gestalt. Es una terapia que tiene como objetivo, adem\u00e1s de ayudar al paciente a sobreponerse a s\u00edntomas, permitirle llegar a ser m\u00e1s completa y creativamente vivo y liberarse de los bloqueos y asuntos inconclusos que disminuyen la satisfacci\u00f3n \u00f3ptima, autorrealizaci\u00f3n y crecimiento. Atendemos todos los d\u00edas en [&hellip;]<\/p>\n","protected":false},"author":1,"featured_media":0,"parent":0,"menu_order":0,"comment_status":"closed","ping_status":"closed","template":"","meta":{"_et_pb_use_builder":"on","_et_pb_old_content":"","_et_gb_content_width":""},"_links":{"self":[{"href":"https:\/\/movimientobiodanza.com\/wordpress\/wp-json\/wp\/v2\/pages\/731"}],"collection":[{"href":"https:\/\/movimientobiodanza.com\/wordpress\/wp-json\/wp\/v2\/pages"}],"about":[{"href":"https:\/\/movimientobiodanza.com\/wordpress\/wp-json\/wp\/v2\/types\/page"}],"author":[{"embeddable":true,"href":"https:\/\/movimientobiodanza.com\/wordpress\/wp-json\/wp\/v2\/users\/1"}],"replies":[{"embeddable":true,"href":"https:\/\/movimientobiodanza.com\/wordpress\/wp-json\/wp\/v2\/comments?post=731"}],"version-history":[{"count":10,"href":"https:\/\/movimientobiodanza.com\/wordpress\/wp-json\/wp\/v2\/pages\/731\/revisions"}],"predecessor-version":[{"id":2416,"href":"https:\/\/movimientobiodanza.com\/wordpress\/wp-json\/wp\/v2\/pages\/731\/revisions\/2416"}],"wp:attachment":[{"href":"https:\/\/movimientobiodanza.com\/wordpress\/wp-json\/wp\/v2\/media?parent=731"}],"curies":[{"name":"wp","href":"https:\/\/api.w.org\/{rel}","templated":true}]}}