{"id":748,"date":"2020-09-17T21:47:54","date_gmt":"2020-09-17T21:47:54","guid":{"rendered":"https:\/\/movimientobiodanza.com\/wordpress\/?page_id=748"},"modified":"2020-12-15T23:54:09","modified_gmt":"2020-12-15T23:54:09","slug":"sus-fundadoras-2","status":"publish","type":"page","link":"https:\/\/movimientobiodanza.com\/wordpress\/sus-fundadoras-2\/","title":{"rendered":"Sus Fundadoras <!- Una nueva tierra ->"},"content":{"rendered":"<p>[et_pb_section fb_built=&#8221;1&#8243; _builder_version=&#8221;4.6.0&#8243; _module_preset=&#8221;default&#8221; background_color=&#8221;#353535&#8243; background_image=&#8221;https:\/\/movimientobiodanza.com\/wordpress\/wp-content\/uploads\/2020\/09\/Fondo-web.png&#8221; background_size=&#8221;contain&#8221; background_position=&#8221;top_center&#8221;][et_pb_row _builder_version=&#8221;4.6.0&#8243; _module_preset=&#8221;default&#8221; width=&#8221;100%&#8221;][et_pb_column type=&#8221;4_4&#8243; _builder_version=&#8221;4.6.0&#8243; _module_preset=&#8221;default&#8221;][et_pb_image src=&#8221;https:\/\/movimientobiodanza.com\/wordpress\/wp-content\/uploads\/2020\/09\/Logo_Biodanza_redondo.png&#8221; title_text=&#8221;Logo_Biodanza_redondo&#8221; align=&#8221;center&#8221; _builder_version=&#8221;4.6.0&#8243; _module_preset=&#8221;default&#8221;][\/et_pb_image][et_pb_menu menu_style=&#8221;centered&#8221; active_link_color=&#8221;#02bccb&#8221; dropdown_menu_bg_color=&#8221;#ffffff&#8221; dropdown_menu_text_color=&#8221;#02bccb&#8221; disabled_on=&#8221;on|on|off&#8221; _builder_version=&#8221;4.6.0&#8243; _module_preset=&#8221;default&#8221; menu_font=&#8221;Amaranth|700|||||||&#8221; menu_text_color=&#8221;#ffffff&#8221; menu_font_size=&#8221;18px&#8221; background_color=&#8221;rgba(0,0,0,0)&#8221; background_color_tablet=&#8221;rgba(0,0,0,0)&#8221; background_color_phone=&#8221;rgba(0,0,0,0)&#8221; background_last_edited=&#8221;on|phone&#8221; background_enable_color_tablet=&#8221;on&#8221; background_enable_color_phone=&#8221;on&#8221; menu_text_shadow_style=&#8221;preset5&#8243; menu_text_shadow_color=&#8221;#000000&#8243;][\/et_pb_menu][et_pb_social_media_follow _builder_version=&#8221;4.6.0&#8243; _module_preset=&#8221;default&#8221; text_orientation=&#8221;center&#8221;][et_pb_social_media_follow_network social_network=&#8221;instagram&#8221; url=&#8221;https:\/\/instagram.com\/unanuevatierra9&#8243; _builder_version=&#8221;4.6.0&#8243; _module_preset=&#8221;default&#8221; background_color=&#8221;#ea2c59&#8243; follow_button=&#8221;off&#8221; url_new_window=&#8221;on&#8221;]instagram[\/et_pb_social_media_follow_network][et_pb_social_media_follow_network social_network=&#8221;facebook&#8221; url=&#8221;https:\/\/www.facebook.com\/mariagraciabiodanzamexico\/&#8221; _builder_version=&#8221;4.6.0&#8243; _module_preset=&#8221;default&#8221; background_color=&#8221;#3b5998&#8243; follow_button=&#8221;off&#8221; url_new_window=&#8221;on&#8221;]facebook[\/et_pb_social_media_follow_network][et_pb_social_media_follow_network social_network=&#8221;twitter&#8221; url=&#8221;https:\/\/twitter.com\/unanuevatierra9&#8243; _builder_version=&#8221;4.6.0&#8243; _module_preset=&#8221;default&#8221; background_color=&#8221;#00aced&#8221; follow_button=&#8221;off&#8221; url_new_window=&#8221;on&#8221;]twitter[\/et_pb_social_media_follow_network][\/et_pb_social_media_follow][\/et_pb_column][\/et_pb_row][et_pb_row _builder_version=&#8221;4.6.0&#8243; _module_preset=&#8221;default&#8221; background_color=&#8221;#ffffff&#8221; width=&#8221;100%&#8221; custom_padding=&#8221;40px|40px|40px|40px|false|false&#8221;][et_pb_column type=&#8221;4_4&#8243; _builder_version=&#8221;4.6.0&#8243; _module_preset=&#8221;default&#8221;][et_pb_text content_last_edited=&#8221;off|desktop&#8221; _builder_version=&#8221;4.6.0&#8243; _module_preset=&#8221;default&#8221; text_font=&#8221;Lobster Two||||||||&#8221; text_text_color=&#8221;#000000&#8243; text_font_size=&#8221;22px&#8221; header_font=&#8221;Lato||||||||&#8221; header_font_size=&#8221;20px&#8221; header_2_font=&#8221;Lato||||||||&#8221; header_2_text_align=&#8221;justify&#8221; header_2_text_color=&#8221;#02bccb&#8221; header_2_font_size=&#8221;20px&#8221; background_color=&#8221;#ffffff&#8221; text_orientation=&#8221;justified&#8221; custom_padding=&#8221;40px|40px|40px|40px|false|false&#8221;]<\/p>\n<h1 class=\"uk-article-title\" style=\"text-align: center;\">SUS FUNDADORAS<\/h1>\n<p><span style=\"color: #3a5795;\">Por la profunda necesidad de contribuir de manera activa con la edificaci\u00f3n constante de una nueva civilizaci\u00f3n que nos permita lograr vivir en Una Nueva Tierra, nos hemos unido en intenci\u00f3n tres seres humanos para promover en la ciudad de Maracaibo, Venezuela, esta iniciativa del coraz\u00f3n.<\/span><\/p>\n<p><span style=\"color: #02bccb;\"><img loading=\"lazy\" src=\"https:\/\/movimientobiodanza.com\/wordpress\/wp-content\/uploads\/2020\/09\/MariaGracia.png\" width=\"263\" height=\"181\" alt=\"\" class=\"wp-image-752 alignnone size-full\" style=\"display: block; margin-left: auto; margin-right: auto;\" \/><\/span><\/p>\n<p style=\"text-align: center;\"><span style=\"color: #02bccb;\">Mar\u00eda Gracia Parra Pirela<\/span><\/p>\n<p><span style=\"color: #3a5795;\">Es Psic\u00f3loga, Psicoterapeuta. Profesora Didacta del Sistema Biodanza, Actualmente Directora de la Escuela de Biodanza del Sol de Maracaibo, Venezuela. Profesional en Psicolog\u00eda Cl\u00ednica egresada de la Universidad Rafael Urdaneta URU, Maracaibo, 1.988-1.993. Tiene una especializaci\u00f3n en Facilitaci\u00f3n de Din\u00e1mica de Grupos, en el Instituto de Crecimiento Experiencial. Caracas, 2.002-2.003. Y desarroll\u00f3 el Curso B\u00e1sico, Intermedio y Avanzado en Psicoterapia Gestalt. Instituto Venezolano de Psicoterapia Gestalt. Caracas, 2.003-2.006. Fue Coordinadora Docente del Instituto Venezolano de Gestalt. Caracas, 2.006. Y posee unos 15 a\u00f1os ininterrumpidos de experiencia en el acompa\u00f1amiento de procesos humanos, individuales, de pareja y de grupo, en Caracas, en Maracaibo, en M\u00e9xico y en Panam\u00e1.<\/span><\/p>\n<p><span style=\"color: #000080;\">CONTACTO: 58 424\/6632793.<\/span><\/p>\n<p><span style=\"color: #02bccb;\"><img loading=\"lazy\" src=\"https:\/\/movimientobiodanza.com\/wordpress\/wp-content\/uploads\/2020\/09\/Mariemma.png\" width=\"169\" height=\"192\" alt=\"\" class=\"wp-image-753 alignnone size-full\" style=\"display: block; margin-left: auto; margin-right: auto;\" \/><\/span><\/p>\n<p style=\"text-align: center;\"><span style=\"color: #02bccb;\">Mariemma D\u00edaz<\/span><\/p>\n<p><span style=\"color: #3a5795;\">Es Psic\u00f3loga, Psicoterapeuta. Profesional en Psicolog\u00eda Cl\u00ednica egresada de la Universidad Rafael Urdaneta, URU. Maracaibo 1.984-1.991. Con formaci\u00f3n en la Unidad de estudios de Terapia Congnitiva y sexual. Maracaibo 1.991. Y formaci\u00f3n en Desarrollo Organizacional y en Gerencia Participativa y Liderazgo, Maracaibo 1.991-1.992. Ha sido facilitadora de Programas de desarrollo y evaluaci\u00f3n infantil. Dto. Mara, 1.995-1.999. Con Formaci\u00f3n en Coaching. SIEMPRE-LUZ, Maracaibo 2.012. Y actualmente en Formaci\u00f3n en Psicoterapia Gestalt y para ser Facilitadora de Vida mediante el Sistema Biodanza.<\/span><\/p>\n<p><span style=\"color: #000080;\">CONTACTO: 0424\/6326932.<\/span><\/p>\n<p><span style=\"color: #02bccb;\"><img loading=\"lazy\" src=\"https:\/\/movimientobiodanza.com\/wordpress\/wp-content\/uploads\/2020\/09\/Mariela.png\" width=\"189\" height=\"228\" alt=\"\" class=\"wp-image-755 alignnone size-full\" style=\"display: block; margin-left: auto; margin-right: auto;\" \/><\/span><\/p>\n<p style=\"text-align: center;\"><span style=\"color: #02bccb;\">Mariela Hern\u00e1ndez<\/span><\/p>\n<p><span style=\"color: #000080;\">Es Psic\u00f3loga Cl\u00ednica. Dedicada al impacto de las creencias que reposan en el inconsciente como claves del desarrollo de la vida que expresamos a trav\u00e9s de nuestros actos. Mediante sus estudios en Bioneuroemoci\u00f3n, Psicodrama, Gestalt y Sexualidad descubre rutas para acceder al inconsciente, para que cada persona pueda encontrar la luz y la sombra de s\u00ed misma en el sagrado encuentro con su Ser.<\/span><\/p>\n<p><span style=\"color: #000080;\">CONTACTO: (58) 424 632.02.73.<\/span><\/p>\n<p>[\/et_pb_text][\/et_pb_column][\/et_pb_row][\/et_pb_section][et_pb_section fb_built=&#8221;1&#8243; _builder_version=&#8221;4.6.0&#8243; _module_preset=&#8221;default&#8221; background_color=&#8221;#626a72&#8243;][et_pb_row _builder_version=&#8221;4.6.0&#8243; _module_preset=&#8221;default&#8221;][et_pb_column type=&#8221;4_4&#8243; _builder_version=&#8221;4.6.0&#8243; _module_preset=&#8221;default&#8221;][et_pb_button button_url=&#8221;@ET-DC@eyJkeW5hbWljIjp0cnVlLCJjb250ZW50IjoicG9zdF9saW5rX3VybF9wYWdlIiwic2V0dGluZ3MiOnsicG9zdF9pZCI6IjE0MDIifX0=@&#8221; url_new_window=&#8221;on&#8221; button_text=&#8221;Haz click aqu\u00ed para musicalizar tu visita.&#8221; button_alignment=&#8221;center&#8221; _builder_version=&#8221;4.6.0&#8243; _dynamic_attributes=&#8221;button_url&#8221; _module_preset=&#8221;default&#8221; custom_button=&#8221;on&#8221; button_text_color=&#8221;#ffffff&#8221; button_bg_color=&#8221;#3A5795&#8243; button_border_width=&#8221;0px&#8221; button_border_radius=&#8221;21px&#8221; button_font=&#8221;Lato||||||||&#8221; button_icon=&#8221;%%40%%&#8221; button_on_hover=&#8221;off&#8221; custom_margin=&#8221;||||false|false&#8221; custom_padding=&#8221;|50px|||false|false&#8221; animation_style=&#8221;zoom&#8221;][\/et_pb_button][et_pb_text _builder_version=&#8221;4.6.0&#8243; _module_preset=&#8221;default&#8221; text_text_color=&#8221;#ffffff&#8221;]<\/p>\n<p style=\"text-align: center;\">Movimiento Biodanza &#8211; Copyright \u00a9 2015 Asesores YMT<\/p>\n<p>[\/et_pb_text][\/et_pb_column][\/et_pb_row][\/et_pb_section]<\/p>\n","protected":false},"excerpt":{"rendered":"<p>instagramfacebooktwitterSUS FUNDADORAS Por la profunda necesidad de contribuir de manera activa con la edificaci\u00f3n constante de una nueva civilizaci\u00f3n que nos permita lograr vivir en Una Nueva Tierra, nos hemos unido en intenci\u00f3n tres seres humanos para promover en la ciudad de Maracaibo, Venezuela, esta iniciativa del coraz\u00f3n. Mar\u00eda Gracia Parra Pirela Es Psic\u00f3loga, Psicoterapeuta. [&hellip;]<\/p>\n","protected":false},"author":1,"featured_media":0,"parent":0,"menu_order":0,"comment_status":"closed","ping_status":"closed","template":"","meta":{"_et_pb_use_builder":"on","_et_pb_old_content":"","_et_gb_content_width":""},"_links":{"self":[{"href":"https:\/\/movimientobiodanza.com\/wordpress\/wp-json\/wp\/v2\/pages\/748"}],"collection":[{"href":"https:\/\/movimientobiodanza.com\/wordpress\/wp-json\/wp\/v2\/pages"}],"about":[{"href":"https:\/\/movimientobiodanza.com\/wordpress\/wp-json\/wp\/v2\/types\/page"}],"author":[{"embeddable":true,"href":"https:\/\/movimientobiodanza.com\/wordpress\/wp-json\/wp\/v2\/users\/1"}],"replies":[{"embeddable":true,"href":"https:\/\/movimientobiodanza.com\/wordpress\/wp-json\/wp\/v2\/comments?post=748"}],"version-history":[{"count":10,"href":"https:\/\/movimientobiodanza.com\/wordpress\/wp-json\/wp\/v2\/pages\/748\/revisions"}],"predecessor-version":[{"id":2427,"href":"https:\/\/movimientobiodanza.com\/wordpress\/wp-json\/wp\/v2\/pages\/748\/revisions\/2427"}],"wp:attachment":[{"href":"https:\/\/movimientobiodanza.com\/wordpress\/wp-json\/wp\/v2\/media?parent=748"}],"curies":[{"name":"wp","href":"https:\/\/api.w.org\/{rel}","templated":true}]}}