{"id":964,"date":"2020-10-01T19:19:35","date_gmt":"2020-10-01T19:19:35","guid":{"rendered":"https:\/\/movimientobiodanza.com\/wordpress\/?page_id=964"},"modified":"2022-09-30T15:15:35","modified_gmt":"2022-09-30T15:15:35","slug":"sucreador","status":"publish","type":"page","link":"https:\/\/movimientobiodanza.com\/wordpress\/sucreador\/","title":{"rendered":"Su Creador <!-- Biodanza -->"},"content":{"rendered":"<p>[et_pb_section fb_built=&#8221;1&#8243; _builder_version=&#8221;4.6.0&#8243; _module_preset=&#8221;default&#8221; background_color=&#8221;#353535&#8243; background_image=&#8221;https:\/\/movimientobiodanza.com\/wordpress\/wp-content\/uploads\/2020\/09\/Fondo-web.png&#8221; background_size=&#8221;contain&#8221; background_position=&#8221;top_center&#8221; global_colors_info=&#8221;{}&#8221;][et_pb_row _builder_version=&#8221;4.6.0&#8243; _module_preset=&#8221;default&#8221; width=&#8221;100%&#8221; global_colors_info=&#8221;{}&#8221;][et_pb_column type=&#8221;4_4&#8243; _builder_version=&#8221;4.6.0&#8243; _module_preset=&#8221;default&#8221; global_colors_info=&#8221;{}&#8221;][et_pb_image src=&#8221;https:\/\/movimientobiodanza.com\/wordpress\/wp-content\/uploads\/2020\/09\/Logo_Biodanza_redondo.png&#8221; title_text=&#8221;Logo_Biodanza_redondo&#8221; align=&#8221;center&#8221; _builder_version=&#8221;4.6.0&#8243; _module_preset=&#8221;default&#8221; global_colors_info=&#8221;{}&#8221;][\/et_pb_image][et_pb_menu menu_id=&#8221;12&#8243; menu_style=&#8221;centered&#8221; dropdown_menu_bg_color=&#8221;#ffffff&#8221; _builder_version=&#8221;4.12.1&#8243; _module_preset=&#8221;default&#8221; background_color=&#8221;rgba(0,0,0,0)&#8221; global_colors_info=&#8221;{}&#8221;][\/et_pb_menu][et_pb_social_media_follow _builder_version=&#8221;4.12.1&#8243; _module_preset=&#8221;default&#8221; text_orientation=&#8221;center&#8221; hover_enabled=&#8221;0&#8243; global_colors_info=&#8221;{}&#8221; sticky_enabled=&#8221;0&#8243;][et_pb_social_media_follow_network social_network=&#8221;instagram&#8221; url=&#8221;https:\/\/www.instagram.com\/biodanzamariagraciaysandra\/&#8221; _builder_version=&#8221;4.12.1&#8243; _module_preset=&#8221;default&#8221; background_color=&#8221;#ea2c59&#8243; hover_enabled=&#8221;0&#8243; global_colors_info=&#8221;{}&#8221; follow_button=&#8221;off&#8221; url_new_window=&#8221;on&#8221; sticky_enabled=&#8221;0&#8243;]instagram[\/et_pb_social_media_follow_network][et_pb_social_media_follow_network social_network=&#8221;facebook&#8221; url=&#8221;https:\/\/www.facebook.com\/mariagraciabiodanzamexico\/&#8221; _builder_version=&#8221;4.6.0&#8243; _module_preset=&#8221;default&#8221; background_color=&#8221;#3b5998&#8243; global_colors_info=&#8221;{}&#8221; follow_button=&#8221;off&#8221; url_new_window=&#8221;on&#8221;]facebook[\/et_pb_social_media_follow_network][\/et_pb_social_media_follow][\/et_pb_column][\/et_pb_row][et_pb_row column_structure=&#8221;3_4,1_4&#8243; _builder_version=&#8221;4.6.0&#8243; _module_preset=&#8221;default&#8221; width=&#8221;100%&#8221; global_colors_info=&#8221;{}&#8221;][et_pb_column type=&#8221;3_4&#8243; _builder_version=&#8221;4.6.0&#8243; _module_preset=&#8221;default&#8221; global_colors_info=&#8221;{}&#8221;][et_pb_text content_last_edited=&#8221;off|desktop&#8221; _builder_version=&#8221;4.12.1&#8243; _module_preset=&#8221;default&#8221; text_font=&#8221;Lobster Two||||||||&#8221; text_text_color=&#8221;#3A5795&#8243; text_font_size=&#8221;22px&#8221; header_font=&#8221;Lato||||||||&#8221; header_font_size=&#8221;20px&#8221; background_color=&#8221;#ffffff&#8221; text_orientation=&#8221;justified&#8221; custom_padding=&#8221;40px|40px|40px|40px|false|false&#8221; global_colors_info=&#8221;{}&#8221;]<\/p>\n<h1 class=\"uk-article-title\" style=\"text-align: center;\"><span style=\"color: #3a5795; font-size: 26px;\"><strong>SU CREADOR<\/strong><\/span><\/h1>\n<p>&nbsp;<\/p>\n<p>Rolando Toro Araneda , creador del Sistema Biodanza en 1.965, es un hombre genial, educador, psic\u00f3logo y antrop\u00f3logo de profesi\u00f3n y poeta de vocaci\u00f3n, quien conmovido por la soledad y la ruptura con la realidad de los pacientes psiqui\u00e1tricos, realiz\u00f3 experiencias cl\u00ednicas con ellos en el Hospital Psiqui\u00e1trico de la Universidad Nacional de Santiago de Chile, para observar las emociones que la m\u00fasica y el movimiento puede inducir en las personas.Todo esto como una \u201cgran fiesta\u201d, donde los pacientes bailaban solos, en pares, en rondas y donde se fueron integrando poco a poco, a las enfermeras, a los pasantes y a los m\u00e9dicos.<\/p>\n<p>Lleg\u00f3 a la conclusi\u00f3n de que el n\u00facleo m\u00e1s profundo de la enfermedad <span>de estos pacientes estaba en el desarrollo de su afectividad , <\/span>\u00a0y que la m\u00fasica tiene un poder curativo e integrador capaz de modificar estados f\u00edsicos, emocionales y de conciencia en los psic\u00f3ticos, en los neur\u00f3ticos y en los norm\u00f3ticos (t\u00e9rmino con el cual se refieri\u00f3 a todos aquellos que hemos nacido y crecido en una cultura escindida por lo cual dif\u00edcilmente podemos llamarnos normales). <span>Es la enfermedad de civilizaci\u00f3n , la cultura antivida, la competencia, la mecanizaci\u00f3n, la explotaci\u00f3n laboral de la cual muchos son v\u00edctima, que nos disocia y\u00a0 nos hace olvidar del sentido primigenio de nuestras vidas y que Biodanza se propone reconectar, ofreciendo relevancia al desarrollo de la &#8220;inteligencia afectiva&#8221;.<\/span><\/p>\n<p>La investigaci\u00f3n se desarroll\u00f3 a lo largo de 25 a\u00f1os de confrontaci\u00f3n con la realidad, hasta llegar a la elaboraci\u00f3n de un modelo te\u00f3rico cient\u00edfico, de car\u00e1cter biol\u00f3gico que estimula el desarrollo de nuestros potenciales gen\u00e9ticos<span>, hasta llegar progresivamente a un estado de integraci\u00f3n y GRACIA, que nos hace transitar a una conciencia de &#8220;plenitud&#8221;.<\/span><\/p>\n<p>Inspir\u00e1ndose en el campo de las ciencias humanas: filosof\u00eda, biolog\u00eda, fisiolog\u00eda, antropolog\u00eda, psicolog\u00eda y mitolog\u00eda, Rolando Toro <span>Araneda <\/span>ha creado este sistema para el desarrollo de una Cultura de Bioc\u00e9ntrica que promueva la cooperaci\u00f3n y no la competencia, as\u00ed como la creaci\u00f3n de una nueva <span style=\"color: #02bccb; font-family: tahoma, arial, helvetica, sans-serif;\">CIVILIZACI\u00d3N PARA LA VIDA<\/span>, reestableciendo los v\u00ednculos afectivos sanos lazos afectivos entre los seres humanos <span>devolvi\u00e9ndonos la posibilidad de la sacralizaci\u00f3n y respeto de toda vida sobre el planeta.<\/span><\/p>\n<p><span style=\"color: #3a5795;\">Rolando naci\u00f3 en Concepci\u00f3n,\u00a0 Chile el 19 de Abril de 1.925, d\u00eda que se ha establecido mundialmente como el D\u00eda Internacional de la Biodanza, celebr\u00e1ndose rondas Universales en decenas de pa\u00edses y todos los continentes del planeta.<\/span><\/p>\n<p><span><span style=\"color: #3a5795;\">De 1944 a 1957 fue Profesor de ense\u00f1anza b\u00e1sica en Valpara\u00edso, Talcahuano, Pocuro y Santiago (Chile).<\/span><\/span><\/p>\n<p><span style=\"color: #3a5795;\"><span>En 1964 fue profesor en la Escuela de Psicolog\u00eda del Instituto Pedag\u00f3gico de la Universidad de Chile y de la\u00a0<\/span>C\u00e1tedra de Psicolog\u00eda del Arte y de la Expresi\u00f3n en el Instituto de Est\u00e9tica de la Pontificia Universidad Cat\u00f3lica de Chile.<\/span><\/p>\n<p><span style=\"color: #3a5795;\"><span style=\"color: #3a5795;\"><span>En 1965-1973 fue Docente del Centro de Antropolog\u00eda M\u00e9dica, en la Escuela de Medicina de la Universidad de Chile, donde realiz\u00f3 investigaciones sobre la Expresi\u00f3n del Inconsciente, sobre los Estados de Expansi\u00f3n de la Conciencia, y sobre la violencia en la penitenciar\u00eda de Santiago, momento en el cual se registra el nacimiento del sistema Biodanza<\/span><\/span>\u00a0<span style=\"font-size: large;\">(llamada en este per\u00edodo Psicodanza), como miembro del Instituto de Investigaci\u00f3n del Hospital Psiqui\u00e1trico de Santiago aplic\u00f3 este sistema en el Hospital Psiqui\u00e1trico de Santiago y en el Instituto de Est\u00e9tica de la Universidad Cat\u00f3lica de Chile.<\/span><\/span><\/p>\n<p><span style=\"color: #3a5795;\"><span>En 1966 fue nombrado Profesor de Psicolog\u00eda de la Expresi\u00f3n y Psicolog\u00eda del Arte en el Instituto de Est\u00e9tica de la Universidad Cat\u00f3lica de Chile y\u00a0<\/span>Nombrado Profesor Em\u00e9rito de la Universidad Abierta Interamericana de Buenos Aires, Argentina.<\/span><\/p>\n<p><span style=\"color: #3a5795;\"><span>En 1974 s<\/span><span>e mud\u00f3 a Buenos Aires, Argentina donde aplic\u00f3 el Sistema Biodanza a pacientes mastectomizadas de la Liga Argentina de Lucha contra el C\u00e1ncer. Fue nombrado Profesor Em\u00e9rito de la Universidad Abierta Interamericana de Buenos Aires.<\/span><\/span><\/p>\n<p><span style=\"color: #3a5795;\">En 1979\u00a0se mud\u00f3 a Brasil donde estableci\u00f3 un Instituto Privado de Biodanza, logrando la expansi\u00f3n de este sistema en toda Am\u00e9rica Latina. Adem\u00e1s, trabaj\u00f3 con enfermos mentales en el Hospital Jiqueri de Sao Paulo y con mujeres mastectomizadas en el Instituto del Radio.<span><br \/><\/span><\/span><\/p>\n<p><span style=\"color: #3a5795;\"><span>En 1989 se mud\u00f3 a Mil\u00e1n (Italia). donde trabaj\u00f3 con enfermos de Parkinson y Alzheimer en las ciudades de Como y Varese. Fund\u00f3, adicionalmente, Escuelas de Biodanza en toda Italia, desde donde empieza a expandirse la Biodanza a toda Europa , Asia y \u00c1frica.<\/span><br \/><\/span><\/p>\n<p><span style=\"color: #3a5795;\"><span>\u00a0En 1998 regres\u00f3 a Santiago de Chile desde donde dirigi\u00f3 todo el movimiento de Biodanza constituido por las Escuelas de Formaci\u00f3n en Am\u00e9rica Latina, \u00c1frica del Sur, Canad\u00e1, Estados Unidos, Europa, Jap\u00f3n y Nueva Zelandia.<\/span><span><br \/><\/span><\/span><\/p>\n<p><span style=\"color: #3a5795;\">En 2001 fue nominado para recibir el Premio Nobel de la Paz por sus trabajos en Biodanza y Educaci\u00f3n Bioc\u00e9ntrica en la Casa de Am\u00e9rica, Madrid, Espa\u00f1a.<\/span><\/p>\n<p><span style=\"color: #3a5795;\">En 2006 fue nombrado Doctor Honoris Causa en la Universidad Federal de Para\u00edba (Brasil).<\/span><\/p>\n<p><span style=\"color: #3a5795;\">En\u00a0 2008 fue nombrado Profesor Em\u00e9rito por la Universidad Metropolitana del Per\u00fa.<\/span><\/p>\n<p><span style=\"color: #3a5795;\">El 16 febrero de 2010 fallece a los 85 a\u00f1os en Santiago de Chile.<\/span><\/p>\n<p><span style=\"color: #3a5795;\">Rolando Toro\u00a0 Araneda fue adem\u00e1s, poeta y pintor, realizando exposiciones en Brasil, Italia y Francia, y autor de varios libros\u00a0de poes\u00eda y Biodanza, que han sido traducidos a varios idiomas.\u00a0<\/span><\/p>\n<p><span><\/span>.<\/p>\n<p>El Movimiento mundial de Biodanza, es actualmente dirigido por la\u00a0 <span style=\"color: #02bccb; font-family: tahoma, arial, helvetica, sans-serif;\">International Biodanza Federation (IBFed)<\/span>\u00a0y ha extendido la pr\u00e1ctica de este sistema a lo largo de todo el mundo.<\/p>\n<p>Hoy, la Biodanza se aprende en m\u00e1s de 200 Escuelas alrededor del mundo y se practica en culturas tan diferentes como la sudafricana y la japonesa, pasando por un sin n\u00famero de pa\u00edses de Europa, Norte Am\u00e9rica y Am\u00e9rica Latina.<br \/>Escuchemos a su hija Cecilia Toro Acu\u00f1a, comparti\u00e9ndonos sobre la vida de su Padre Rolando Toro Araneda&#8230;.<\/p>\n<p><iframe loading=\"lazy\" title=\"Rolando Toro Araneda &quot;Algo sobre su Vida&quot;\" width=\"1080\" height=\"810\" src=\"https:\/\/www.youtube.com\/embed\/nSmn5vLylD8?start=14&#038;feature=oembed\"  allow=\"accelerometer; autoplay; clipboard-write; encrypted-media; gyroscope; picture-in-picture\" allowfullscreen title=\"Rolando Toro Araneda \"Algo sobre su Vida\"\"><\/iframe><\/p>\n<p>[\/et_pb_text][\/et_pb_column][et_pb_column type=&#8221;1_4&#8243; _builder_version=&#8221;4.6.0&#8243; _module_preset=&#8221;default&#8221; global_colors_info=&#8221;{}&#8221;][et_pb_image src=&#8221;https:\/\/movimientobiodanza.com\/wordpress\/wp-content\/uploads\/2020\/10\/Rolando1.png&#8221; title_text=&#8221;Rolando1&#8243; _builder_version=&#8221;4.6.0&#8243; _module_preset=&#8221;default&#8221; background_color=&#8221;#ffffff&#8221; custom_padding=&#8221;20px|20px|20px|20px|false|false&#8221; animation_style=&#8221;zoom&#8221; global_colors_info=&#8221;{}&#8221;][\/et_pb_image][et_pb_image src=&#8221;https:\/\/movimientobiodanza.com\/wordpress\/wp-content\/uploads\/2020\/10\/Rolando2.png&#8221; title_text=&#8221;Rolando2&#8243; _builder_version=&#8221;4.6.0&#8243; _module_preset=&#8221;default&#8221; background_color=&#8221;#ffffff&#8221; custom_padding=&#8221;20px|20px|20px|20px|false|false&#8221; animation_style=&#8221;zoom&#8221; global_colors_info=&#8221;{}&#8221;][\/et_pb_image][et_pb_image src=&#8221;https:\/\/movimientobiodanza.com\/wordpress\/wp-content\/uploads\/2022\/08\/1-1.jpg&#8221; title_text=&#8221;1&#8243; _builder_version=&#8221;4.12.1&#8243; _module_preset=&#8221;default&#8221; background_color=&#8221;#ffffff&#8221; custom_padding=&#8221;20px|20px|20px|20px|false|false&#8221; animation_style=&#8221;zoom&#8221; global_colors_info=&#8221;{}&#8221;][\/et_pb_image][et_pb_image src=&#8221;https:\/\/movimientobiodanza.com\/wordpress\/wp-content\/uploads\/2020\/10\/Rolando3.png&#8221; title_text=&#8221;Rolando3&#8243; _builder_version=&#8221;4.6.0&#8243; _module_preset=&#8221;default&#8221; background_color=&#8221;#ffffff&#8221; custom_padding=&#8221;20px|20px|20px|20px|false|false&#8221; animation_style=&#8221;zoom&#8221; global_colors_info=&#8221;{}&#8221;][\/et_pb_image][et_pb_image src=&#8221;https:\/\/movimientobiodanza.com\/wordpress\/wp-content\/uploads\/2020\/10\/Rolando5.png&#8221; title_text=&#8221;Rolando5&#8243; _builder_version=&#8221;4.6.0&#8243; _module_preset=&#8221;default&#8221; background_color=&#8221;#ffffff&#8221; custom_padding=&#8221;20px|20px|20px|20px|false|false&#8221; animation_style=&#8221;zoom&#8221; global_colors_info=&#8221;{}&#8221;][\/et_pb_image][et_pb_image src=&#8221;https:\/\/movimientobiodanza.com\/wordpress\/wp-content\/uploads\/2022\/07\/Copia-de-Rolando-Padre-scaled.jpg&#8221; title_text=&#8221;Copia de Rolando Padre&#8221; _builder_version=&#8221;4.12.1&#8243; _module_preset=&#8221;default&#8221; background_color=&#8221;#ffffff&#8221; custom_padding=&#8221;20px|20px|20px|20px|false|false&#8221; animation_style=&#8221;zoom&#8221; global_colors_info=&#8221;{}&#8221;][\/et_pb_image][et_pb_image src=&#8221;https:\/\/movimientobiodanza.com\/wordpress\/wp-content\/uploads\/2022\/07\/PHOTO-2021-05-28-07-52-33_1.jpg&#8221; title_text=&#8221;PHOTO-2021-05-28-07-52-33_1&#8243; _builder_version=&#8221;4.12.1&#8243; _module_preset=&#8221;default&#8221; background_color=&#8221;#ffffff&#8221; custom_padding=&#8221;20px|20px|20px|20px|false|false&#8221; animation_style=&#8221;zoom&#8221; global_colors_info=&#8221;{}&#8221;][\/et_pb_image][et_pb_image src=&#8221;https:\/\/movimientobiodanza.com\/wordpress\/wp-content\/uploads\/2022\/07\/Copia-de-PHOTO-2021-05-28-07-52-34_1.jpg&#8221; title_text=&#8221;Copia de PHOTO-2021-05-28-07-52-34_1&#8243; _builder_version=&#8221;4.12.1&#8243; _module_preset=&#8221;default&#8221; background_color=&#8221;#ffffff&#8221; custom_padding=&#8221;20px|20px|20px|20px|false|false&#8221; animation_style=&#8221;zoom&#8221; global_colors_info=&#8221;{}&#8221;][\/et_pb_image][et_pb_image src=&#8221;https:\/\/movimientobiodanza.com\/wordpress\/wp-content\/uploads\/2022\/07\/ROLANDO_ILUMINADO.jpg&#8221; title_text=&#8221;ROLANDO_ILUMINADO&#8221; _builder_version=&#8221;4.12.1&#8243; _module_preset=&#8221;default&#8221; background_color=&#8221;#ffffff&#8221; custom_padding=&#8221;20px|20px|20px|20px|false|false&#8221; animation_style=&#8221;zoom&#8221; global_colors_info=&#8221;{}&#8221;][\/et_pb_image][et_pb_image src=&#8221;https:\/\/movimientobiodanza.com\/wordpress\/wp-content\/uploads\/2022\/07\/Copia-de-Foto-Grupo-Compacto-en-Venezuela-con-Rolando.jpg&#8221; title_text=&#8221;Copia de Foto Grupo Compacto en Venezuela con Rolando&#8221; _builder_version=&#8221;4.12.1&#8243; _module_preset=&#8221;default&#8221; background_color=&#8221;#ffffff&#8221; custom_padding=&#8221;20px|20px|20px|20px|false|false&#8221; animation_style=&#8221;zoom&#8221; global_colors_info=&#8221;{}&#8221;][\/et_pb_image][\/et_pb_column][\/et_pb_row][\/et_pb_section][et_pb_section fb_built=&#8221;1&#8243; _builder_version=&#8221;4.6.0&#8243; _module_preset=&#8221;default&#8221; background_color=&#8221;#626a72&#8243; global_colors_info=&#8221;{}&#8221;][et_pb_row _builder_version=&#8221;4.6.0&#8243; _module_preset=&#8221;default&#8221; global_colors_info=&#8221;{}&#8221;][et_pb_column type=&#8221;4_4&#8243; _builder_version=&#8221;4.6.0&#8243; _module_preset=&#8221;default&#8221; global_colors_info=&#8221;{}&#8221;][et_pb_button button_url=&#8221;@ET-DC@eyJkeW5hbWljIjp0cnVlLCJjb250ZW50IjoicG9zdF9saW5rX3VybF9wYWdlIiwic2V0dGluZ3MiOnsicG9zdF9pZCI6IjE0MDIifX0=@&#8221; url_new_window=&#8221;on&#8221; button_text=&#8221;Haz click aqu\u00ed para musicalizar tu visita.&#8221; button_alignment=&#8221;center&#8221; _builder_version=&#8221;4.6.0&#8243; _dynamic_attributes=&#8221;button_url&#8221; _module_preset=&#8221;default&#8221; custom_button=&#8221;on&#8221; button_text_color=&#8221;#ffffff&#8221; button_bg_color=&#8221;#3A5795&#8243; button_border_width=&#8221;0px&#8221; button_border_radius=&#8221;21px&#8221; button_font=&#8221;Lato||||||||&#8221; button_icon=&#8221;%%40%%&#8221; button_on_hover=&#8221;off&#8221; custom_margin=&#8221;||||false|false&#8221; custom_padding=&#8221;|50px|||false|false&#8221; animation_style=&#8221;zoom&#8221; global_colors_info=&#8221;{}&#8221;][\/et_pb_button][et_pb_text _builder_version=&#8221;4.12.1&#8243; _module_preset=&#8221;default&#8221; text_text_color=&#8221;#ffffff&#8221; global_colors_info=&#8221;{}&#8221;]<\/p>\n<p style=\"text-align: center;\">Movimiento Biodanza &#8211; Copyright \u00a9 2022 Asesores Ing. Jorge Silva Alvarez<\/p>\n<p>[\/et_pb_text][\/et_pb_column][\/et_pb_row][\/et_pb_section]<\/p>\n","protected":false},"excerpt":{"rendered":"<p>instagramfacebookSU CREADOR &nbsp; Rolando Toro Araneda , creador del Sistema Biodanza en 1.965, es un hombre genial, educador, psic\u00f3logo y antrop\u00f3logo de profesi\u00f3n y poeta de vocaci\u00f3n, quien conmovido por la soledad y la ruptura con la realidad de los pacientes psiqui\u00e1tricos, realiz\u00f3 experiencias cl\u00ednicas con ellos en el Hospital Psiqui\u00e1trico de la Universidad Nacional [&hellip;]<\/p>\n","protected":false},"author":1,"featured_media":0,"parent":0,"menu_order":0,"comment_status":"closed","ping_status":"closed","template":"","meta":{"_et_pb_use_builder":"on","_et_pb_old_content":"","_et_gb_content_width":""},"_links":{"self":[{"href":"https:\/\/movimientobiodanza.com\/wordpress\/wp-json\/wp\/v2\/pages\/964"}],"collection":[{"href":"https:\/\/movimientobiodanza.com\/wordpress\/wp-json\/wp\/v2\/pages"}],"about":[{"href":"https:\/\/movimientobiodanza.com\/wordpress\/wp-json\/wp\/v2\/types\/page"}],"author":[{"embeddable":true,"href":"https:\/\/movimientobiodanza.com\/wordpress\/wp-json\/wp\/v2\/users\/1"}],"replies":[{"embeddable":true,"href":"https:\/\/movimientobiodanza.com\/wordpress\/wp-json\/wp\/v2\/comments?post=964"}],"version-history":[{"count":27,"href":"https:\/\/movimientobiodanza.com\/wordpress\/wp-json\/wp\/v2\/pages\/964\/revisions"}],"predecessor-version":[{"id":3951,"href":"https:\/\/movimientobiodanza.com\/wordpress\/wp-json\/wp\/v2\/pages\/964\/revisions\/3951"}],"wp:attachment":[{"href":"https:\/\/movimientobiodanza.com\/wordpress\/wp-json\/wp\/v2\/media?parent=964"}],"curies":[{"name":"wp","href":"https:\/\/api.w.org\/{rel}","templated":true}]}}