{"id":986,"date":"2020-10-01T21:45:34","date_gmt":"2020-10-01T21:45:34","guid":{"rendered":"https:\/\/movimientobiodanza.com\/wordpress\/?page_id=986"},"modified":"2022-09-30T15:22:44","modified_gmt":"2022-09-30T15:22:44","slug":"sus-5-potenciales-geneticos","status":"publish","type":"page","link":"https:\/\/movimientobiodanza.com\/wordpress\/sus-5-potenciales-geneticos\/","title":{"rendered":"Sus 5 potenciales gen\u00e9ticos <!-- Biodanza -->"},"content":{"rendered":"<p>[et_pb_section fb_built=&#8221;1&#8243; _builder_version=&#8221;4.6.0&#8243; _module_preset=&#8221;default&#8221; background_color=&#8221;#353535&#8243; background_image=&#8221;https:\/\/movimientobiodanza.com\/wordpress\/wp-content\/uploads\/2020\/09\/Fondo-web.png&#8221; background_size=&#8221;contain&#8221; background_position=&#8221;top_center&#8221; global_colors_info=&#8221;{}&#8221;][et_pb_row _builder_version=&#8221;4.6.0&#8243; _module_preset=&#8221;default&#8221; width=&#8221;100%&#8221; global_colors_info=&#8221;{}&#8221;][et_pb_column type=&#8221;4_4&#8243; _builder_version=&#8221;4.6.0&#8243; _module_preset=&#8221;default&#8221; global_colors_info=&#8221;{}&#8221;][et_pb_image src=&#8221;https:\/\/movimientobiodanza.com\/wordpress\/wp-content\/uploads\/2020\/09\/Logo_Biodanza_redondo.png&#8221; title_text=&#8221;Logo_Biodanza_redondo&#8221; align=&#8221;center&#8221; _builder_version=&#8221;4.6.0&#8243; _module_preset=&#8221;default&#8221; global_colors_info=&#8221;{}&#8221;][\/et_pb_image][et_pb_menu menu_id=&#8221;12&#8243; menu_style=&#8221;centered&#8221; dropdown_menu_bg_color=&#8221;#ffffff&#8221; _builder_version=&#8221;4.12.1&#8243; _module_preset=&#8221;default&#8221; background_color=&#8221;rgba(0,0,0,0)&#8221; global_colors_info=&#8221;{}&#8221;][\/et_pb_menu][et_pb_social_media_follow _builder_version=&#8221;4.12.1&#8243; _module_preset=&#8221;default&#8221; text_orientation=&#8221;center&#8221; hover_enabled=&#8221;0&#8243; global_colors_info=&#8221;{}&#8221; sticky_enabled=&#8221;0&#8243;][et_pb_social_media_follow_network social_network=&#8221;instagram&#8221; url=&#8221;https:\/\/www.instagram.com\/biodanzamariagraciaysandra\/&#8221; _builder_version=&#8221;4.12.1&#8243; _module_preset=&#8221;default&#8221; background_color=&#8221;#ea2c59&#8243; hover_enabled=&#8221;0&#8243; global_colors_info=&#8221;{}&#8221; follow_button=&#8221;off&#8221; url_new_window=&#8221;on&#8221; sticky_enabled=&#8221;0&#8243;]instagram[\/et_pb_social_media_follow_network][et_pb_social_media_follow_network social_network=&#8221;facebook&#8221; url=&#8221;https:\/\/www.facebook.com\/mariagraciabiodanzamexico\/&#8221; _builder_version=&#8221;4.6.0&#8243; _module_preset=&#8221;default&#8221; background_color=&#8221;#3b5998&#8243; global_colors_info=&#8221;{}&#8221; follow_button=&#8221;off&#8221; url_new_window=&#8221;on&#8221;]facebook[\/et_pb_social_media_follow_network][\/et_pb_social_media_follow][\/et_pb_column][\/et_pb_row][et_pb_row column_structure=&#8221;3_4,1_4&#8243; _builder_version=&#8221;4.6.0&#8243; _module_preset=&#8221;default&#8221; width=&#8221;100%&#8221; global_colors_info=&#8221;{}&#8221;][et_pb_column type=&#8221;3_4&#8243; _builder_version=&#8221;4.6.0&#8243; _module_preset=&#8221;default&#8221; global_colors_info=&#8221;{}&#8221;][et_pb_text content_last_edited=&#8221;off|desktop&#8221; _builder_version=&#8221;4.12.1&#8243; _module_preset=&#8221;default&#8221; text_font=&#8221;Lobster Two||||||||&#8221; text_text_color=&#8221;#3A5795&#8243; text_font_size=&#8221;22px&#8221; header_font=&#8221;Lato||||||||&#8221; header_font_size=&#8221;20px&#8221; background_color=&#8221;#ffffff&#8221; text_orientation=&#8221;justified&#8221; custom_padding=&#8221;40px|40px|40px|40px|false|false&#8221; global_colors_info=&#8221;{}&#8221;]<\/p>\n<h1 class=\"uk-article-title\" style=\"text-align: center;\"><span style=\"color: #3a5795; font-size: 26px;\"><strong>SUS 5 POTENCIALES GEN\u00c9TICOS<\/strong><\/span><\/h1>\n<p>&nbsp;<\/p>\n<p>El sistema Biodanza tiene la capacidad para despertar o estimular 5 potenciales que Rolando Toro asume como potenciales gen\u00e9ticos y que han quedado oprimidos, asfixiados y\/o aplastados por una cultura anti vida dentro de una civilizaci\u00f3n enferma. Estos potenciales son los siguientes:<\/p>\n<h1><\/h1>\n<h1 class=\"uk-article-title\" style=\"text-align: center;\"><span style=\"color: #3a5795;\"><\/span><\/h1>\n<h1 class=\"uk-article-title\" style=\"text-align: center;\"><span style=\"color: #3a5795;\">VITALIDAD<\/span><\/h1>\n<p>&nbsp;<\/p>\n<p>Se refiere a nuestro nivel de energ\u00eda vital que nos lleva a acometer con ganas y voluntad cada d\u00eda. El deseo genuino de levantarnos y salir al desarrollo de nuestros proyectos con energ\u00eda, con \u00edmpetu vital . Nos conecta con la alegr\u00eda de estar VIVOS. La vitalidad tambi\u00e9n nos lleva a despertar el mecanismo biol\u00f3gico de la autorregulaci\u00f3n, de manera que se pueda pasar de la actividad al reposo y viceversa, encontrando espacios org\u00e1nicos de restauraci\u00f3n de la energ\u00eda vital con frecuencia. Se renuncia de forma espont\u00e1nea a la necesidad mec\u00e1nica y adictiva de trabajar, malentendiendo la vitalidad como jornadas interminables de trabajo que no generan m\u00e1s que una autoexplotaci\u00f3n inconsciente..<\/p>\n<h1><\/h1>\n<h1 class=\"uk-article-title\" style=\"text-align: center;\"><span style=\"color: #3a5795;\">SEXUALIDAD<\/span><\/h1>\n<p>&nbsp;<\/p>\n<p>Este potencial se refiere al despertar de la capacidad natural de conectar con el gozo y el placer simplemente de estar VIVOS, a trav\u00e9s del puente que representan los 5 sentidos con el mundo externo. Despertar la conciencia de los peque\u00f1os placeres de la vida, tales como el placer de comer, de ba\u00f1arnos, de dormir con placidez, de contemplar, de escuchar, de acariciar y ser acariciados. Este potencial trasciende la genitalidad y entiende la sexualidad como todo aquello que nos hace vibrar y reconocer que estamos vivos a trav\u00e9s de nuestros sentidos. Nos ayuda a redescubrir nuestras preferencias, aquello que nos gusta y que queremos, d\u00e1ndole con ello un mayor sentido a nuestra experiencia de vida presente.<\/p>\n<h1><\/h1>\n<h1 class=\"uk-article-title\" style=\"text-align: center;\"><span style=\"color: #3a5795;\"> CREATIVIDAD<\/span><\/h1>\n<p>&nbsp;<\/p>\n<p>Este potencial alude a la capacidad que tenemos de innovar, de salir de patrones mec\u00e1nicos y estereotipados establecidos por la sociedad. La creatividad como potencial gen\u00e9tico, nos lleva a lograr la libertad de atrevernos a expresar qui\u00e9nes somos. Despertar la expresi\u00f3n de nosotros mismos, como el mayor acto creativo. Explorar nuestras posibilidades y ampliar nuestros l\u00edmites. Es una creatividad de car\u00e1cter existencial, a trav\u00e9s de la cu\u00e1l podemos redefinir nuestra vocaci\u00f3n y hacer de nuestra propia vida, una obra de arte.<\/p>\n<h1><\/h1>\n<h1 class=\"uk-article-title\" style=\"text-align: center;\"><span style=\"color: #3a5795;\"> AFECTIVIDAD<\/span><\/h1>\n<p>&nbsp;<\/p>\n<p>Este potencial representa el potencial medular que estimula el sistema Biodanza, al ser un sistema de reeducaci\u00f3n afectiva. Ante una sociedad cuya afectividad est\u00e1 enferma al punto de encontrarnos con un analbabetismo afectivo en tantos espacios de las instituciones y las familias, el sistema Biodanza centra su labor pedag\u00f3gica y terap\u00e9utica en el restablecimiento de v\u00ednculos afectivos sanos. Primeramente con nosotros mismos. Luego restaurando tambi\u00e9n el v\u00ednculo con otros seres humanos de nuestro c\u00edrculo m\u00e1s \u00edntimo y extendido; y finalmente abri\u00e9ndonos a la posibilidad de vincularnos con todo lo viviente desde una percepci\u00f3n de lo sagrado hacia nosotros, hacia los otros y hacia el Todo. La reeducaci\u00f3n afectiva que se despliega a trav\u00e9s del trabajo progresivo que semana a semana se va logrando con el sistema Biodanza, nos permite la vivencia de una nueva vida, con sentido y plenitud.<\/p>\n<h1><\/h1>\n<h1 class=\"uk-article-title\" style=\"text-align: center;\"><span style=\"color: #3a5795;\"> TRASCENDENCIA<\/span><\/h1>\n<p>&nbsp;<\/p>\n<p>Este es el potencial m\u00e1s complejo y din\u00e1mico que despierta el sistema Biodanza, pues estimula la expansi\u00f3n de nuestra conciencia \u00e9tica. Promueve la disoluci\u00f3n progresiva de nuestro ego y de la extrema defensa del yo, para ampliar los horizontes de nuestra consciencia. Al trascender progresivamente los l\u00edmites de nuestro ego, nos reconocernos parte de todo lo viviente con profunda sacralidad. El amor deja de ser un sentimiento ocasional y se transforma en un estado de consciencia que despierta una \u00e9tica humana afectiva muy sensible. La Trascendencia como potencial, nos ayuda a encontrar nuestro lugar en este mundo.<\/p>\n<h1><\/h1>\n<p>[\/et_pb_text][\/et_pb_column][et_pb_column type=&#8221;1_4&#8243; _builder_version=&#8221;4.6.0&#8243; _module_preset=&#8221;default&#8221; global_colors_info=&#8221;{}&#8221;][et_pb_image src=&#8221;https:\/\/movimientobiodanza.com\/wordpress\/wp-content\/uploads\/2020\/10\/potenciales1.jpg&#8221; title_text=&#8221;potenciales1&#8243; _builder_version=&#8221;4.6.0&#8243; _module_preset=&#8221;default&#8221; background_color=&#8221;#ffffff&#8221; custom_padding=&#8221;20px|20px|20px|20px|false|false&#8221; animation_style=&#8221;zoom&#8221; global_colors_info=&#8221;{}&#8221;][\/et_pb_image][et_pb_image src=&#8221;https:\/\/movimientobiodanza.com\/wordpress\/wp-content\/uploads\/2020\/10\/potenciales4.jpg&#8221; title_text=&#8221;potenciales4&#8243; _builder_version=&#8221;4.6.0&#8243; _module_preset=&#8221;default&#8221; background_color=&#8221;#ffffff&#8221; custom_padding=&#8221;20px|20px|20px|20px|false|false&#8221; animation_style=&#8221;zoom&#8221; global_colors_info=&#8221;{}&#8221;][\/et_pb_image][et_pb_image src=&#8221;https:\/\/movimientobiodanza.com\/wordpress\/wp-content\/uploads\/2022\/09\/4.-min-scaled.jpg&#8221; title_text=&#8221;4.-min&#8221; _builder_version=&#8221;4.12.1&#8243; _module_preset=&#8221;default&#8221; background_color=&#8221;#ffffff&#8221; min_height=&#8221;228.4px&#8221; custom_padding=&#8221;20px|20px|20px|20px|false|false&#8221; animation_style=&#8221;zoom&#8221; global_colors_info=&#8221;{}&#8221;][\/et_pb_image][et_pb_image src=&#8221;https:\/\/movimientobiodanza.com\/wordpress\/wp-content\/uploads\/2022\/09\/5.-min-scaled.jpg&#8221; title_text=&#8221;5.-min&#8221; _builder_version=&#8221;4.12.1&#8243; _module_preset=&#8221;default&#8221; background_color=&#8221;#ffffff&#8221; min_height=&#8221;228.4px&#8221; custom_padding=&#8221;20px|20px|20px|20px|false|false&#8221; animation_style=&#8221;zoom&#8221; global_colors_info=&#8221;{}&#8221;][\/et_pb_image][et_pb_image src=&#8221;https:\/\/movimientobiodanza.com\/wordpress\/wp-content\/uploads\/2022\/09\/6.-min-scaled.jpg&#8221; title_text=&#8221;6.-min&#8221; _builder_version=&#8221;4.12.1&#8243; _module_preset=&#8221;default&#8221; background_color=&#8221;#ffffff&#8221; min_height=&#8221;228.4px&#8221; custom_padding=&#8221;20px|20px|20px|20px|false|false&#8221; animation_style=&#8221;zoom&#8221; global_colors_info=&#8221;{}&#8221;][\/et_pb_image][\/et_pb_column][\/et_pb_row][et_pb_row column_structure=&#8221;1_3,1_3,1_3&#8243; _builder_version=&#8221;4.6.0&#8243; _module_preset=&#8221;default&#8221; global_module=&#8221;3280&#8243; saved_tabs=&#8221;all&#8221; global_colors_info=&#8221;{}&#8221;][et_pb_column type=&#8221;1_3&#8243; _builder_version=&#8221;4.6.0&#8243; _module_preset=&#8221;default&#8221; global_colors_info=&#8221;{}&#8221;][et_pb_image src=&#8221;https:\/\/movimientobiodanza.com\/wordpress\/wp-content\/uploads\/2020\/10\/potenciales2.jpg&#8221; title_text=&#8221;potenciales2&#8243; _builder_version=&#8221;4.6.0&#8243; _module_preset=&#8221;default&#8221; background_color=&#8221;#ffffff&#8221; custom_padding=&#8221;20px|20px|20px|20px|false|false&#8221; animation_style=&#8221;zoom&#8221; global_colors_info=&#8221;{}&#8221;][\/et_pb_image][\/et_pb_column][et_pb_column type=&#8221;1_3&#8243; _builder_version=&#8221;4.6.0&#8243; _module_preset=&#8221;default&#8221; global_colors_info=&#8221;{}&#8221;][et_pb_image src=&#8221;https:\/\/movimientobiodanza.com\/wordpress\/wp-content\/uploads\/2020\/10\/potenciales3.jpg&#8221; title_text=&#8221;potenciales3&#8243; _builder_version=&#8221;4.6.0&#8243; _module_preset=&#8221;default&#8221; background_color=&#8221;#ffffff&#8221; custom_padding=&#8221;20px|20px|20px|20px|false|false&#8221; animation_style=&#8221;zoom&#8221; global_colors_info=&#8221;{}&#8221;][\/et_pb_image][\/et_pb_column][et_pb_column type=&#8221;1_3&#8243; _builder_version=&#8221;4.6.0&#8243; _module_preset=&#8221;default&#8221; global_colors_info=&#8221;{}&#8221;][et_pb_image src=&#8221;https:\/\/movimientobiodanza.com\/wordpress\/wp-content\/uploads\/2020\/10\/potenciales6.jpg&#8221; title_text=&#8221;potenciales6&#8243; _builder_version=&#8221;4.6.0&#8243; _module_preset=&#8221;default&#8221; background_color=&#8221;#ffffff&#8221; custom_padding=&#8221;20px|20px|20px|20px|false|false&#8221; animation_style=&#8221;zoom&#8221; global_colors_info=&#8221;{}&#8221;][\/et_pb_image][\/et_pb_column][\/et_pb_row][\/et_pb_section][et_pb_section fb_built=&#8221;1&#8243; _builder_version=&#8221;4.6.0&#8243; _module_preset=&#8221;default&#8221; background_color=&#8221;#626a72&#8243; global_colors_info=&#8221;{}&#8221;][et_pb_row _builder_version=&#8221;4.6.0&#8243; _module_preset=&#8221;default&#8221; global_colors_info=&#8221;{}&#8221;][et_pb_column type=&#8221;4_4&#8243; _builder_version=&#8221;4.6.0&#8243; _module_preset=&#8221;default&#8221; global_colors_info=&#8221;{}&#8221;][et_pb_button button_url=&#8221;@ET-DC@eyJkeW5hbWljIjp0cnVlLCJjb250ZW50IjoicG9zdF9saW5rX3VybF9wYWdlIiwic2V0dGluZ3MiOnsicG9zdF9pZCI6IjE0MDIifX0=@&#8221; url_new_window=&#8221;on&#8221; button_text=&#8221;Haz click aqu\u00ed para musicalizar tu visita.&#8221; button_alignment=&#8221;center&#8221; _builder_version=&#8221;4.6.0&#8243; _dynamic_attributes=&#8221;button_url&#8221; _module_preset=&#8221;default&#8221; custom_button=&#8221;on&#8221; button_text_color=&#8221;#ffffff&#8221; button_bg_color=&#8221;#3A5795&#8243; button_border_width=&#8221;0px&#8221; button_border_radius=&#8221;21px&#8221; button_font=&#8221;Lato||||||||&#8221; button_icon=&#8221;%%40%%&#8221; button_on_hover=&#8221;off&#8221; custom_margin=&#8221;||||false|false&#8221; custom_padding=&#8221;|50px|||false|false&#8221; animation_style=&#8221;zoom&#8221; global_colors_info=&#8221;{}&#8221;][\/et_pb_button][et_pb_text _builder_version=&#8221;4.12.1&#8243; _module_preset=&#8221;default&#8221; text_text_color=&#8221;#ffffff&#8221; global_colors_info=&#8221;{}&#8221;]<\/p>\n<p style=\"text-align: center;\">Movimiento Biodanza &#8211; Copyright \u00a9 2022 Asesores Ing. Jorge Silva Alvarez<\/p>\n<p>[\/et_pb_text][\/et_pb_column][\/et_pb_row][\/et_pb_section]<\/p>\n","protected":false},"excerpt":{"rendered":"<p>instagramfacebookSUS 5 POTENCIALES GEN\u00c9TICOS &nbsp; El sistema Biodanza tiene la capacidad para despertar o estimular 5 potenciales que Rolando Toro asume como potenciales gen\u00e9ticos y que han quedado oprimidos, asfixiados y\/o aplastados por una cultura anti vida dentro de una civilizaci\u00f3n enferma. Estos potenciales son los siguientes: VITALIDAD &nbsp; Se refiere a nuestro nivel de [&hellip;]<\/p>\n","protected":false},"author":1,"featured_media":0,"parent":0,"menu_order":0,"comment_status":"closed","ping_status":"closed","template":"","meta":{"_et_pb_use_builder":"on","_et_pb_old_content":"","_et_gb_content_width":""},"_links":{"self":[{"href":"https:\/\/movimientobiodanza.com\/wordpress\/wp-json\/wp\/v2\/pages\/986"}],"collection":[{"href":"https:\/\/movimientobiodanza.com\/wordpress\/wp-json\/wp\/v2\/pages"}],"about":[{"href":"https:\/\/movimientobiodanza.com\/wordpress\/wp-json\/wp\/v2\/types\/page"}],"author":[{"embeddable":true,"href":"https:\/\/movimientobiodanza.com\/wordpress\/wp-json\/wp\/v2\/users\/1"}],"replies":[{"embeddable":true,"href":"https:\/\/movimientobiodanza.com\/wordpress\/wp-json\/wp\/v2\/comments?post=986"}],"version-history":[{"count":14,"href":"https:\/\/movimientobiodanza.com\/wordpress\/wp-json\/wp\/v2\/pages\/986\/revisions"}],"predecessor-version":[{"id":3953,"href":"https:\/\/movimientobiodanza.com\/wordpress\/wp-json\/wp\/v2\/pages\/986\/revisions\/3953"}],"wp:attachment":[{"href":"https:\/\/movimientobiodanza.com\/wordpress\/wp-json\/wp\/v2\/media?parent=986"}],"curies":[{"name":"wp","href":"https:\/\/api.w.org\/{rel}","templated":true}]}}